{"id":777109,"date":"2025-10-10T11:48:55","date_gmt":"2025-10-10T08:48:55","guid":{"rendered":"https:\/\/roveyayinevi.com.tr\/index.php\/urun\/dual-jaze-ciltli\/"},"modified":"2026-04-12T03:31:20","modified_gmt":"2026-04-12T00:31:20","slug":"dual-jaze-ciltli","status":"publish","type":"product","link":"https:\/\/roveyayinevi.com.tr\/index.php\/urun\/dual-jaze-ciltli\/","title":{"rendered":"Dual &#8211; Jaze (Ciltli)"},"content":{"rendered":"<p>Hik\u00e2ye, yazarl\u0131k kamp\u0131na giden, Alin Al\u00e7in ve Nart karakterleri aras\u0131nda ge\u00e7mektedir. \u0130kili ilk \u00f6nce ortak noktalar\u0131n\u0131n \u201c\u00c7erkeslik\u201d oldu\u011funu ke\u015ffeder. Ard\u0131ndan ani kayna\u015fmalar\u0131 beraber icra edecekleri \u201cilk\u201d \u015feyin sinyallerini vermi\u015ftir.Ate\u015f olmad\u0131\u011f\u0131 yerden duman \u00e7\u0131kmad\u0131\u011f\u0131 gibi bir yang\u0131na d\u00f6n\u00fc\u015fm\u00fc\u015ft\u00fcr, birbirleri i\u00e7in yan\u0131p tutu\u015fan iki ruhun k\u00fcllerinden do\u011fan a\u015fk\u0131&#8230;Bu a\u015fk\u0131n meyvesi ise sanatt\u0131r. Nart\u2019\u0131n zek\u00e2s\u0131yla Alin\u2019in yarat\u0131c\u0131l\u0131\u011f\u0131n\u0131 harmanlay\u0131p ortaya \u00e7\u0131kard\u0131klar\u0131 sanatta \u201c\u00c7ok Satanlar\u201d raf\u0131na girmeye hedeflerler.Hik\u00e2ye i\u00e7inde, hik\u00e2ye bar\u0131nd\u0131ran bir kitap, DUAL.E\u011fer g\u00f6zlerime on saniyeden fazla bakarsan <\/p>\n","protected":false},"excerpt":{"rendered":"<p>Hik\u00e2ye, yazarl\u0131k kamp\u0131na giden, Alin Al\u00e7in ve Nart karakterleri aras\u0131nda ge\u00e7mektedir. \u0130kili ilk \u00f6nce ortak noktalar\u0131n\u0131n \u201c\u00c7erkeslik\u201d oldu\u011funu ke\u015ffeder. Ard\u0131ndan ani kayna\u015fmalar\u0131 beraber icra edecekleri \u201cilk\u201d<span class=\"excerpt-hellip\"> [\u2026]<\/span><\/p>\n","protected":false},"featured_media":0,"template":"","meta":{"_monsterinsights_skip_tracking":false,"_monsterinsights_sitenote_active":false,"_monsterinsights_sitenote_note":"","_monsterinsights_sitenote_category":0},"product_brand":[],"product_cat":[12291,12711],"product_tag":[],"class_list":{"0":"post-777109","1":"product","2":"type-product","3":"status-publish","5":"product_cat-edebiyat","6":"product_cat-roman-oyku","7":"pa_cilt-ciltli","8":"pa_tur-kitap","9":"pa_yayinevi-lapis-kitap","10":"pa_yazar-misra-mutlu","12":"first","13":"instock","14":"sale","15":"shipping-taxable","16":"purchasable","17":"product-type-simple"},"_links":{"self":[{"href":"https:\/\/roveyayinevi.com.tr\/index.php\/wp-json\/wp\/v2\/product\/777109","targetHints":{"allow":["GET"]}}],"collection":[{"href":"https:\/\/roveyayinevi.com.tr\/index.php\/wp-json\/wp\/v2\/product"}],"about":[{"href":"https:\/\/roveyayinevi.com.tr\/index.php\/wp-json\/wp\/v2\/types\/product"}],"wp:attachment":[{"href":"https:\/\/roveyayinevi.com.tr\/index.php\/wp-json\/wp\/v2\/media?parent=777109"}],"wp:term":[{"taxonomy":"product_brand","embeddable":true,"href":"https:\/\/roveyayinevi.com.tr\/index.php\/wp-json\/wp\/v2\/product_brand?post=777109"},{"taxonomy":"product_cat","embeddable":true,"href":"https:\/\/roveyayinevi.com.tr\/index.php\/wp-json\/wp\/v2\/product_cat?post=777109"},{"taxonomy":"product_tag","embeddable":true,"href":"https:\/\/roveyayinevi.com.tr\/index.php\/wp-json\/wp\/v2\/product_tag?post=777109"}],"curies":[{"name":"wp","href":"https:\/\/api.w.org\/{rel}","templated":true}]}}