{"id":777108,"date":"2025-10-10T09:36:52","date_gmt":"2025-10-10T06:36:52","guid":{"rendered":"https:\/\/roveyayinevi.com.tr\/index.php\/urun\/illustrasyon-fikirler-kitabi\/"},"modified":"2026-04-16T03:08:16","modified_gmt":"2026-04-16T00:08:16","slug":"illustrasyon-fikirler-kitabi","status":"publish","type":"product","link":"https:\/\/roveyayinevi.com.tr\/index.php\/urun\/illustrasyon-fikirler-kitabi\/","title":{"rendered":"\u0130ll\u00fcstrasyon Fikirler Kitab\u0131"},"content":{"rendered":"<p>\u0130llu\u0308strasyon, \u00e7izim yapmaktan daha fazlas\u0131d\u0131r; fikirleri \u00e7er\u00e7eveleyen ve aktaran bir sanatt\u0131r. Bu kolay anla\u015f\u0131l\u0131r ve ilham verici rehber, iyi illu\u0308strasyonlar yapmak i\u00e7in gereken baz\u0131 temel unsurlar\u0131 a\u00e7\u0131kl\u0131yor. \u0130llu\u0308strasyon du\u0308nyas\u0131n\u0131n d\u00f6rt bir yan\u0131ndan ustalara ve \u00e7al\u0131\u015fmalar\u0131na yer veren kitap, yarat\u0131c\u0131l\u0131\u011f\u0131n\u0131z\u0131 ortaya \u00e7\u0131karman\u0131za ve her tu\u0308rlu\u0308 brief\u2019i \u00e7\u00f6zmenize yard\u0131mc\u0131 olacak 40 yeni yakla\u015f\u0131m sunuyor.<\/p>\n","protected":false},"excerpt":{"rendered":"<p>\u0130llu\u0308strasyon, \u00e7izim yapmaktan daha fazlas\u0131d\u0131r; fikirleri \u00e7er\u00e7eveleyen ve aktaran bir sanatt\u0131r. Bu kolay anla\u015f\u0131l\u0131r ve ilham verici rehber, iyi illu\u0308strasyonlar yapmak i\u00e7in gereken baz\u0131 temel unsurlar\u0131<span class=\"excerpt-hellip\"> [\u2026]<\/span><\/p>\n","protected":false},"featured_media":0,"template":"","meta":{"_monsterinsights_skip_tracking":false,"_monsterinsights_sitenote_active":false,"_monsterinsights_sitenote_note":"","_monsterinsights_sitenote_category":0},"product_brand":[],"product_cat":[12408],"product_tag":[],"class_list":{"0":"post-777108","1":"product","2":"type-product","3":"status-publish","5":"product_cat-sanat","6":"pa_cilt-ciltsiz","7":"pa_tur-kitap","8":"pa_yayinevi-ketebe-yayinlari","9":"pa_yazar-steven-heller-gail-anderson","11":"first","12":"instock","13":"sale","14":"shipping-taxable","15":"purchasable","16":"product-type-simple"},"_links":{"self":[{"href":"https:\/\/roveyayinevi.com.tr\/index.php\/wp-json\/wp\/v2\/product\/777108","targetHints":{"allow":["GET"]}}],"collection":[{"href":"https:\/\/roveyayinevi.com.tr\/index.php\/wp-json\/wp\/v2\/product"}],"about":[{"href":"https:\/\/roveyayinevi.com.tr\/index.php\/wp-json\/wp\/v2\/types\/product"}],"wp:attachment":[{"href":"https:\/\/roveyayinevi.com.tr\/index.php\/wp-json\/wp\/v2\/media?parent=777108"}],"wp:term":[{"taxonomy":"product_brand","embeddable":true,"href":"https:\/\/roveyayinevi.com.tr\/index.php\/wp-json\/wp\/v2\/product_brand?post=777108"},{"taxonomy":"product_cat","embeddable":true,"href":"https:\/\/roveyayinevi.com.tr\/index.php\/wp-json\/wp\/v2\/product_cat?post=777108"},{"taxonomy":"product_tag","embeddable":true,"href":"https:\/\/roveyayinevi.com.tr\/index.php\/wp-json\/wp\/v2\/product_tag?post=777108"}],"curies":[{"name":"wp","href":"https:\/\/api.w.org\/{rel}","templated":true}]}}