{"id":777107,"date":"2025-10-10T09:15:18","date_gmt":"2025-10-10T06:15:18","guid":{"rendered":"https:\/\/roveyayinevi.com.tr\/index.php\/urun\/dedemin-sirlarla-dolu-sapkasi-ciltli\/"},"modified":"2026-04-16T03:05:31","modified_gmt":"2026-04-16T00:05:31","slug":"dedemin-sirlarla-dolu-sapkasi-ciltli","status":"publish","type":"product","link":"https:\/\/roveyayinevi.com.tr\/index.php\/urun\/dedemin-sirlarla-dolu-sapkasi-ciltli\/","title":{"rendered":"Dedemin S\u0131rlarla Dolu \u015eapkas\u0131 (Ciltli)"},"content":{"rendered":"<p>Emir\u2019in bir s\u0131rr\u0131 var&#8230; Olduk\u00e7a bu\u0308yu\u0308k bir s\u0131r! Dedesi ona s\u0131rr\u0131n\u0131 bir \u015fapkan\u0131n i\u00e7ine saklamas\u0131n\u0131 \u00f6neriyor. Ancak Emir\u2019in bu s\u0131rr\u0131 saklayacak bir \u015fapkas\u0131 yok. Neyse ki dedesinin ona verebilece\u011fi bir \u015fapkas\u0131 var. Fakat Emir \u015fapkay\u0131 takar takmaz \u015fapkan\u0131n dedesinin s\u0131rlar\u0131yla dolu oldu\u011funu fark ediyor! Hat\u0131ralar\u0131n ve hayal gu\u0308cu\u0308nu\u0308n bu\u0308yu\u0308su\u0308nu\u0308 ta\u015f\u0131yan bir hik\u00e2ye. <\/p>\n","protected":false},"excerpt":{"rendered":"<p>Emir\u2019in bir s\u0131rr\u0131 var&#8230; Olduk\u00e7a bu\u0308yu\u0308k bir s\u0131r! Dedesi ona s\u0131rr\u0131n\u0131 bir \u015fapkan\u0131n i\u00e7ine saklamas\u0131n\u0131 \u00f6neriyor. Ancak Emir\u2019in bu s\u0131rr\u0131 saklayacak bir \u015fapkas\u0131 yok. Neyse ki<span class=\"excerpt-hellip\"> [\u2026]<\/span><\/p>\n","protected":false},"featured_media":0,"template":"","meta":{"_monsterinsights_skip_tracking":false,"_monsterinsights_sitenote_active":false,"_monsterinsights_sitenote_note":"","_monsterinsights_sitenote_category":0},"product_brand":[],"product_cat":[12274,12284],"product_tag":[],"class_list":{"0":"post-777107","1":"product","2":"type-product","3":"status-publish","5":"product_cat-cocuk-ve-genclik-kitaplari","6":"product_cat-hikayeler","7":"pa_cilt-ciltli","8":"pa_tur-kitap","9":"pa_yayinevi-ketebe-yayinlari","10":"pa_yazar-karl-newson","12":"first","13":"instock","14":"sale","15":"shipping-taxable","16":"purchasable","17":"product-type-simple"},"_links":{"self":[{"href":"https:\/\/roveyayinevi.com.tr\/index.php\/wp-json\/wp\/v2\/product\/777107","targetHints":{"allow":["GET"]}}],"collection":[{"href":"https:\/\/roveyayinevi.com.tr\/index.php\/wp-json\/wp\/v2\/product"}],"about":[{"href":"https:\/\/roveyayinevi.com.tr\/index.php\/wp-json\/wp\/v2\/types\/product"}],"wp:attachment":[{"href":"https:\/\/roveyayinevi.com.tr\/index.php\/wp-json\/wp\/v2\/media?parent=777107"}],"wp:term":[{"taxonomy":"product_brand","embeddable":true,"href":"https:\/\/roveyayinevi.com.tr\/index.php\/wp-json\/wp\/v2\/product_brand?post=777107"},{"taxonomy":"product_cat","embeddable":true,"href":"https:\/\/roveyayinevi.com.tr\/index.php\/wp-json\/wp\/v2\/product_cat?post=777107"},{"taxonomy":"product_tag","embeddable":true,"href":"https:\/\/roveyayinevi.com.tr\/index.php\/wp-json\/wp\/v2\/product_tag?post=777107"}],"curies":[{"name":"wp","href":"https:\/\/api.w.org\/{rel}","templated":true}]}}