{"id":777106,"date":"2025-10-10T09:05:57","date_gmt":"2025-10-10T06:05:57","guid":{"rendered":"https:\/\/roveyayinevi.com.tr\/index.php\/urun\/aziz-sancar-nobele-giden-yol-ilham-kutusu\/"},"modified":"2026-04-16T03:04:01","modified_gmt":"2026-04-16T00:04:01","slug":"aziz-sancar-nobele-giden-yol-ilham-kutusu","status":"publish","type":"product","link":"https:\/\/roveyayinevi.com.tr\/index.php\/urun\/aziz-sancar-nobele-giden-yol-ilham-kutusu\/","title":{"rendered":"Aziz Sancar: Nobel&#8217;e Giden Yol &#8211; \u0130lham Kutusu"},"content":{"rendered":"<p>Ku\u0308\u00e7u\u0308cu\u0308k bir ilham kutusu, ilham kayna\u011f\u0131 dahiler, bilim insanlar\u0131 ve sanat\u00e7\u0131lar&#8230; Ezgi\u2019nin a\u011fabeyi Kaan, giderken Ezgi\u2019ye bir ilham kutusu b\u0131rak\u0131r. Fakat kutunun a\u00e7\u0131lmas\u0131 Ezgi\u2019nin sorulara verece\u011fi cevaplara ba\u011fl\u0131d\u0131r. Sen de haz\u0131r m\u0131s\u0131n ilham kutusunu a\u00e7maya? Kimlerle kar\u015f\u0131la\u015faca\u011f\u0131n\u0131 merak ediyor musun? O zaman kitab\u0131n kapa\u011f\u0131n\u0131 a\u00e7 ve ilham kutusuyla tan\u0131\u015f!<\/p>\n","protected":false},"excerpt":{"rendered":"<p>Ku\u0308\u00e7u\u0308cu\u0308k bir ilham kutusu, ilham kayna\u011f\u0131 dahiler, bilim insanlar\u0131 ve sanat\u00e7\u0131lar&#8230; Ezgi\u2019nin a\u011fabeyi Kaan, giderken Ezgi\u2019ye bir ilham kutusu b\u0131rak\u0131r. Fakat kutunun a\u00e7\u0131lmas\u0131 Ezgi\u2019nin sorulara verece\u011fi<span class=\"excerpt-hellip\"> [\u2026]<\/span><\/p>\n","protected":false},"featured_media":0,"template":"","meta":{"_monsterinsights_skip_tracking":false,"_monsterinsights_sitenote_active":false,"_monsterinsights_sitenote_note":"","_monsterinsights_sitenote_category":0},"product_brand":[],"product_cat":[12274,12284],"product_tag":[],"class_list":{"0":"post-777106","1":"product","2":"type-product","3":"status-publish","5":"product_cat-cocuk-ve-genclik-kitaplari","6":"product_cat-hikayeler","7":"pa_cilt-ciltsiz","8":"pa_tur-kitap","9":"pa_yayinevi-ketebe-yayinlari","10":"pa_yazar-beliz-yuksel","12":"first","13":"instock","14":"sale","15":"shipping-taxable","16":"purchasable","17":"product-type-simple"},"_links":{"self":[{"href":"https:\/\/roveyayinevi.com.tr\/index.php\/wp-json\/wp\/v2\/product\/777106","targetHints":{"allow":["GET"]}}],"collection":[{"href":"https:\/\/roveyayinevi.com.tr\/index.php\/wp-json\/wp\/v2\/product"}],"about":[{"href":"https:\/\/roveyayinevi.com.tr\/index.php\/wp-json\/wp\/v2\/types\/product"}],"wp:attachment":[{"href":"https:\/\/roveyayinevi.com.tr\/index.php\/wp-json\/wp\/v2\/media?parent=777106"}],"wp:term":[{"taxonomy":"product_brand","embeddable":true,"href":"https:\/\/roveyayinevi.com.tr\/index.php\/wp-json\/wp\/v2\/product_brand?post=777106"},{"taxonomy":"product_cat","embeddable":true,"href":"https:\/\/roveyayinevi.com.tr\/index.php\/wp-json\/wp\/v2\/product_cat?post=777106"},{"taxonomy":"product_tag","embeddable":true,"href":"https:\/\/roveyayinevi.com.tr\/index.php\/wp-json\/wp\/v2\/product_tag?post=777106"}],"curies":[{"name":"wp","href":"https:\/\/api.w.org\/{rel}","templated":true}]}}