{"id":777105,"date":"2025-10-10T05:32:14","date_gmt":"2025-10-10T02:32:14","guid":{"rendered":"https:\/\/roveyayinevi.com.tr\/index.php\/urun\/80-gunde-devri-alem-6\/"},"modified":"2026-04-16T02:28:41","modified_gmt":"2026-04-15T23:28:41","slug":"80-gunde-devri-alem-6","status":"publish","type":"product","link":"https:\/\/roveyayinevi.com.tr\/index.php\/urun\/80-gunde-devri-alem-6\/","title":{"rendered":"80 G\u00fcnde Devri Alem"},"content":{"rendered":"<p>Sivri dili ve ilgin\u00e7 karakteriyle tan\u0131nan gizemli beyefendi Phileas Fogg ile zeki, \u00e7evik ve sad\u0131k u\u015fa\u011f\u0131 Passepartou. Bu benzersiz ikili, Londra\u2019dan yola \u00e7\u0131k\u0131p Avrupa\u2019y\u0131, Asya\u2019y\u0131, Uzakdo\u011fu\u2019yu ve Amerika\u2019y\u0131, k\u0131sacas\u0131 t\u00fcm d\u00fcnyay\u0131 bir u\u00e7tan bir uca dola\u015fmaya karar veriyorlar. Hem de seksen g\u00fcnde. Yolculuk s\u0131ras\u0131nda da inan\u0131lmaz olaylara tan\u0131kl\u0131k ediyor, birbirinden renkli ve ilgin\u00e7 insanlarla tan\u0131\u015f\u0131yorlar.T\u00fcm \u00e7ocuklar\u0131 Jules Verne\u2019in ve \u201c80 G\u00fcnde Devri Alem\u201din benzersiz d\u00fcnyas\u0131nda soluk kesen bir maceraya davet ediyoruz.<\/p>\n","protected":false},"excerpt":{"rendered":"<p>Sivri dili ve ilgin\u00e7 karakteriyle tan\u0131nan gizemli beyefendi Phileas Fogg ile zeki, \u00e7evik ve sad\u0131k u\u015fa\u011f\u0131 Passepartou. Bu benzersiz ikili, Londra\u2019dan yola \u00e7\u0131k\u0131p Avrupa\u2019y\u0131, Asya\u2019y\u0131, Uzakdo\u011fu\u2019yu<span class=\"excerpt-hellip\"> [\u2026]<\/span><\/p>\n","protected":false},"featured_media":0,"template":"","meta":{"_monsterinsights_skip_tracking":false,"_monsterinsights_sitenote_active":false,"_monsterinsights_sitenote_note":"","_monsterinsights_sitenote_category":0},"product_brand":[],"product_cat":[12274,12467],"product_tag":[],"class_list":{"0":"post-777105","1":"product","2":"type-product","3":"status-publish","5":"product_cat-cocuk-ve-genclik-kitaplari","6":"product_cat-dunya-klasikleri","7":"pa_cilt-ciltsiz","8":"pa_tur-kitap","9":"pa_yayinevi-turkuvaz-kitap","10":"pa_yazar-jules-verne","12":"first","13":"instock","14":"sale","15":"shipping-taxable","16":"purchasable","17":"product-type-simple"},"_links":{"self":[{"href":"https:\/\/roveyayinevi.com.tr\/index.php\/wp-json\/wp\/v2\/product\/777105","targetHints":{"allow":["GET"]}}],"collection":[{"href":"https:\/\/roveyayinevi.com.tr\/index.php\/wp-json\/wp\/v2\/product"}],"about":[{"href":"https:\/\/roveyayinevi.com.tr\/index.php\/wp-json\/wp\/v2\/types\/product"}],"wp:attachment":[{"href":"https:\/\/roveyayinevi.com.tr\/index.php\/wp-json\/wp\/v2\/media?parent=777105"}],"wp:term":[{"taxonomy":"product_brand","embeddable":true,"href":"https:\/\/roveyayinevi.com.tr\/index.php\/wp-json\/wp\/v2\/product_brand?post=777105"},{"taxonomy":"product_cat","embeddable":true,"href":"https:\/\/roveyayinevi.com.tr\/index.php\/wp-json\/wp\/v2\/product_cat?post=777105"},{"taxonomy":"product_tag","embeddable":true,"href":"https:\/\/roveyayinevi.com.tr\/index.php\/wp-json\/wp\/v2\/product_tag?post=777105"}],"curies":[{"name":"wp","href":"https:\/\/api.w.org\/{rel}","templated":true}]}}