{"id":777103,"date":"2025-10-10T03:06:58","date_gmt":"2025-10-10T00:06:58","guid":{"rendered":"https:\/\/roveyayinevi.com.tr\/index.php\/urun\/profesor-iyon-ile-fen-ofkeli-organlar-korosu\/"},"modified":"2026-04-16T02:08:54","modified_gmt":"2026-04-15T23:08:54","slug":"profesor-iyon-ile-fen-ofkeli-organlar-korosu","status":"publish","type":"product","link":"https:\/\/roveyayinevi.com.tr\/index.php\/urun\/profesor-iyon-ile-fen-ofkeli-organlar-korosu\/","title":{"rendered":"Profes\u00f6r \u0130yon \u0130le Fen : \u00d6fkeli Organlar Korosu"},"content":{"rendered":"<p>Arda sa\u011fl\u0131kl\u0131 yiyeceklerin yerine tuzlu cipsler, asitli i\u00e7ecekler, ya\u011fl\u0131 hamur i\u015fleri yemeyi tercih eden, sokakta oynamak yerine bilgisayar ba\u015f\u0131nda oyun oynayan bir \u00e7ocuktur. Bu durum hem derslerini hem de sa\u011fl\u0131\u011f\u0131n\u0131 etkilemektedir. Neyse ki \u00e7ocuklara yard\u0131m etmeyi g\u00f6rev edinmi\u015f Fen Gezegeni\u2019nin Ba\u015fkan\u0131 Profes\u00f6r \u0130yon vard\u0131r. Uzman\u0131 Tayf sayesinde Arda, organlar\u0131n\u0131n bu durumdan ne kadar zarar g\u00f6rd\u00fc\u011f\u00fcn\u00fc \u00f6\u011frenir ve korku dolu bir yolculuk ya\u015far! Okurlar bu keyifli ve \u00f6\u011fretici \u00f6yk\u00fclere bay\u0131lacaklar! <\/p>\n","protected":false},"excerpt":{"rendered":"<p>Arda sa\u011fl\u0131kl\u0131 yiyeceklerin yerine tuzlu cipsler, asitli i\u00e7ecekler, ya\u011fl\u0131 hamur i\u015fleri yemeyi tercih eden, sokakta oynamak yerine bilgisayar ba\u015f\u0131nda oyun oynayan bir \u00e7ocuktur. Bu durum hem<span class=\"excerpt-hellip\"> [\u2026]<\/span><\/p>\n","protected":false},"featured_media":0,"template":"","meta":{"_monsterinsights_skip_tracking":false,"_monsterinsights_sitenote_active":false,"_monsterinsights_sitenote_note":"","_monsterinsights_sitenote_category":0},"product_brand":[],"product_cat":[13829,12274],"product_tag":[],"class_list":{"0":"post-777103","1":"product","2":"type-product","3":"status-publish","5":"product_cat-bilimsel-kitaplar","6":"product_cat-cocuk-ve-genclik-kitaplari","7":"pa_cilt-ciltsiz","8":"pa_tur-kitap","9":"pa_yayinevi-timas-cocuk","10":"pa_yazar-birsen-ekim-ozen","12":"first","13":"instock","14":"sale","15":"shipping-taxable","16":"purchasable","17":"product-type-simple"},"_links":{"self":[{"href":"https:\/\/roveyayinevi.com.tr\/index.php\/wp-json\/wp\/v2\/product\/777103","targetHints":{"allow":["GET"]}}],"collection":[{"href":"https:\/\/roveyayinevi.com.tr\/index.php\/wp-json\/wp\/v2\/product"}],"about":[{"href":"https:\/\/roveyayinevi.com.tr\/index.php\/wp-json\/wp\/v2\/types\/product"}],"wp:attachment":[{"href":"https:\/\/roveyayinevi.com.tr\/index.php\/wp-json\/wp\/v2\/media?parent=777103"}],"wp:term":[{"taxonomy":"product_brand","embeddable":true,"href":"https:\/\/roveyayinevi.com.tr\/index.php\/wp-json\/wp\/v2\/product_brand?post=777103"},{"taxonomy":"product_cat","embeddable":true,"href":"https:\/\/roveyayinevi.com.tr\/index.php\/wp-json\/wp\/v2\/product_cat?post=777103"},{"taxonomy":"product_tag","embeddable":true,"href":"https:\/\/roveyayinevi.com.tr\/index.php\/wp-json\/wp\/v2\/product_tag?post=777103"}],"curies":[{"name":"wp","href":"https:\/\/api.w.org\/{rel}","templated":true}]}}