{"id":777091,"date":"2025-10-09T11:35:54","date_gmt":"2025-10-09T08:35:54","guid":{"rendered":"https:\/\/roveyayinevi.com.tr\/index.php\/urun\/medari-maiset-motoru-3\/"},"modified":"2026-04-15T03:43:12","modified_gmt":"2026-04-15T00:43:12","slug":"medari-maiset-motoru-3","status":"publish","type":"product","link":"https:\/\/roveyayinevi.com.tr\/index.php\/urun\/medari-maiset-motoru-3\/","title":{"rendered":"Medar\u0131 Mai\u015fet Motoru"},"content":{"rendered":"<p>\u0130nsanlar\u0131n oturdu\u011fu, tarlan\u0131n ye\u015ferdi\u011fi, \u00e7ocuklar\u0131n oynad\u0131\u011f\u0131 toprak, neden insano\u011fluna yabanc\u0131 olsun? Olmas\u0131n. Yaln\u0131z anam\u0131z\u0131n babam\u0131z\u0131n, sevgilimizin, arkada\u015f\u0131m\u0131z\u0131n zincirlerine ba\u011fl\u0131y\u0131z da ondan bir t\u00fcrl\u00fc kar\u0131\u015f\u0131k hislerden kurtulam\u0131yor, bir t\u00fcrl\u00fc rahat edemiyoruz.   Sait Faik Abas\u0131yan\u0131k\u2019\u0131n ilk roman\u0131 Medar\u0131 Mai\u015fet Motoru, 1940-1941 y\u0131llar\u0131nda Yeni Mecmua\u2019da tefrika olarak, 1944\u2019te Sait Faik\u2019in annesi Makbule Han\u0131m\u2019\u0131n maddi deste\u011fiyle Ahmet \u0130hsan Bas\u0131mevi taraf\u0131ndan kitap olarak yay\u0131mlanm\u0131\u015ft\u0131r. Da\u011f\u0131t\u0131ma \u00e7\u0131kar \u00e7\u0131kmaz Bakanlar Kurulu karar\u0131yla toplat\u0131lan roman, uzun y\u0131llar yeniden yay\u0131mlanmay\u0131 beklemi\u015ftir. Sait Faik Abas\u0131yan\u0131k, edebiyat\u0131m\u0131z\u0131n en \u00f6zg\u00fcn ve ayr\u0131ks\u0131 seslerinden\u2026<\/p>\n","protected":false},"excerpt":{"rendered":"<p>\u0130nsanlar\u0131n oturdu\u011fu, tarlan\u0131n ye\u015ferdi\u011fi, \u00e7ocuklar\u0131n oynad\u0131\u011f\u0131 toprak, neden insano\u011fluna yabanc\u0131 olsun? Olmas\u0131n. Yaln\u0131z anam\u0131z\u0131n babam\u0131z\u0131n, sevgilimizin, arkada\u015f\u0131m\u0131z\u0131n zincirlerine ba\u011fl\u0131y\u0131z da ondan bir t\u00fcrl\u00fc kar\u0131\u015f\u0131k hislerden kurtulam\u0131yor,<span class=\"excerpt-hellip\"> [\u2026]<\/span><\/p>\n","protected":false},"featured_media":0,"template":"","meta":{"_monsterinsights_skip_tracking":false,"_monsterinsights_sitenote_active":false,"_monsterinsights_sitenote_note":"","_monsterinsights_sitenote_category":0},"product_brand":[],"product_cat":[12291,12711],"product_tag":[],"class_list":{"0":"post-777091","1":"product","2":"type-product","3":"status-publish","5":"product_cat-edebiyat","6":"product_cat-roman-oyku","7":"pa_cilt-ciltsiz","8":"pa_tur-kitap","9":"pa_yayinevi-can-yayinlari","10":"pa_yazar-sait-faik-abasiyanik","12":"first","13":"instock","14":"sale","15":"shipping-taxable","16":"purchasable","17":"product-type-simple"},"_links":{"self":[{"href":"https:\/\/roveyayinevi.com.tr\/index.php\/wp-json\/wp\/v2\/product\/777091","targetHints":{"allow":["GET"]}}],"collection":[{"href":"https:\/\/roveyayinevi.com.tr\/index.php\/wp-json\/wp\/v2\/product"}],"about":[{"href":"https:\/\/roveyayinevi.com.tr\/index.php\/wp-json\/wp\/v2\/types\/product"}],"wp:attachment":[{"href":"https:\/\/roveyayinevi.com.tr\/index.php\/wp-json\/wp\/v2\/media?parent=777091"}],"wp:term":[{"taxonomy":"product_brand","embeddable":true,"href":"https:\/\/roveyayinevi.com.tr\/index.php\/wp-json\/wp\/v2\/product_brand?post=777091"},{"taxonomy":"product_cat","embeddable":true,"href":"https:\/\/roveyayinevi.com.tr\/index.php\/wp-json\/wp\/v2\/product_cat?post=777091"},{"taxonomy":"product_tag","embeddable":true,"href":"https:\/\/roveyayinevi.com.tr\/index.php\/wp-json\/wp\/v2\/product_tag?post=777091"}],"curies":[{"name":"wp","href":"https:\/\/api.w.org\/{rel}","templated":true}]}}