{"id":777090,"date":"2025-10-09T11:35:52","date_gmt":"2025-10-09T08:35:52","guid":{"rendered":"https:\/\/roveyayinevi.com.tr\/index.php\/urun\/kutup-yildizi-6-son-liman\/"},"modified":"2026-04-15T03:43:12","modified_gmt":"2026-04-15T00:43:12","slug":"kutup-yildizi-6-son-liman","status":"publish","type":"product","link":"https:\/\/roveyayinevi.com.tr\/index.php\/urun\/kutup-yildizi-6-son-liman\/","title":{"rendered":"Kutup Y\u0131ld\u0131z\u0131 6: Son Liman"},"content":{"rendered":"<p>H\u0130K\u00c2YEN\u0130N BA\u015eINDA NE DEM\u0130\u015eT\u0130K?Fedak\u00e2rl\u0131k d\u00f6rt hecelik basit bir kelime olsa da asl\u0131nda onun hayat\u0131nda bir d\u00f6n\u00fcm noktas\u0131yd\u0131. Nisa\u2026 Bu kez hayat\u0131n\u0131n en b\u00fcy\u00fck d\u00f6n\u00fcm noktas\u0131ndayd\u0131.Nisa, ald\u0131\u011f\u0131 \u00f6nemli kararla herkeste b\u00fcy\u00fck yaralar a\u00e7t\u0131\u011f\u0131n\u0131n fark\u0131ndayd\u0131 ve b\u00fcy\u00fck bir \u00e7\u0131kmaz\u0131n i\u00e7inde bulmu\u015ftu kendini. Sevdi\u011fi herkesi tek tek d\u00fc\u015f\u00fcn\u00fcyordu: Senem\u2019i, Demir\u2019i, Devrim ile Esma Altun \u00e7iftini, arkada\u015flar\u0131n\u0131 ve hepsinden \u00f6nemlisi yeni ortaya \u00e7\u0131kan as\u0131l kimli\u011fini\u2026 Bir yanda onu ba\u011fr\u0131na basan, yaralar\u0131n\u0131 saran bu insanlar; di\u011fer yanda kan\u0131ndan, can\u0131ndan ama \u00e7ok ge\u00e7 b\u00fcy\u00fcd\u00fc\u011f\u00fc annesi\u2026 Ne tarafa ad\u0131m atsa bir di\u011fer yan\u0131n\u0131 incitecek, akl\u0131yla kalbi aras\u0131nda ince bir ipte y\u00fcr\u00fcyordu. Ve bu ipte yaln\u0131z y\u00fcr\u00fcm\u00fcyordu. Ayn\u0131 \u00e7\u0131kmazda, en az onun kadar s\u0131nanan bir ki\u015fi daha vard\u0131: Demir G\u00fcrsoy. Nisa\u2019n\u0131n gitme karar\u0131yla \u00e7aresizli\u011fe d\u00fc\u015fen Demir\u2019in de art\u0131k b\u00fct\u00fcn yollar\u0131 kapanm\u0131\u015ft\u0131.Peki serinin final kitab\u0131nda bu ikiliyi neler bekliyordur?Nisa ve Demir\u2019in a\u015fk\u0131, ya\u015fad\u0131klar\u0131 zorluklar\u0131n \u00fcstesinden gelebilecek kadar g\u00fc\u00e7l\u00fc m\u00fcd\u00fcr? B\u00fct\u00fcn bu umutsuzlu\u011fun aras\u0131nda birbirlerinin son liman\u0131 olabilecekler midir?<\/p>\n","protected":false},"excerpt":{"rendered":"<p>H\u0130K\u00c2YEN\u0130N BA\u015eINDA NE DEM\u0130\u015eT\u0130K?Fedak\u00e2rl\u0131k d\u00f6rt hecelik basit bir kelime olsa da asl\u0131nda onun hayat\u0131nda bir d\u00f6n\u00fcm noktas\u0131yd\u0131. Nisa\u2026 Bu kez hayat\u0131n\u0131n en b\u00fcy\u00fck d\u00f6n\u00fcm noktas\u0131ndayd\u0131.Nisa, ald\u0131\u011f\u0131<span class=\"excerpt-hellip\"> [\u2026]<\/span><\/p>\n","protected":false},"featured_media":0,"template":"","meta":{"_monsterinsights_skip_tracking":false,"_monsterinsights_sitenote_active":false,"_monsterinsights_sitenote_note":"","_monsterinsights_sitenote_category":0},"product_brand":[],"product_cat":[12291,12711],"product_tag":[],"class_list":{"0":"post-777090","1":"product","2":"type-product","3":"status-publish","5":"product_cat-edebiyat","6":"product_cat-roman-oyku","7":"pa_cilt-ciltli","8":"pa_tur-kitap","9":"pa_yayinevi-ephesus-yayinlari","10":"pa_yazar-mehtap-firat","12":"first","13":"instock","14":"sale","15":"shipping-taxable","16":"purchasable","17":"product-type-simple"},"_links":{"self":[{"href":"https:\/\/roveyayinevi.com.tr\/index.php\/wp-json\/wp\/v2\/product\/777090","targetHints":{"allow":["GET"]}}],"collection":[{"href":"https:\/\/roveyayinevi.com.tr\/index.php\/wp-json\/wp\/v2\/product"}],"about":[{"href":"https:\/\/roveyayinevi.com.tr\/index.php\/wp-json\/wp\/v2\/types\/product"}],"wp:attachment":[{"href":"https:\/\/roveyayinevi.com.tr\/index.php\/wp-json\/wp\/v2\/media?parent=777090"}],"wp:term":[{"taxonomy":"product_brand","embeddable":true,"href":"https:\/\/roveyayinevi.com.tr\/index.php\/wp-json\/wp\/v2\/product_brand?post=777090"},{"taxonomy":"product_cat","embeddable":true,"href":"https:\/\/roveyayinevi.com.tr\/index.php\/wp-json\/wp\/v2\/product_cat?post=777090"},{"taxonomy":"product_tag","embeddable":true,"href":"https:\/\/roveyayinevi.com.tr\/index.php\/wp-json\/wp\/v2\/product_tag?post=777090"}],"curies":[{"name":"wp","href":"https:\/\/api.w.org\/{rel}","templated":true}]}}