{"id":777089,"date":"2025-10-09T11:35:50","date_gmt":"2025-10-09T08:35:50","guid":{"rendered":"https:\/\/roveyayinevi.com.tr\/index.php\/urun\/aykiri-kiyilar-1-hediyeli-kutu\/"},"modified":"2026-04-15T03:43:12","modified_gmt":"2026-04-15T00:43:12","slug":"aykiri-kiyilar-1-hediyeli-kutu","status":"publish","type":"product","link":"https:\/\/roveyayinevi.com.tr\/index.php\/urun\/aykiri-kiyilar-1-hediyeli-kutu\/","title":{"rendered":"Ayk\u0131r\u0131 K\u0131y\u0131lar 1 &#8211; Hediyeli Kutu"},"content":{"rendered":"<p>\u0130\u00c7ER\u0130K: Ayk\u0131r\u0131 K\u0131y\u0131lar 1 \u2013 Ciltli (\u00d6zel PVC \u015eeffaf \u015e\u00f6miz \u0130le) Lak Detayl\u0131 Mat Selefon Kutu\u00d6zel Kesim Bilet Ayra\u00e7 \u00d6zel Tasar\u0131m Sticker Kare Ayra\u00e7 Poster Defter<\/p>\n","protected":false},"excerpt":{"rendered":"<p>\u0130\u00c7ER\u0130K: Ayk\u0131r\u0131 K\u0131y\u0131lar 1 \u2013 Ciltli (\u00d6zel PVC \u015eeffaf \u015e\u00f6miz \u0130le) Lak Detayl\u0131 Mat Selefon Kutu\u00d6zel Kesim Bilet Ayra\u00e7 \u00d6zel Tasar\u0131m Sticker Kare Ayra\u00e7 Poster Defter<\/p>\n","protected":false},"featured_media":0,"template":"","meta":{"_monsterinsights_skip_tracking":false,"_monsterinsights_sitenote_active":false,"_monsterinsights_sitenote_note":"","_monsterinsights_sitenote_category":0},"product_brand":[],"product_cat":[141304],"product_tag":[],"class_list":{"0":"post-777089","1":"product","2":"type-product","3":"status-publish","5":"product_cat-yeni-cikanlar","6":"pa_cilt-ciltli","7":"pa_tur-kitap","8":"pa_yayinevi-guardian","9":"pa_yazar-gizem-yigit","11":"first","12":"instock","13":"sale","14":"shipping-taxable","15":"purchasable","16":"product-type-simple"},"_links":{"self":[{"href":"https:\/\/roveyayinevi.com.tr\/index.php\/wp-json\/wp\/v2\/product\/777089","targetHints":{"allow":["GET"]}}],"collection":[{"href":"https:\/\/roveyayinevi.com.tr\/index.php\/wp-json\/wp\/v2\/product"}],"about":[{"href":"https:\/\/roveyayinevi.com.tr\/index.php\/wp-json\/wp\/v2\/types\/product"}],"wp:attachment":[{"href":"https:\/\/roveyayinevi.com.tr\/index.php\/wp-json\/wp\/v2\/media?parent=777089"}],"wp:term":[{"taxonomy":"product_brand","embeddable":true,"href":"https:\/\/roveyayinevi.com.tr\/index.php\/wp-json\/wp\/v2\/product_brand?post=777089"},{"taxonomy":"product_cat","embeddable":true,"href":"https:\/\/roveyayinevi.com.tr\/index.php\/wp-json\/wp\/v2\/product_cat?post=777089"},{"taxonomy":"product_tag","embeddable":true,"href":"https:\/\/roveyayinevi.com.tr\/index.php\/wp-json\/wp\/v2\/product_tag?post=777089"}],"curies":[{"name":"wp","href":"https:\/\/api.w.org\/{rel}","templated":true}]}}