{"id":777079,"date":"2025-10-09T11:35:34","date_gmt":"2025-10-09T08:35:34","guid":{"rendered":"https:\/\/roveyayinevi.com.tr\/index.php\/urun\/a-to-z-english-grammar-adan-zye-ingilizce-dilbilgisi\/"},"modified":"2026-04-15T03:43:11","modified_gmt":"2026-04-15T00:43:11","slug":"a-to-z-english-grammar-adan-zye-ingilizce-dilbilgisi","status":"publish","type":"product","link":"https:\/\/roveyayinevi.com.tr\/index.php\/urun\/a-to-z-english-grammar-adan-zye-ingilizce-dilbilgisi\/","title":{"rendered":"A to Z English Grammar A&#8217;dan Z&#8217;ye \u0130ngilizce Dilbilgisi"},"content":{"rendered":"<p>HER D\u00dcZEYDE \u0130NG\u0130L\u0130ZCE \u00d6\u011eRENENLER, \u00d6\u011eRETENLER ve SINAVLARA HAZIRLANANLAR \u0130\u00c7\u0130N TEMEL KAYNAKZamanlar\u2019dan (Tenses), Yard\u0131mc\u0131 Fiiller\u2019e (Auxiliary Verbs),Deyimsel Fiiller\u2019den (Phrasal Verbs), \u0130lge\u00e7ler\u2019e (Prepositions)700\u2019DEN FAZLA KONU BA\u015eLI\u011eI ALTINDA SUNULANT\u00dcM \u0130NG\u0130L\u0130ZCE D\u0130LB\u0130LG\u0130S\u0130 KURALLARIB\u0130NLERCE (\u0130ngilizce-T\u00fcrk\u00e7e) \u00d6RNEK T\u00dcMCEKONULARI PEK\u0130\u015eT\u0130REN ALI\u015eTIRMALAR ve YANITLARIG\u00d6RSEL \u00d6\u011eREN\u0130M KATKISI SA\u011eLAYAN Y\u00dcZLERCE RES\u0130M\u0130NTERNETTEN SUNULAN ve \u00d6RNEK YDS SINAVI DA \u0130\u00c7EREN \u0130NTERAKT\u0130F (ETK\u0130LE\u015e\u0130ML\u0130) ALI\u015eTIRMALAR<\/p>\n","protected":false},"excerpt":{"rendered":"<p>HER D\u00dcZEYDE \u0130NG\u0130L\u0130ZCE \u00d6\u011eRENENLER, \u00d6\u011eRETENLER ve SINAVLARA HAZIRLANANLAR \u0130\u00c7\u0130N TEMEL KAYNAKZamanlar\u2019dan (Tenses), Yard\u0131mc\u0131 Fiiller\u2019e (Auxiliary Verbs),Deyimsel Fiiller\u2019den (Phrasal Verbs), \u0130lge\u00e7ler\u2019e (Prepositions)700\u2019DEN FAZLA KONU BA\u015eLI\u011eI ALTINDA SUNULANT\u00dcM<span class=\"excerpt-hellip\"> [\u2026]<\/span><\/p>\n","protected":false},"featured_media":0,"template":"","meta":{"_monsterinsights_skip_tracking":false,"_monsterinsights_sitenote_active":false,"_monsterinsights_sitenote_note":"","_monsterinsights_sitenote_category":0},"product_brand":[],"product_cat":[14597,12566],"product_tag":[],"class_list":{"0":"post-777079","1":"product","2":"type-product","3":"status-publish","5":"product_cat-dil-ogrenimi","6":"product_cat-egitim","7":"pa_cilt-ciltsiz","8":"pa_tur-kitap","9":"pa_yayinevi-net-kitap","10":"pa_yazar-b-orhan-dogan","12":"first","13":"instock","14":"sale","15":"shipping-taxable","16":"purchasable","17":"product-type-simple"},"_links":{"self":[{"href":"https:\/\/roveyayinevi.com.tr\/index.php\/wp-json\/wp\/v2\/product\/777079","targetHints":{"allow":["GET"]}}],"collection":[{"href":"https:\/\/roveyayinevi.com.tr\/index.php\/wp-json\/wp\/v2\/product"}],"about":[{"href":"https:\/\/roveyayinevi.com.tr\/index.php\/wp-json\/wp\/v2\/types\/product"}],"wp:attachment":[{"href":"https:\/\/roveyayinevi.com.tr\/index.php\/wp-json\/wp\/v2\/media?parent=777079"}],"wp:term":[{"taxonomy":"product_brand","embeddable":true,"href":"https:\/\/roveyayinevi.com.tr\/index.php\/wp-json\/wp\/v2\/product_brand?post=777079"},{"taxonomy":"product_cat","embeddable":true,"href":"https:\/\/roveyayinevi.com.tr\/index.php\/wp-json\/wp\/v2\/product_cat?post=777079"},{"taxonomy":"product_tag","embeddable":true,"href":"https:\/\/roveyayinevi.com.tr\/index.php\/wp-json\/wp\/v2\/product_tag?post=777079"}],"curies":[{"name":"wp","href":"https:\/\/api.w.org\/{rel}","templated":true}]}}