{"id":777076,"date":"2025-10-09T11:35:27","date_gmt":"2025-10-09T08:35:27","guid":{"rendered":"https:\/\/roveyayinevi.com.tr\/index.php\/urun\/snow-stories-ping-the-panda-kar-hikayeleri-panda-ping-ingilizce-ogreniyorum-iki-dilli-ingilizce-turkce\/"},"modified":"2026-04-15T03:43:10","modified_gmt":"2026-04-15T00:43:10","slug":"snow-stories-ping-the-panda-kar-hikayeleri-panda-ping-ingilizce-ogreniyorum-iki-dilli-ingilizce-turkce","status":"publish","type":"product","link":"https:\/\/roveyayinevi.com.tr\/index.php\/urun\/snow-stories-ping-the-panda-kar-hikayeleri-panda-ping-ingilizce-ogreniyorum-iki-dilli-ingilizce-turkce\/","title":{"rendered":"Snow Stories &#8211; Ping The Panda \/ Kar Hikayeleri \u2013 Panda Ping \u0130ngilizce \u00d6\u011freniyorum (\u0130ki Dilli: \u0130ngilizce-T\u00fcrk\u00e7e)"},"content":{"rendered":"<p>Ping the panda loves to eat bamboo and sleep. But when Ping and his mother have to move down the mountain, Ping must learn to do other things too! Panda Ping bambu yemeyi ve uyumay\u0131 sever. Ama Ping ile annesinin da\u011fdan inmesi gerekiyor. Ping ba\u015fka \u015feyler de yapmay\u0131 \u00f6\u011frenmek zorunda!<\/p>\n","protected":false},"excerpt":{"rendered":"<p>Ping the panda loves to eat bamboo and sleep. But when Ping and his mother have to move down the mountain, Ping must learn to do<span class=\"excerpt-hellip\"> [\u2026]<\/span><\/p>\n","protected":false},"featured_media":0,"template":"","meta":{"_monsterinsights_skip_tracking":false,"_monsterinsights_sitenote_active":false,"_monsterinsights_sitenote_note":"","_monsterinsights_sitenote_category":0},"product_brand":[],"product_cat":[12274,12518],"product_tag":[],"class_list":{"0":"post-777076","1":"product","2":"type-product","3":"status-publish","5":"product_cat-cocuk-ve-genclik-kitaplari","6":"product_cat-okul-oncesi-kitaplar","7":"pa_cilt-ciltsiz","8":"pa_tur-kitap","9":"pa_yayinevi-koc-universitesi-yayinlari","10":"pa_yazar-catherine-veitch","12":"first","13":"instock","14":"sale","15":"shipping-taxable","16":"purchasable","17":"product-type-simple"},"_links":{"self":[{"href":"https:\/\/roveyayinevi.com.tr\/index.php\/wp-json\/wp\/v2\/product\/777076","targetHints":{"allow":["GET"]}}],"collection":[{"href":"https:\/\/roveyayinevi.com.tr\/index.php\/wp-json\/wp\/v2\/product"}],"about":[{"href":"https:\/\/roveyayinevi.com.tr\/index.php\/wp-json\/wp\/v2\/types\/product"}],"wp:attachment":[{"href":"https:\/\/roveyayinevi.com.tr\/index.php\/wp-json\/wp\/v2\/media?parent=777076"}],"wp:term":[{"taxonomy":"product_brand","embeddable":true,"href":"https:\/\/roveyayinevi.com.tr\/index.php\/wp-json\/wp\/v2\/product_brand?post=777076"},{"taxonomy":"product_cat","embeddable":true,"href":"https:\/\/roveyayinevi.com.tr\/index.php\/wp-json\/wp\/v2\/product_cat?post=777076"},{"taxonomy":"product_tag","embeddable":true,"href":"https:\/\/roveyayinevi.com.tr\/index.php\/wp-json\/wp\/v2\/product_tag?post=777076"}],"curies":[{"name":"wp","href":"https:\/\/api.w.org\/{rel}","templated":true}]}}