{"id":777074,"date":"2025-10-09T11:35:23","date_gmt":"2025-10-09T08:35:23","guid":{"rendered":"https:\/\/roveyayinevi.com.tr\/index.php\/urun\/cizgi-roman-bilim-maceralar-sasirtici-buluslar\/"},"modified":"2026-04-15T03:43:10","modified_gmt":"2026-04-15T00:43:10","slug":"cizgi-roman-bilim-maceralar-sasirtici-buluslar","status":"publish","type":"product","link":"https:\/\/roveyayinevi.com.tr\/index.php\/urun\/cizgi-roman-bilim-maceralar-sasirtici-buluslar\/","title":{"rendered":"\u00c7izgi Roman Bilim \/ Maceralar &#8211; \u015ea\u015f\u0131rt\u0131c\u0131 Bulu\u015flar"},"content":{"rendered":"<p>Yeni icatlar geli\u015ftirmek ve bunlar\u0131 test etmek hayli maceral\u0131 bir s\u00fcre\u00e7 olabilir! \u015ea\u015f\u0131rt\u0131c\u0131 bulu\u015flar yapm\u0131\u015f, m\u00fcthi\u015f erkek, kad\u0131n ve hatta \u00e7ocuklar\u0131n ger\u00e7ek hik\u00e2yelerini \u00e7izgi romanlar e\u015fli\u011finde ke\u015ffet. \u0130\u015fte bunlardan baz\u0131lar\u0131&#8230; C\u0131rt c\u0131rt nas\u0131l ke\u015ffedildi? Bulu\u015f yapmak nas\u0131l e\u011flenceli olabilir? Neden \u00e7ok fazla deneme yapmak gerekir? Daha ke\u015ffedecek \u00e7ok \u015fey var. Ampuller, elektrik ve \u00e7ok daha fazlas\u0131\u2026<\/p>\n","protected":false},"excerpt":{"rendered":"<p>Yeni icatlar geli\u015ftirmek ve bunlar\u0131 test etmek hayli maceral\u0131 bir s\u00fcre\u00e7 olabilir! \u015ea\u015f\u0131rt\u0131c\u0131 bulu\u015flar yapm\u0131\u015f, m\u00fcthi\u015f erkek, kad\u0131n ve hatta \u00e7ocuklar\u0131n ger\u00e7ek hik\u00e2yelerini \u00e7izgi romanlar e\u015fli\u011finde<span class=\"excerpt-hellip\"> [\u2026]<\/span><\/p>\n","protected":false},"featured_media":0,"template":"","meta":{"_monsterinsights_skip_tracking":false,"_monsterinsights_sitenote_active":false,"_monsterinsights_sitenote_note":"","_monsterinsights_sitenote_category":0},"product_brand":[],"product_cat":[13829,12274],"product_tag":[],"class_list":{"0":"post-777074","1":"product","2":"type-product","3":"status-publish","5":"product_cat-bilimsel-kitaplar","6":"product_cat-cocuk-ve-genclik-kitaplari","7":"pa_cilt-ciltsiz","8":"pa_tur-kitap","9":"pa_yayinevi-koc-universitesi-yayinlari","10":"pa_yazar-paul-mason","12":"first","13":"instock","14":"sale","15":"shipping-taxable","16":"purchasable","17":"product-type-simple"},"_links":{"self":[{"href":"https:\/\/roveyayinevi.com.tr\/index.php\/wp-json\/wp\/v2\/product\/777074","targetHints":{"allow":["GET"]}}],"collection":[{"href":"https:\/\/roveyayinevi.com.tr\/index.php\/wp-json\/wp\/v2\/product"}],"about":[{"href":"https:\/\/roveyayinevi.com.tr\/index.php\/wp-json\/wp\/v2\/types\/product"}],"wp:attachment":[{"href":"https:\/\/roveyayinevi.com.tr\/index.php\/wp-json\/wp\/v2\/media?parent=777074"}],"wp:term":[{"taxonomy":"product_brand","embeddable":true,"href":"https:\/\/roveyayinevi.com.tr\/index.php\/wp-json\/wp\/v2\/product_brand?post=777074"},{"taxonomy":"product_cat","embeddable":true,"href":"https:\/\/roveyayinevi.com.tr\/index.php\/wp-json\/wp\/v2\/product_cat?post=777074"},{"taxonomy":"product_tag","embeddable":true,"href":"https:\/\/roveyayinevi.com.tr\/index.php\/wp-json\/wp\/v2\/product_tag?post=777074"}],"curies":[{"name":"wp","href":"https:\/\/api.w.org\/{rel}","templated":true}]}}