{"id":777073,"date":"2025-10-09T11:35:21","date_gmt":"2025-10-09T08:35:21","guid":{"rendered":"https:\/\/roveyayinevi.com.tr\/index.php\/urun\/cizgi-roman-bilim-maceralar-dinozorlarin-pesinde\/"},"modified":"2026-04-15T03:43:10","modified_gmt":"2026-04-15T00:43:10","slug":"cizgi-roman-bilim-maceralar-dinozorlarin-pesinde","status":"publish","type":"product","link":"https:\/\/roveyayinevi.com.tr\/index.php\/urun\/cizgi-roman-bilim-maceralar-dinozorlarin-pesinde\/","title":{"rendered":"\u00c7izgi Roman Bilim \/ Maceralar &#8211; Dinozorlar\u0131n Pe\u015finde"},"content":{"rendered":"<p>STEM K\u00dcT\u00dcPHANES\u0130 Dinozorlar\u0131n nas\u0131l ya\u015fad\u0131\u011f\u0131n\u0131 \u00f6\u011frenmeye \u00e7al\u0131\u015fmak riskli olabilir ama sonunda bekleyen \u00f6d\u00fcl de b\u00fcy\u00fckt\u00fcr. Macerayla dolu \u00e7izgi roman \u00f6yk\u00fcleriyle fosil avc\u0131lar\u0131n\u0131n ba\u015flar\u0131ndan ge\u00e7enleri ke\u015ffet&#8230; \u201cKemik Sava\u015flar\u0131\u201dnda kimler ger\u00e7ekten (hem de ta\u015flarla!) \u00e7at\u0131\u015ft\u0131? Hangi ke\u015fif seferi haydutlara denk geldi? Sekiz milyon dolarl\u0131k T. rex\u2019in ad\u0131 neden Sue idi? Ayr\u0131ca dinozorlarla ilgili her t\u00fcrl\u00fc bilgi ve fosilin ard\u0131nda yatan bilim seni bekliyor.<\/p>\n","protected":false},"excerpt":{"rendered":"<p>STEM K\u00dcT\u00dcPHANES\u0130 Dinozorlar\u0131n nas\u0131l ya\u015fad\u0131\u011f\u0131n\u0131 \u00f6\u011frenmeye \u00e7al\u0131\u015fmak riskli olabilir ama sonunda bekleyen \u00f6d\u00fcl de b\u00fcy\u00fckt\u00fcr. Macerayla dolu \u00e7izgi roman \u00f6yk\u00fcleriyle fosil avc\u0131lar\u0131n\u0131n ba\u015flar\u0131ndan ge\u00e7enleri ke\u015ffet&#8230; \u201cKemik<span class=\"excerpt-hellip\"> [\u2026]<\/span><\/p>\n","protected":false},"featured_media":0,"template":"","meta":{"_monsterinsights_skip_tracking":false,"_monsterinsights_sitenote_active":false,"_monsterinsights_sitenote_note":"","_monsterinsights_sitenote_category":0},"product_brand":[],"product_cat":[13829,12274],"product_tag":[],"class_list":{"0":"post-777073","1":"product","2":"type-product","3":"status-publish","5":"product_cat-bilimsel-kitaplar","6":"product_cat-cocuk-ve-genclik-kitaplari","7":"pa_cilt-ciltsiz","8":"pa_tur-kitap","9":"pa_yayinevi-koc-universitesi-yayinlari","10":"pa_yazar-paul-mason","12":"first","13":"instock","14":"sale","15":"shipping-taxable","16":"purchasable","17":"product-type-simple"},"_links":{"self":[{"href":"https:\/\/roveyayinevi.com.tr\/index.php\/wp-json\/wp\/v2\/product\/777073","targetHints":{"allow":["GET"]}}],"collection":[{"href":"https:\/\/roveyayinevi.com.tr\/index.php\/wp-json\/wp\/v2\/product"}],"about":[{"href":"https:\/\/roveyayinevi.com.tr\/index.php\/wp-json\/wp\/v2\/types\/product"}],"wp:attachment":[{"href":"https:\/\/roveyayinevi.com.tr\/index.php\/wp-json\/wp\/v2\/media?parent=777073"}],"wp:term":[{"taxonomy":"product_brand","embeddable":true,"href":"https:\/\/roveyayinevi.com.tr\/index.php\/wp-json\/wp\/v2\/product_brand?post=777073"},{"taxonomy":"product_cat","embeddable":true,"href":"https:\/\/roveyayinevi.com.tr\/index.php\/wp-json\/wp\/v2\/product_cat?post=777073"},{"taxonomy":"product_tag","embeddable":true,"href":"https:\/\/roveyayinevi.com.tr\/index.php\/wp-json\/wp\/v2\/product_tag?post=777073"}],"curies":[{"name":"wp","href":"https:\/\/api.w.org\/{rel}","templated":true}]}}