{"id":777069,"date":"2025-10-09T11:35:12","date_gmt":"2025-10-09T08:35:12","guid":{"rendered":"https:\/\/roveyayinevi.com.tr\/index.php\/urun\/onasya-neolitik-kulturlerinde-kemik-kasiklar-ciltli\/"},"modified":"2026-04-15T03:43:09","modified_gmt":"2026-04-15T00:43:09","slug":"onasya-neolitik-kulturlerinde-kemik-kasiklar-ciltli","status":"publish","type":"product","link":"https:\/\/roveyayinevi.com.tr\/index.php\/urun\/onasya-neolitik-kulturlerinde-kemik-kasiklar-ciltli\/","title":{"rendered":"\u00d6nasya Neolitik K\u00fclt\u00fcrlerinde Kemik Ka\u015f\u0131klar (Ciltli)"},"content":{"rendered":"<p>Ka\u015f\u0131klar, modern g\u00fcnl\u00fck hayat\u0131n vazge\u00e7ilmez gere\u00e7lerinden birisi olmakla birlikte ayn\u0131 zamanda k\u00fclt\u00fcrel bir unsurdur. K\u00f6keni binlerce y\u0131l \u00f6ncesine dayanan, hammaddesinin de\u011fi\u015fmesine ve \u00e7e\u015fitlenmesine ra\u011fmen formu de\u011fi\u015fmeden gelen ka\u015f\u0131klar\u0131n geni\u015f bir kullan\u0131m alan\u0131 ve tarih\u00e7esi vard\u0131r. Dolay\u0131s\u0131yla arkeologlardan antika e\u015fya koleksiyonerlere ve tasar\u0131mc\u0131lara kadar mevzuya ilgi duyan pek \u00e7ok merakl\u0131 ki\u015fi taraf\u0131ndan ara\u015ft\u0131r\u0131lmakta ve zaman zaman pop\u00fcler bilim konular\u0131ndan birisi olmaktad\u0131r. Do\u00e7. Dr. M\u00fccella Erdalk\u0131ran Aslan, bu kitab\u0131n haz\u0131rlanmas\u0131 s\u00fcrecinde Neolitik D\u00f6neme tarihli yakla\u015f\u0131k 3000\u2019den fazla kemik ka\u015f\u0131\u011f\u0131 incelemi\u015f, bi\u00e7im ve i\u015flev olarak s\u0131n\u0131fland\u0131rm\u0131\u015ft\u0131r. Bu kitap, konusunda uzman olanlar\u0131n yan\u0131nda, Antik \u00c7a\u011f\u2019a ilgi duyan herkesin merakla okuyaca\u011f\u0131 bi\u00e7imde renkli resimler, \u00e7izimler ve zengin bir kaynak\u00e7a ile desteklenmi\u015ftir. <\/p>\n","protected":false},"excerpt":{"rendered":"<p>Ka\u015f\u0131klar, modern g\u00fcnl\u00fck hayat\u0131n vazge\u00e7ilmez gere\u00e7lerinden birisi olmakla birlikte ayn\u0131 zamanda k\u00fclt\u00fcrel bir unsurdur. K\u00f6keni binlerce y\u0131l \u00f6ncesine dayanan, hammaddesinin de\u011fi\u015fmesine ve \u00e7e\u015fitlenmesine ra\u011fmen formu de\u011fi\u015fmeden<span class=\"excerpt-hellip\"> [\u2026]<\/span><\/p>\n","protected":false},"featured_media":0,"template":"","meta":{"_monsterinsights_skip_tracking":false,"_monsterinsights_sitenote_active":false,"_monsterinsights_sitenote_note":"","_monsterinsights_sitenote_category":0},"product_brand":[],"product_cat":[52477,52478],"product_tag":[],"class_list":{"0":"post-777069","1":"product","2":"type-product","3":"status-publish","5":"product_cat-arastirma","6":"product_cat-arkeoloji","7":"pa_cilt-ciltli","8":"pa_tur-kitap","9":"pa_yayinevi-myrina-yayinlari","10":"pa_yazar-mucella-erdalkiran-aslan","12":"first","13":"instock","14":"sale","15":"shipping-taxable","16":"purchasable","17":"product-type-simple"},"_links":{"self":[{"href":"https:\/\/roveyayinevi.com.tr\/index.php\/wp-json\/wp\/v2\/product\/777069","targetHints":{"allow":["GET"]}}],"collection":[{"href":"https:\/\/roveyayinevi.com.tr\/index.php\/wp-json\/wp\/v2\/product"}],"about":[{"href":"https:\/\/roveyayinevi.com.tr\/index.php\/wp-json\/wp\/v2\/types\/product"}],"wp:attachment":[{"href":"https:\/\/roveyayinevi.com.tr\/index.php\/wp-json\/wp\/v2\/media?parent=777069"}],"wp:term":[{"taxonomy":"product_brand","embeddable":true,"href":"https:\/\/roveyayinevi.com.tr\/index.php\/wp-json\/wp\/v2\/product_brand?post=777069"},{"taxonomy":"product_cat","embeddable":true,"href":"https:\/\/roveyayinevi.com.tr\/index.php\/wp-json\/wp\/v2\/product_cat?post=777069"},{"taxonomy":"product_tag","embeddable":true,"href":"https:\/\/roveyayinevi.com.tr\/index.php\/wp-json\/wp\/v2\/product_tag?post=777069"}],"curies":[{"name":"wp","href":"https:\/\/api.w.org\/{rel}","templated":true}]}}