{"id":777066,"date":"2025-10-09T10:21:27","date_gmt":"2025-10-09T07:21:27","guid":{"rendered":"https:\/\/roveyayinevi.com.tr\/index.php\/urun\/sorulara-cevaplar-2\/"},"modified":"2026-04-15T03:30:13","modified_gmt":"2026-04-15T00:30:13","slug":"sorulara-cevaplar-2","status":"publish","type":"product","link":"https:\/\/roveyayinevi.com.tr\/index.php\/urun\/sorulara-cevaplar-2\/","title":{"rendered":"Sorulara Cevaplar 2"},"content":{"rendered":"<p>Edebiyattan say\u0131lan metinlerin ara\u015ft\u0131r\u0131lmas\u0131 incelenmesi olan edebiyat bilimi, alt dallardan olu\u015fuyor: Kavram, terim ve y\u00f6ntem bilgisine ait \u00e7al\u0131\u015fmalar(Edebiyat nazariyat\u0131, edeb\u00ee bilgiler,).Edebiyat ara\u015ft\u0131rmas\u0131 ve edebiyat ele\u015ftirisi,(Tan\u0131tma, ele\u015ftiri, metin tahlili nitelikli \u00e7al\u0131\u015fmalar).Edebiyat tarihi,(Eserlere dayanarak, bedi\u00ee tefekk\u00fcr de\u011fi\u015fmelerinin, zevke ba\u011fl\u0131 tercihlerin ku\u015faktan ku\u015fa\u011fa ya\u015fat\u0131lmas\u0131; edeb\u00ee \u015fahsiyetlerin ve gruplar\u0131n rol\u00fc).Edebiyat sosyolojisi(Eserin g\u00f6rd\u00fc\u011f\u00fc ilgi, okuyucu gruplar\u0131 ve onu var edenin kimli\u011fi, edeb\u00ee ve ki\u015fili\u011fi; k\u00fclt\u00fcrel tabakalar\u0131n talepleri ve etkileme g\u00fcc\u00fc ile bask\u0131 ve pazarlama teknikleri, yar\u0131\u015fmalar).Edebiyat\u0131n e\u011fitim ve \u00f6\u011fretimi(Etkili konu\u015fma ve yazma; edeb\u00ee dile ait zevkin kazand\u0131r\u0131lmas\u0131, edebiyat metinlerinin inceliklerinin ve tahlilinin \u00f6\u011fretilmesi). \u00c7ocuk edebiyat\u0131, \u00e7ocuklar i\u00e7in edebiyat nitelikli yay\u0131nlar (Ya\u015f gruplar\u0131na g\u00f6re konular\u0131, kelime, c\u00fcmle, harf a\u00e7\u0131lar\u0131ndan \u00f6zel ve resimli olan didaktik yay\u0131nlar). Bu konularda bana sorulan sorulara bilgim ve birikimim oran\u0131nda cevap vermeye \u00e7al\u0131\u015ft\u0131m. Dikkatli okuyucu her cevab\u0131 kendi bilgisiyle ve birikimiyle daha da zengin k\u0131lacakt\u0131r.<\/p>\n","protected":false},"excerpt":{"rendered":"<p>Edebiyattan say\u0131lan metinlerin ara\u015ft\u0131r\u0131lmas\u0131 incelenmesi olan edebiyat bilimi, alt dallardan olu\u015fuyor: Kavram, terim ve y\u00f6ntem bilgisine ait \u00e7al\u0131\u015fmalar(Edebiyat nazariyat\u0131, edeb\u00ee bilgiler,).Edebiyat ara\u015ft\u0131rmas\u0131 ve edebiyat ele\u015ftirisi,(Tan\u0131tma, ele\u015ftiri,<span class=\"excerpt-hellip\"> [\u2026]<\/span><\/p>\n","protected":false},"featured_media":0,"template":"","meta":{"_monsterinsights_skip_tracking":false,"_monsterinsights_sitenote_active":false,"_monsterinsights_sitenote_note":"","_monsterinsights_sitenote_category":0},"product_brand":[],"product_cat":[13072,12291],"product_tag":[],"class_list":{"0":"post-777066","1":"product","2":"type-product","3":"status-publish","5":"product_cat-arastirma-inceleme-referans","6":"product_cat-edebiyat","7":"pa_cilt-ciltsiz","8":"pa_tur-kitap","9":"pa_yayinevi-korkut-yayinlari","10":"pa_yazar-sadik-k-tural","12":"first","13":"instock","14":"sale","15":"shipping-taxable","16":"purchasable","17":"product-type-simple"},"_links":{"self":[{"href":"https:\/\/roveyayinevi.com.tr\/index.php\/wp-json\/wp\/v2\/product\/777066","targetHints":{"allow":["GET"]}}],"collection":[{"href":"https:\/\/roveyayinevi.com.tr\/index.php\/wp-json\/wp\/v2\/product"}],"about":[{"href":"https:\/\/roveyayinevi.com.tr\/index.php\/wp-json\/wp\/v2\/types\/product"}],"wp:attachment":[{"href":"https:\/\/roveyayinevi.com.tr\/index.php\/wp-json\/wp\/v2\/media?parent=777066"}],"wp:term":[{"taxonomy":"product_brand","embeddable":true,"href":"https:\/\/roveyayinevi.com.tr\/index.php\/wp-json\/wp\/v2\/product_brand?post=777066"},{"taxonomy":"product_cat","embeddable":true,"href":"https:\/\/roveyayinevi.com.tr\/index.php\/wp-json\/wp\/v2\/product_cat?post=777066"},{"taxonomy":"product_tag","embeddable":true,"href":"https:\/\/roveyayinevi.com.tr\/index.php\/wp-json\/wp\/v2\/product_tag?post=777066"}],"curies":[{"name":"wp","href":"https:\/\/api.w.org\/{rel}","templated":true}]}}