{"id":777063,"date":"2025-10-09T06:00:54","date_gmt":"2025-10-09T03:00:54","guid":{"rendered":"https:\/\/roveyayinevi.com.tr\/index.php\/urun\/hos-geldin-yabanci-burada-en-buyuk-amacimiz-mutluluktur-epikur\/"},"modified":"2026-04-16T02:33:38","modified_gmt":"2026-04-15T23:33:38","slug":"hos-geldin-yabanci-burada-en-buyuk-amacimiz-mutluluktur-epikur","status":"publish","type":"product","link":"https:\/\/roveyayinevi.com.tr\/index.php\/urun\/hos-geldin-yabanci-burada-en-buyuk-amacimiz-mutluluktur-epikur\/","title":{"rendered":"Ho\u015f Geldin Yabanc\u0131, Burada En B\u00fcy\u00fck Amac\u0131m\u0131z Mutluluktur &#8211; Epik\u00fcr"},"content":{"rendered":"<p>\u201cElinde olan\u0131 k\u00fc\u00e7\u00fcmseme, bir zamanlar buna sahip olmay\u0131 dilemi\u015ftin.\u201dElinizde tuttu\u011funuz kitap mutluluk felsefesiyle b\u00fct\u00fcnle\u015fmi\u015f en \u00f6nemli filozof olan Epik\u00fcr\u2019\u00fcn bir yandan k\u0131ymetli \u00f6\u011f\u00fctlerini hat\u0131rlat\u0131rken bir yandan da mutlulu\u011fun re\u00e7etesini veriyor.\u00d6\u011fretisini \u201cBah\u00e7e\u201d ad\u0131n\u0131 verdi\u011fi, ye\u015filliklerin ve do\u011fan\u0131n i\u00e7indeki okulunda anlatan Epik\u00fcr, 2000 y\u0131l sonra bizi yine o bah\u00e7eye davet ediyor.Peki nedir Bah\u00e7e?Her bir bitkinin, her \u00e7i\u00e7e\u011fin b\u00fcy\u00fcmesine tan\u0131kl\u0131k etmektir. Bir g\u00fcl\u00fcn en g\u00fczel \u00e7a\u011f\u0131n\u0131 ya\u015fad\u0131ktan sonra solu\u015funa \u015fahit olmakt\u0131r. Kurumu\u015f olan\u0131n ba\u015f\u0131n\u0131 koparmakt\u0131r. A\u011fac\u0131n \u00fczerinde yol alan kar\u0131ncay\u0131, bir kay\u0131s\u0131n\u0131n dal\u0131nda \u00e7\u00fcr\u00fcy\u00fc\u015f\u00fcn\u00fc, bir zeytinin dal\u0131nda olgunla\u015fmas\u0131n\u0131 seyretmektir.Bir bah\u00e7ede ne kadar \u00e7ok do\u011fum varsa o kadar da \u00f6l\u00fcm vard\u0131r. Bir bah\u00e7ede hayat\u0131n b\u00fct\u00fcn z\u0131tl\u0131klar\u0131 vard\u0131r. Bir bah\u00e7e mikrokozmostur. Bah\u00e7eye dikkatle bakan, b\u00fct\u00fcn bir evreni g\u00f6r\u00fcr.Bah\u00e7emize buyurmaz m\u0131s\u0131n\u0131z?<\/p>\n","protected":false},"excerpt":{"rendered":"<p>\u201cElinde olan\u0131 k\u00fc\u00e7\u00fcmseme, bir zamanlar buna sahip olmay\u0131 dilemi\u015ftin.\u201dElinizde tuttu\u011funuz kitap mutluluk felsefesiyle b\u00fct\u00fcnle\u015fmi\u015f en \u00f6nemli filozof olan Epik\u00fcr\u2019\u00fcn bir yandan k\u0131ymetli \u00f6\u011f\u00fctlerini hat\u0131rlat\u0131rken bir yandan<span class=\"excerpt-hellip\"> [\u2026]<\/span><\/p>\n","protected":false},"featured_media":0,"template":"","meta":{"_monsterinsights_skip_tracking":false,"_monsterinsights_sitenote_active":false,"_monsterinsights_sitenote_note":"","_monsterinsights_sitenote_category":0},"product_brand":[],"product_cat":[12388,13555],"product_tag":[],"class_list":{"0":"post-777063","1":"product","2":"type-product","3":"status-publish","5":"product_cat-felsefe","6":"product_cat-genel-felsefe","7":"pa_cilt-ciltsiz","8":"pa_tur-kitap","9":"pa_yayinevi-destek-yayinlari","10":"pa_yazar-asli-perker","12":"first","13":"instock","14":"sale","15":"shipping-taxable","16":"purchasable","17":"product-type-simple"},"_links":{"self":[{"href":"https:\/\/roveyayinevi.com.tr\/index.php\/wp-json\/wp\/v2\/product\/777063","targetHints":{"allow":["GET"]}}],"collection":[{"href":"https:\/\/roveyayinevi.com.tr\/index.php\/wp-json\/wp\/v2\/product"}],"about":[{"href":"https:\/\/roveyayinevi.com.tr\/index.php\/wp-json\/wp\/v2\/types\/product"}],"wp:attachment":[{"href":"https:\/\/roveyayinevi.com.tr\/index.php\/wp-json\/wp\/v2\/media?parent=777063"}],"wp:term":[{"taxonomy":"product_brand","embeddable":true,"href":"https:\/\/roveyayinevi.com.tr\/index.php\/wp-json\/wp\/v2\/product_brand?post=777063"},{"taxonomy":"product_cat","embeddable":true,"href":"https:\/\/roveyayinevi.com.tr\/index.php\/wp-json\/wp\/v2\/product_cat?post=777063"},{"taxonomy":"product_tag","embeddable":true,"href":"https:\/\/roveyayinevi.com.tr\/index.php\/wp-json\/wp\/v2\/product_tag?post=777063"}],"curies":[{"name":"wp","href":"https:\/\/api.w.org\/{rel}","templated":true}]}}