{"id":777060,"date":"2025-10-09T04:39:56","date_gmt":"2025-10-09T01:39:56","guid":{"rendered":"https:\/\/roveyayinevi.com.tr\/index.php\/urun\/musul-ozdemir-harekati-ve-suleymaniye-kongresi\/"},"modified":"2026-04-16T02:22:27","modified_gmt":"2026-04-15T23:22:27","slug":"musul-ozdemir-harekati-ve-suleymaniye-kongresi","status":"publish","type":"product","link":"https:\/\/roveyayinevi.com.tr\/index.php\/urun\/musul-ozdemir-harekati-ve-suleymaniye-kongresi\/","title":{"rendered":"Musul \u00d6zdemir Harekat\u0131 ve S\u00fcleymaniye Kongresi"},"content":{"rendered":"<p>G\u00fcztoklusu K\u00dcRT SORUNU\u2019NA M\u00dcDAFAA-\u0130 HUKUK \u00e7\u00f6z\u00fcm\u00fc \u00fcst ba\u015fl\u0131\u011f\u0131m koydu\u011fu kitab\u0131nda Kurtulu\u015f Sava\u015f\u0131 Y\u0131llar\u0131nda \u0130ngiliz \u0130\u015fgali alt\u0131nda olan Musul Vilayeti\u2019ni kurtarmak \u00fczere Ba\u015fkumandan Gazi Mustafa Kemal\u2019in 1 \u015eubat 1922 tarihli BA\u015eY\u00d6NERGES\u0130 ile Kuzey Irak\u2019a g\u00f6nderilen milis yarbay \u00d6zdemir Beyin \u00f6yk\u00fcs\u00fc anlat\u0131l\u0131yor. \u00d6zdemir Bey 22 Haziran 1922\u2019de geldi\u011fi Revanduz\u2019da on ay destan gibi bir sava\u015f\u0131m veriyor. Kendisiyle gelen k\u00fc\u00e7\u00fck bir m\u00fcfrezeyle y\u00f6redeki K\u00fcrt oymaklar\u0131n\u0131 \u00f6rg\u00fctleyerek Bat\u0131\u2019 Cephesindeki Dumlup\u0131nar Zaferinden bir g\u00fcn sonra \u0130ngilizler\u2019i Derbent\u2019te bozguna u\u011frat\u0131yor. Bu zaferden sonra \u0130ngilizlerin Hindistan s\u00fcrg\u00fcn\u00fcnden geri getirmek zorunda kald\u0131\u011f\u0131 \u015eeyh Mahmut\u2019la dayan\u0131\u015fma i\u00e7inde 29 Ocak 1923 de toplanan S\u00fcleymaniye Kongresinde on maddelik bir karar ald\u0131r\u0131p b\u00f6lgede T\u00fcrkiye ye ba\u011fl\u0131 \u00f6zerk y\u00f6netim kurarak K\u00fcrt sorununa Mudafa-i Hukuk Cemiyeti nin \u00e7\u00f6z\u00fcm modelini olu\u015fturuyor. Gazi Mustafa Kemal ve Ankara h\u00fck\u00fcmeti taraf\u0131ndan s\u0131cak kar\u015f\u0131lanan bu model \u0130ngilizler Taraf\u0131ndan bahar aylar\u0131nda Revanduz ve S\u00fcleymaniye\u2019yi i\u015fgali ve kaba g\u00fc\u00e7le bast\u0131r\u0131l\u0131yor. G\u00fcztoklusu\u2019nun kitab\u0131 bu tarihsel deneyi ayd\u0131nlatarak T\u00fcrkiye\u2019nin herkes taraf\u0131ndan en \u00f6nemli, sorunu olarak belirtilen K\u00fcrt sorununa ge\u00e7erli ve gerek\u00e7i bir \u00e7\u00f6z\u00fcm yolu \u00f6neriyor. \ufffcTan\u0131t\u0131m Metni<\/p>\n","protected":false},"excerpt":{"rendered":"<p>G\u00fcztoklusu K\u00dcRT SORUNU\u2019NA M\u00dcDAFAA-\u0130 HUKUK \u00e7\u00f6z\u00fcm\u00fc \u00fcst ba\u015fl\u0131\u011f\u0131m koydu\u011fu kitab\u0131nda Kurtulu\u015f Sava\u015f\u0131 Y\u0131llar\u0131nda \u0130ngiliz \u0130\u015fgali alt\u0131nda olan Musul Vilayeti\u2019ni kurtarmak \u00fczere Ba\u015fkumandan Gazi Mustafa Kemal\u2019in 1<span class=\"excerpt-hellip\"> [\u2026]<\/span><\/p>\n","protected":false},"featured_media":0,"template":"","meta":{"_monsterinsights_skip_tracking":false,"_monsterinsights_sitenote_active":false,"_monsterinsights_sitenote_note":"","_monsterinsights_sitenote_category":0},"product_brand":[],"product_cat":[12370,12304],"product_tag":[],"class_list":{"0":"post-777060","1":"product","2":"type-product","3":"status-publish","5":"product_cat-arastirma-inceleme","6":"product_cat-tarih","7":"pa_cilt-ciltsiz","8":"pa_tur-kitap","9":"pa_yayinevi-baris-kitap","10":"pa_yazar-murat-guztoklusu","12":"first","13":"instock","14":"sale","15":"shipping-taxable","16":"purchasable","17":"product-type-simple"},"_links":{"self":[{"href":"https:\/\/roveyayinevi.com.tr\/index.php\/wp-json\/wp\/v2\/product\/777060","targetHints":{"allow":["GET"]}}],"collection":[{"href":"https:\/\/roveyayinevi.com.tr\/index.php\/wp-json\/wp\/v2\/product"}],"about":[{"href":"https:\/\/roveyayinevi.com.tr\/index.php\/wp-json\/wp\/v2\/types\/product"}],"wp:attachment":[{"href":"https:\/\/roveyayinevi.com.tr\/index.php\/wp-json\/wp\/v2\/media?parent=777060"}],"wp:term":[{"taxonomy":"product_brand","embeddable":true,"href":"https:\/\/roveyayinevi.com.tr\/index.php\/wp-json\/wp\/v2\/product_brand?post=777060"},{"taxonomy":"product_cat","embeddable":true,"href":"https:\/\/roveyayinevi.com.tr\/index.php\/wp-json\/wp\/v2\/product_cat?post=777060"},{"taxonomy":"product_tag","embeddable":true,"href":"https:\/\/roveyayinevi.com.tr\/index.php\/wp-json\/wp\/v2\/product_tag?post=777060"}],"curies":[{"name":"wp","href":"https:\/\/api.w.org\/{rel}","templated":true}]}}