{"id":777059,"date":"2025-10-09T04:29:40","date_gmt":"2025-10-09T01:29:40","guid":{"rendered":"https:\/\/roveyayinevi.com.tr\/index.php\/urun\/kultur-emperyalizmi\/"},"modified":"2026-04-08T02:27:27","modified_gmt":"2026-04-07T23:27:27","slug":"kultur-emperyalizmi","status":"publish","type":"product","link":"https:\/\/roveyayinevi.com.tr\/index.php\/urun\/kultur-emperyalizmi\/","title":{"rendered":"K\u00fclt\u00fcr Emperyalizmi"},"content":{"rendered":"<p>Benzerlik ve farkl\u0131l\u0131klar\u0131 ele almak, \u201ck\u00fclt\u00fcr emperyalizmi\u201dne kar\u015f\u0131 kullan\u0131labilecek en g\u00fc\u00e7l\u00fc y\u00f6ntemlerden biridir. Tek tarafl\u0131 de\u011fil, nesnel ger\u00e7ekli\u011fi ele alan bir bak\u0131\u015f a\u00e7\u0131s\u0131d\u0131r. Benzerlikler (e\u015fitlik de\u011fil) ve farkl\u0131l\u0131klar, bireyi ve toplumlar\u0131 tan\u0131mlayan \u00f6\u011felerdir. Farkl\u0131l\u0131klar\u0131 abartarak \u00f6ne \u00e7\u0131karmak kimlik de\u011ferlerimizin (identity stracture) dengesini (equilibrium) bozar. Ayn\u0131 \u015fekilde sadece benzerlikleri \u00f6ne \u00e7\u0131karmak, onlara ba\u011flanmak da ki\u015fili\u011fi (personality) ortadan kald\u0131r\u0131r. Kimlik konusu son y\u0131llarda \u00e7ok tart\u0131\u015f\u0131ld\u0131. Ben de bu tart\u0131\u015fmalarda \u00e7ok kez taraf olarak yer ald\u0131m. S\u00f6ylenen \u015fuydu: \u201cFarkl\u0131l\u0131klar\u0131m\u0131z\u0131 g\u00f6rmeyin, bak\u0131n biz sizlere benzemek i\u00e7in y\u0131rt\u0131n\u0131yoruz.\u201d Kimliksizle\u015fme ve ki\u015filiksizle\u015fme i\u015fte budur. Bu kitapta yer alan yaz\u0131lar da \u20131970\u2019lerden bu yana\u2013 kimlik ve ki\u015filik konusuyla ba\u011flant\u0131l\u0131d\u0131r. T\u00fcrkiye\u2019de, ba\u015fbakan\u0131n durup dururken alt kimlik ve \u00fcst kimlik diye ayr\u0131mlar yapmas\u0131 bu konunun \u00f6nemini bir kez daha art\u0131rm\u0131\u015ft\u0131r. <\/p>\n","protected":false},"excerpt":{"rendered":"<p>Benzerlik ve farkl\u0131l\u0131klar\u0131 ele almak, \u201ck\u00fclt\u00fcr emperyalizmi\u201dne kar\u015f\u0131 kullan\u0131labilecek en g\u00fc\u00e7l\u00fc y\u00f6ntemlerden biridir. Tek tarafl\u0131 de\u011fil, nesnel ger\u00e7ekli\u011fi ele alan bir bak\u0131\u015f a\u00e7\u0131s\u0131d\u0131r. Benzerlikler (e\u015fitlik de\u011fil)<span class=\"excerpt-hellip\"> [\u2026]<\/span><\/p>\n","protected":false},"featured_media":0,"template":"","meta":{"_monsterinsights_skip_tracking":false,"_monsterinsights_sitenote_active":false,"_monsterinsights_sitenote_note":"","_monsterinsights_sitenote_category":0},"product_brand":[],"product_cat":[13590,12337],"product_tag":[],"class_list":{"0":"post-777059","1":"product","2":"type-product","3":"status-publish","5":"product_cat-arastirma-inceleme-politika-siyaset","6":"product_cat-politika-siyaset","7":"pa_cilt-ciltsiz","8":"pa_tur-kitap","9":"pa_yayinevi-destek-yayinlari","10":"pa_yazar-aytunc-altindal","12":"first","13":"instock","14":"sale","15":"shipping-taxable","16":"purchasable","17":"product-type-simple"},"_links":{"self":[{"href":"https:\/\/roveyayinevi.com.tr\/index.php\/wp-json\/wp\/v2\/product\/777059","targetHints":{"allow":["GET"]}}],"collection":[{"href":"https:\/\/roveyayinevi.com.tr\/index.php\/wp-json\/wp\/v2\/product"}],"about":[{"href":"https:\/\/roveyayinevi.com.tr\/index.php\/wp-json\/wp\/v2\/types\/product"}],"wp:attachment":[{"href":"https:\/\/roveyayinevi.com.tr\/index.php\/wp-json\/wp\/v2\/media?parent=777059"}],"wp:term":[{"taxonomy":"product_brand","embeddable":true,"href":"https:\/\/roveyayinevi.com.tr\/index.php\/wp-json\/wp\/v2\/product_brand?post=777059"},{"taxonomy":"product_cat","embeddable":true,"href":"https:\/\/roveyayinevi.com.tr\/index.php\/wp-json\/wp\/v2\/product_cat?post=777059"},{"taxonomy":"product_tag","embeddable":true,"href":"https:\/\/roveyayinevi.com.tr\/index.php\/wp-json\/wp\/v2\/product_tag?post=777059"}],"curies":[{"name":"wp","href":"https:\/\/api.w.org\/{rel}","templated":true}]}}