{"id":777056,"date":"2025-10-09T04:07:11","date_gmt":"2025-10-09T01:07:11","guid":{"rendered":"https:\/\/roveyayinevi.com.tr\/index.php\/urun\/cikis-yolu-3\/"},"modified":"2026-04-16T02:18:00","modified_gmt":"2026-04-15T23:18:00","slug":"cikis-yolu-3","status":"publish","type":"product","link":"https:\/\/roveyayinevi.com.tr\/index.php\/urun\/cikis-yolu-3\/","title":{"rendered":"\u00c7\u0131k\u0131\u015f Yolu"},"content":{"rendered":"<p>Kitab\u0131m\u0131z salt bir b\u00fcy\u00fc, cin tasallutu ya da nazardan kurtulu\u015f kitab\u0131 olmamakla birlikte, B\u00fcy\u00fc cin tasallutu ya da nazardan nas\u0131l kurtulunaca\u011f\u0131na ili\u015fkin kesin ve kati \u00e7\u00f6z\u00fcmleri de i\u00e7eren bir kitapt\u0131r. Hi\u00e7 \u015f\u00fcphe yok ki, t\u00fcm d\u00fcnya n\u00fcfusunun en az yar\u0131s\u0131nda ya b\u00fcy\u00fc, ya cin tasallutu ve ya nazar vard\u0131r. Kendisinde bu \u00fc\u00e7 illetten birisi bulunan ki\u015finin hali nas\u0131l olur. Buna ili\u015fkin sendromlar kitab\u0131m\u0131z\u0131n 6. B\u00f6l\u00fcm\u00fcnde anlat\u0131lm\u0131\u015ft\u0131r. Bu illetlerden nas\u0131l kurtulunur? Buna ili\u015fkin tedavi y\u00f6ntemlerine ise, kitab\u0131m\u0131z\u0131n 7. B\u00f6l\u00fcmde yer verilmi\u015ftir. Bu nedenle Kitap \u00f6nce t\u00fcmden okunmal\u0131 ve sonras\u0131nda 6. ve 7.b\u00f6l\u00fcm dikkatle bir kere daha okunduktan sonra, kindisinde bir sorun oldu\u011funa kanaat getiren ki\u015fi, 7. B\u00f6l\u00fcmdeki \u00e7\u00f6z\u00fcm yollar\u0131ndan kendisine kolay gelen bir y\u00f6ntemi uygulamal\u0131d\u0131r. Denilenleri eksiksiz yap\u0131pta benim b\u00fcy\u00fcm, cin tasallutum ya da nazar\u0131m ge\u00e7medi diyenin hastal\u0131\u011f\u0131 bana gelsin. <\/p>\n","protected":false},"excerpt":{"rendered":"<p>Kitab\u0131m\u0131z salt bir b\u00fcy\u00fc, cin tasallutu ya da nazardan kurtulu\u015f kitab\u0131 olmamakla birlikte, B\u00fcy\u00fc cin tasallutu ya da nazardan nas\u0131l kurtulunaca\u011f\u0131na ili\u015fkin kesin ve kati \u00e7\u00f6z\u00fcmleri<span class=\"excerpt-hellip\"> [\u2026]<\/span><\/p>\n","protected":false},"featured_media":0,"template":"","meta":{"_monsterinsights_skip_tracking":false,"_monsterinsights_sitenote_active":false,"_monsterinsights_sitenote_note":"","_monsterinsights_sitenote_category":0},"product_brand":[],"product_cat":[13590,12337],"product_tag":[],"class_list":{"0":"post-777056","1":"product","2":"type-product","3":"status-publish","5":"product_cat-arastirma-inceleme-politika-siyaset","6":"product_cat-politika-siyaset","7":"pa_cilt-ciltsiz","8":"pa_tur-kitap","9":"pa_yayinevi-baris-kitap","10":"pa_yazar-yunus-emre-sari","12":"first","13":"instock","14":"sale","15":"shipping-taxable","16":"purchasable","17":"product-type-simple"},"_links":{"self":[{"href":"https:\/\/roveyayinevi.com.tr\/index.php\/wp-json\/wp\/v2\/product\/777056","targetHints":{"allow":["GET"]}}],"collection":[{"href":"https:\/\/roveyayinevi.com.tr\/index.php\/wp-json\/wp\/v2\/product"}],"about":[{"href":"https:\/\/roveyayinevi.com.tr\/index.php\/wp-json\/wp\/v2\/types\/product"}],"wp:attachment":[{"href":"https:\/\/roveyayinevi.com.tr\/index.php\/wp-json\/wp\/v2\/media?parent=777056"}],"wp:term":[{"taxonomy":"product_brand","embeddable":true,"href":"https:\/\/roveyayinevi.com.tr\/index.php\/wp-json\/wp\/v2\/product_brand?post=777056"},{"taxonomy":"product_cat","embeddable":true,"href":"https:\/\/roveyayinevi.com.tr\/index.php\/wp-json\/wp\/v2\/product_cat?post=777056"},{"taxonomy":"product_tag","embeddable":true,"href":"https:\/\/roveyayinevi.com.tr\/index.php\/wp-json\/wp\/v2\/product_tag?post=777056"}],"curies":[{"name":"wp","href":"https:\/\/api.w.org\/{rel}","templated":true}]}}