{"id":777053,"date":"2025-10-09T03:34:13","date_gmt":"2025-10-09T00:34:13","guid":{"rendered":"https:\/\/roveyayinevi.com.tr\/index.php\/urun\/senaryo-nasil-yazilmaz\/"},"modified":"2026-04-16T02:13:10","modified_gmt":"2026-04-15T23:13:10","slug":"senaryo-nasil-yazilmaz","status":"publish","type":"product","link":"https:\/\/roveyayinevi.com.tr\/index.php\/urun\/senaryo-nasil-yazilmaz\/","title":{"rendered":"Senaryo Nas\u0131l Yaz\u0131lmaz"},"content":{"rendered":"<p>Bu kitab\u0131 iyi senaryo yazabildi\u011fim i\u00e7in de\u011fil k\u00f6t\u00fc olan binlercesini okumak zorunda kald\u0131\u011f\u0131m i\u00e7in kaleme ald\u0131m.  Senaryo metni edebiyat de\u011fildir ve bana inan\u0131n kimse senaryo okumaktan keyif almaz. Okuyanlar\u0131n amac\u0131 filme d\u00f6necek bir \u00f6yk\u00fc aray\u0131\u015f\u0131d\u0131r ve bu insanlar film yapmay\u0131 severken okumaktan hi\u00e7 ho\u015flanmazlar. Senaryo okuyanlar\u0131n \u00e7ok ge\u00e7meden fark etti\u011fi bir nokta varsa, o da k\u00f6t\u00fc senaryodur. D\u00fczg\u00fcn yaz\u0131lar senaryonuzu okumay\u0131 bir keyif haline getirdi\u011fi h\u00e2lde asl\u0131nda bir film i\u00e7in taslak haz\u0131rlad\u0131\u011f\u0131n\u0131z\u0131 unutmamal\u0131s\u0131n\u0131z. <\/p>\n","protected":false},"excerpt":{"rendered":"<p>Bu kitab\u0131 iyi senaryo yazabildi\u011fim i\u00e7in de\u011fil k\u00f6t\u00fc olan binlercesini okumak zorunda kald\u0131\u011f\u0131m i\u00e7in kaleme ald\u0131m. Senaryo metni edebiyat de\u011fildir ve bana inan\u0131n kimse senaryo okumaktan<span class=\"excerpt-hellip\"> [\u2026]<\/span><\/p>\n","protected":false},"featured_media":0,"template":"","meta":{"_monsterinsights_skip_tracking":false,"_monsterinsights_sitenote_active":false,"_monsterinsights_sitenote_note":"","_monsterinsights_sitenote_category":0},"product_brand":[],"product_cat":[12291,12332],"product_tag":[],"class_list":{"0":"post-777053","1":"product","2":"type-product","3":"status-publish","5":"product_cat-edebiyat","6":"product_cat-senaryo","7":"pa_tur-kitap","8":"pa_yayinevi-kalkedon-yayincilik","9":"pa_yazar-denny-martin-flinn","11":"first","12":"instock","13":"sale","14":"shipping-taxable","15":"purchasable","16":"product-type-simple"},"_links":{"self":[{"href":"https:\/\/roveyayinevi.com.tr\/index.php\/wp-json\/wp\/v2\/product\/777053","targetHints":{"allow":["GET"]}}],"collection":[{"href":"https:\/\/roveyayinevi.com.tr\/index.php\/wp-json\/wp\/v2\/product"}],"about":[{"href":"https:\/\/roveyayinevi.com.tr\/index.php\/wp-json\/wp\/v2\/types\/product"}],"wp:attachment":[{"href":"https:\/\/roveyayinevi.com.tr\/index.php\/wp-json\/wp\/v2\/media?parent=777053"}],"wp:term":[{"taxonomy":"product_brand","embeddable":true,"href":"https:\/\/roveyayinevi.com.tr\/index.php\/wp-json\/wp\/v2\/product_brand?post=777053"},{"taxonomy":"product_cat","embeddable":true,"href":"https:\/\/roveyayinevi.com.tr\/index.php\/wp-json\/wp\/v2\/product_cat?post=777053"},{"taxonomy":"product_tag","embeddable":true,"href":"https:\/\/roveyayinevi.com.tr\/index.php\/wp-json\/wp\/v2\/product_tag?post=777053"}],"curies":[{"name":"wp","href":"https:\/\/api.w.org\/{rel}","templated":true}]}}