{"id":777052,"date":"2025-10-09T03:22:50","date_gmt":"2025-10-09T00:22:50","guid":{"rendered":"https:\/\/roveyayinevi.com.tr\/index.php\/urun\/cinlilerin-gozunden-turklerin-tarihi\/"},"modified":"2026-04-16T02:11:45","modified_gmt":"2026-04-15T23:11:45","slug":"cinlilerin-gozunden-turklerin-tarihi","status":"publish","type":"product","link":"https:\/\/roveyayinevi.com.tr\/index.php\/urun\/cinlilerin-gozunden-turklerin-tarihi\/","title":{"rendered":"\u00c7inlilerin G\u00f6z\u00fcnden T\u00fcrklerin Tarihi"},"content":{"rendered":"<p>T\u00fcrkler, MS 6. y\u00fczy\u0131l\u0131n ortalar\u0131nda y\u00fckseli\u015fe ge\u00e7en antik bir kavimdir. \u00c7in\u2019in kuzeyinde ve Kuzeydo\u011fu \u00c7in\u2019deki k\u0131rsal alanda daima g\u00fc\u00e7l\u00fc T\u00fcrk rejimleri kurmu\u015flard\u0131r. Tarihsel \u00e7er\u00e7evede bak\u0131ld\u0131\u011f\u0131nda Kuzeybat\u0131 \u00c7in, Rusya, T\u00fcrkiye ve Orta Asya devletleri \u00fczerinde b\u00fcy\u00fck etkileri oldu\u011fu g\u00f6r\u00fclmektedir. <\/p>\n","protected":false},"excerpt":{"rendered":"<p>T\u00fcrkler, MS 6. y\u00fczy\u0131l\u0131n ortalar\u0131nda y\u00fckseli\u015fe ge\u00e7en antik bir kavimdir. \u00c7in\u2019in kuzeyinde ve Kuzeydo\u011fu \u00c7in\u2019deki k\u0131rsal alanda daima g\u00fc\u00e7l\u00fc T\u00fcrk rejimleri kurmu\u015flard\u0131r. Tarihsel \u00e7er\u00e7evede bak\u0131ld\u0131\u011f\u0131nda Kuzeybat\u0131<span class=\"excerpt-hellip\"> [\u2026]<\/span><\/p>\n","protected":false},"featured_media":0,"template":"","meta":{"_monsterinsights_skip_tracking":false,"_monsterinsights_sitenote_active":false,"_monsterinsights_sitenote_note":"","_monsterinsights_sitenote_category":0},"product_brand":[],"product_cat":[12370,12304],"product_tag":[],"class_list":{"0":"post-777052","1":"product","2":"type-product","3":"status-publish","5":"product_cat-arastirma-inceleme","6":"product_cat-tarih","7":"pa_tur-kitap","8":"pa_yayinevi-kalkedon-yayincilik","9":"pa_yazar-guo-hongzhen","11":"first","12":"instock","13":"sale","14":"shipping-taxable","15":"purchasable","16":"product-type-simple"},"_links":{"self":[{"href":"https:\/\/roveyayinevi.com.tr\/index.php\/wp-json\/wp\/v2\/product\/777052","targetHints":{"allow":["GET"]}}],"collection":[{"href":"https:\/\/roveyayinevi.com.tr\/index.php\/wp-json\/wp\/v2\/product"}],"about":[{"href":"https:\/\/roveyayinevi.com.tr\/index.php\/wp-json\/wp\/v2\/types\/product"}],"wp:attachment":[{"href":"https:\/\/roveyayinevi.com.tr\/index.php\/wp-json\/wp\/v2\/media?parent=777052"}],"wp:term":[{"taxonomy":"product_brand","embeddable":true,"href":"https:\/\/roveyayinevi.com.tr\/index.php\/wp-json\/wp\/v2\/product_brand?post=777052"},{"taxonomy":"product_cat","embeddable":true,"href":"https:\/\/roveyayinevi.com.tr\/index.php\/wp-json\/wp\/v2\/product_cat?post=777052"},{"taxonomy":"product_tag","embeddable":true,"href":"https:\/\/roveyayinevi.com.tr\/index.php\/wp-json\/wp\/v2\/product_tag?post=777052"}],"curies":[{"name":"wp","href":"https:\/\/api.w.org\/{rel}","templated":true}]}}