{"id":777051,"date":"2025-10-09T03:22:10","date_gmt":"2025-10-09T00:22:10","guid":{"rendered":"https:\/\/roveyayinevi.com.tr\/index.php\/urun\/idealist-ogretmenden-sinava-hazirlayici-teknisyene-ogretmenligin-donusumu\/"},"modified":"2026-04-16T02:11:42","modified_gmt":"2026-04-15T23:11:42","slug":"idealist-ogretmenden-sinava-hazirlayici-teknisyene-ogretmenligin-donusumu","status":"publish","type":"product","link":"https:\/\/roveyayinevi.com.tr\/index.php\/urun\/idealist-ogretmenden-sinava-hazirlayici-teknisyene-ogretmenligin-donusumu\/","title":{"rendered":"\u0130dealist \u00d6\u011fretmenden S\u0131nava Haz\u0131rlay\u0131c\u0131 Teknisyene \u00d6\u011fretmenli\u011fin D\u00f6n\u00fc\u015f\u00fcm\u00fc"},"content":{"rendered":"<p>Ekonomik akl\u0131n her \u015feyi esir ald\u0131\u011f\u0131 g\u00fcn\u00fcm\u00fcz piyasa diktat\u00f6rl\u00fc\u011f\u00fc ko\u015fullar\u0131nda, \u00f6\u011fretmenlik mesle\u011fi de bu iklimden pay\u0131n\u0131 alm\u0131\u015ft\u0131r. Asl\u0131nda yaln\u0131zca \u00f6\u011fretmenli\u011fi de\u011fil, t\u00fcm e\u011fitim sistemini d\u00f6n\u00fc\u015ft\u00fcren mekanizma ekonomi merkezliliktir. Ekonomi merkezli yakla\u015f\u0131m e\u011fitim alan\u0131nda \u00f6zellikle merkezi standart s\u0131navlarla kendini g\u00f6stermektedir. Bu anlamda merkezi standart s\u0131navlar ge\u00e7 kapitalizmin pedagojik mant\u0131\u011f\u0131 olarak g\u00f6r\u00fclebilir. Art\u0131k \u00f6\u011fretmenden istenen, bu mant\u0131\u011fa hizmet ederek s\u0131nava haz\u0131rlay\u0131c\u0131 teknisyene d\u00f6n\u00fc\u015fmesidir.<\/p>\n","protected":false},"excerpt":{"rendered":"<p>Ekonomik akl\u0131n her \u015feyi esir ald\u0131\u011f\u0131 g\u00fcn\u00fcm\u00fcz piyasa diktat\u00f6rl\u00fc\u011f\u00fc ko\u015fullar\u0131nda, \u00f6\u011fretmenlik mesle\u011fi de bu iklimden pay\u0131n\u0131 alm\u0131\u015ft\u0131r. Asl\u0131nda yaln\u0131zca \u00f6\u011fretmenli\u011fi de\u011fil, t\u00fcm e\u011fitim sistemini d\u00f6n\u00fc\u015ft\u00fcren mekanizma<span class=\"excerpt-hellip\"> [\u2026]<\/span><\/p>\n","protected":false},"featured_media":0,"template":"","meta":{"_monsterinsights_skip_tracking":false,"_monsterinsights_sitenote_active":false,"_monsterinsights_sitenote_note":"","_monsterinsights_sitenote_category":0},"product_brand":[],"product_cat":[12573,12566],"product_tag":[],"class_list":{"0":"post-777051","1":"product","2":"type-product","3":"status-publish","5":"product_cat-akademik-kitaplar","6":"product_cat-egitim","7":"pa_cilt-ciltsiz","8":"pa_tur-kitap","9":"pa_yayinevi-kalkedon-yayincilik","10":"pa_yazar-ahmet-yildiz","12":"first","13":"instock","14":"sale","15":"shipping-taxable","16":"purchasable","17":"product-type-simple"},"_links":{"self":[{"href":"https:\/\/roveyayinevi.com.tr\/index.php\/wp-json\/wp\/v2\/product\/777051","targetHints":{"allow":["GET"]}}],"collection":[{"href":"https:\/\/roveyayinevi.com.tr\/index.php\/wp-json\/wp\/v2\/product"}],"about":[{"href":"https:\/\/roveyayinevi.com.tr\/index.php\/wp-json\/wp\/v2\/types\/product"}],"wp:attachment":[{"href":"https:\/\/roveyayinevi.com.tr\/index.php\/wp-json\/wp\/v2\/media?parent=777051"}],"wp:term":[{"taxonomy":"product_brand","embeddable":true,"href":"https:\/\/roveyayinevi.com.tr\/index.php\/wp-json\/wp\/v2\/product_brand?post=777051"},{"taxonomy":"product_cat","embeddable":true,"href":"https:\/\/roveyayinevi.com.tr\/index.php\/wp-json\/wp\/v2\/product_cat?post=777051"},{"taxonomy":"product_tag","embeddable":true,"href":"https:\/\/roveyayinevi.com.tr\/index.php\/wp-json\/wp\/v2\/product_tag?post=777051"}],"curies":[{"name":"wp","href":"https:\/\/api.w.org\/{rel}","templated":true}]}}