{"id":777048,"date":"2025-10-09T02:54:39","date_gmt":"2025-10-08T23:54:39","guid":{"rendered":"https:\/\/roveyayinevi.com.tr\/index.php\/urun\/ustasina-sudoku\/"},"modified":"2026-04-16T02:07:46","modified_gmt":"2026-04-15T23:07:46","slug":"ustasina-sudoku","status":"publish","type":"product","link":"https:\/\/roveyayinevi.com.tr\/index.php\/urun\/ustasina-sudoku\/","title":{"rendered":"Ustas\u0131na Sudoku"},"content":{"rendered":"<p>Sudoku t\u00fcm d\u00fcnyada oynanmakta olan Japon k\u00f6kenli pop\u00fcler bir oyundur.SUDOKU terimi Japoncada \u201csay\u0131lar tek olmal\u0131\u201d anlam\u0131na gelen s\u00f6zc\u00fcklerin k\u0131saltmas\u0131d\u0131r.Her yerde ve tek ba\u015f\u0131na oynanabilir.Dinlendiricidir, keyif verir, zihin fonksiyonlar\u0131n\u0131n din\u00e7 kalmas\u0131na olumlu katk\u0131s\u0131 vard\u0131r. <\/p>\n","protected":false},"excerpt":{"rendered":"<p>Sudoku t\u00fcm d\u00fcnyada oynanmakta olan Japon k\u00f6kenli pop\u00fcler bir oyundur.SUDOKU terimi Japoncada \u201csay\u0131lar tek olmal\u0131\u201d anlam\u0131na gelen s\u00f6zc\u00fcklerin k\u0131saltmas\u0131d\u0131r.Her yerde ve tek ba\u015f\u0131na oynanabilir.Dinlendiricidir, keyif verir,<span class=\"excerpt-hellip\"> [\u2026]<\/span><\/p>\n","protected":false},"featured_media":0,"template":"","meta":{"_monsterinsights_skip_tracking":false,"_monsterinsights_sitenote_active":false,"_monsterinsights_sitenote_note":"","_monsterinsights_sitenote_category":0},"product_brand":[],"product_cat":[16943,15563],"product_tag":[],"class_list":{"0":"post-777048","1":"product","2":"type-product","3":"status-publish","5":"product_cat-bilmeceler-bulmacalar","6":"product_cat-hobi","7":"pa_cilt-ciltsiz","8":"pa_tur-kitap","9":"pa_yayinevi-efil-yayinevi","10":"pa_yazar-cagatay-guler","12":"first","13":"instock","14":"sale","15":"shipping-taxable","16":"purchasable","17":"product-type-simple"},"_links":{"self":[{"href":"https:\/\/roveyayinevi.com.tr\/index.php\/wp-json\/wp\/v2\/product\/777048","targetHints":{"allow":["GET"]}}],"collection":[{"href":"https:\/\/roveyayinevi.com.tr\/index.php\/wp-json\/wp\/v2\/product"}],"about":[{"href":"https:\/\/roveyayinevi.com.tr\/index.php\/wp-json\/wp\/v2\/types\/product"}],"wp:attachment":[{"href":"https:\/\/roveyayinevi.com.tr\/index.php\/wp-json\/wp\/v2\/media?parent=777048"}],"wp:term":[{"taxonomy":"product_brand","embeddable":true,"href":"https:\/\/roveyayinevi.com.tr\/index.php\/wp-json\/wp\/v2\/product_brand?post=777048"},{"taxonomy":"product_cat","embeddable":true,"href":"https:\/\/roveyayinevi.com.tr\/index.php\/wp-json\/wp\/v2\/product_cat?post=777048"},{"taxonomy":"product_tag","embeddable":true,"href":"https:\/\/roveyayinevi.com.tr\/index.php\/wp-json\/wp\/v2\/product_tag?post=777048"}],"curies":[{"name":"wp","href":"https:\/\/api.w.org\/{rel}","templated":true}]}}