{"id":777047,"date":"2025-10-09T02:46:01","date_gmt":"2025-10-08T23:46:01","guid":{"rendered":"https:\/\/roveyayinevi.com.tr\/index.php\/urun\/son-evdeki-tehlike\/"},"modified":"2026-04-16T02:06:26","modified_gmt":"2026-04-15T23:06:26","slug":"son-evdeki-tehlike","status":"publish","type":"product","link":"https:\/\/roveyayinevi.com.tr\/index.php\/urun\/son-evdeki-tehlike\/","title":{"rendered":"Son Evdeki Tehlike"},"content":{"rendered":"<p>\u0130ngiltere\u2019nin Cornwall sahillerinde emeklili\u011fin tad\u0131n\u0131 \u00e7\u0131karan Hercule Poirot g\u00fczeller g\u00fczeli Nick Buckley\u2019nin ba\u015f\u0131na gelen bir dizi kazadan k\u0131l pay\u0131 kurtuldu\u011funu duyunca dedektifli\u011fe tekrar soyunur. Gen\u00e7 k\u0131z\u0131n arabas\u0131n\u0131n freni bo\u015falm\u0131\u015ft\u0131r, kayal\u0131k yama\u00e7tan a\u015fa\u011f\u0131 b\u00fcy\u00fck bir kaya par\u00e7as\u0131 tam da y\u00fcr\u00fcd\u00fc\u011f\u00fc patikaya yuvarlanm\u0131\u015ft\u0131r, yata\u011f\u0131n\u0131n ba\u015fucunda as\u0131l\u0131 a\u011f\u0131r tablonun kordonu kopup yata\u011fa d\u00fc\u015fm\u00fc\u015ft\u00fcr. \ufffcTan\u0131t\u0131m Metni<\/p>\n","protected":false},"excerpt":{"rendered":"<p>\u0130ngiltere\u2019nin Cornwall sahillerinde emeklili\u011fin tad\u0131n\u0131 \u00e7\u0131karan Hercule Poirot g\u00fczeller g\u00fczeli Nick Buckley\u2019nin ba\u015f\u0131na gelen bir dizi kazadan k\u0131l pay\u0131 kurtuldu\u011funu duyunca dedektifli\u011fe tekrar soyunur. Gen\u00e7 k\u0131z\u0131n<span class=\"excerpt-hellip\"> [\u2026]<\/span><\/p>\n","protected":false},"featured_media":0,"template":"","meta":{"_monsterinsights_skip_tracking":false,"_monsterinsights_sitenote_active":false,"_monsterinsights_sitenote_note":"","_monsterinsights_sitenote_category":0},"product_brand":[],"product_cat":[12291,12866],"product_tag":[],"class_list":{"0":"post-777047","1":"product","2":"type-product","3":"status-publish","5":"product_cat-edebiyat","6":"product_cat-ingiliz-edebiyati","7":"pa_cilt-ciltsiz","8":"pa_tur-kitap","9":"pa_yayinevi-altin-kitaplar","10":"pa_yazar-agatha-christie","12":"first","13":"instock","14":"sale","15":"shipping-taxable","16":"purchasable","17":"product-type-simple"},"_links":{"self":[{"href":"https:\/\/roveyayinevi.com.tr\/index.php\/wp-json\/wp\/v2\/product\/777047","targetHints":{"allow":["GET"]}}],"collection":[{"href":"https:\/\/roveyayinevi.com.tr\/index.php\/wp-json\/wp\/v2\/product"}],"about":[{"href":"https:\/\/roveyayinevi.com.tr\/index.php\/wp-json\/wp\/v2\/types\/product"}],"wp:attachment":[{"href":"https:\/\/roveyayinevi.com.tr\/index.php\/wp-json\/wp\/v2\/media?parent=777047"}],"wp:term":[{"taxonomy":"product_brand","embeddable":true,"href":"https:\/\/roveyayinevi.com.tr\/index.php\/wp-json\/wp\/v2\/product_brand?post=777047"},{"taxonomy":"product_cat","embeddable":true,"href":"https:\/\/roveyayinevi.com.tr\/index.php\/wp-json\/wp\/v2\/product_cat?post=777047"},{"taxonomy":"product_tag","embeddable":true,"href":"https:\/\/roveyayinevi.com.tr\/index.php\/wp-json\/wp\/v2\/product_tag?post=777047"}],"curies":[{"name":"wp","href":"https:\/\/api.w.org\/{rel}","templated":true}]}}