{"id":777045,"date":"2025-10-09T02:07:22","date_gmt":"2025-10-08T23:07:22","guid":{"rendered":"https:\/\/roveyayinevi.com.tr\/index.php\/urun\/aleviligin-gizli-tarihi-demirin-ustunde-karinca-izi\/"},"modified":"2026-04-16T01:59:47","modified_gmt":"2026-04-15T22:59:47","slug":"aleviligin-gizli-tarihi-demirin-ustunde-karinca-izi","status":"publish","type":"product","link":"https:\/\/roveyayinevi.com.tr\/index.php\/urun\/aleviligin-gizli-tarihi-demirin-ustunde-karinca-izi\/","title":{"rendered":"Alevili\u011fin Gizli Tarihi Demirin \u00dcst\u00fcnde Kar\u0131nca \u0130zi"},"content":{"rendered":"<p>Alevili\u011fin \u0130slam co\u011frafyas\u0131 i\u00e7inde g\u00fcvenlik sorunu ya\u015fad\u0131\u011f\u0131 karanl\u0131k d\u00f6nemlerde, Alevi erk\u00e2n\u0131n\u0131 ve inanc\u0131n\u0131 sonraki ku\u015faklara aktarabilmek i\u00e7in zorunlu olarak b\u00fcr\u00fcnd\u00fc\u011f\u00fc zahiri kisveler , sonunda Alevili\u011fin tan\u0131m\u0131 olarak sunulabilecek kadar Alevili\u011fin \u00fczerine sinmi\u015ftir. Bu ara\u015ft\u0131rma, Alevilerin korunma g\u00fcd\u00fcs\u00fc ile kendileri i\u00e7in olu\u015fturduklar\u0131 d\u0131\u015f kabu\u011fu, Alevili\u011fin kendisi imi\u015f gibi ortaya koyan yayg\u0131n yanl\u0131\u015flar\u0131n hakim oldu\u011fu bir iklimde ve zamanda okuyucusuyla bulu\u015ftu. Ara\u015ft\u0131rmada ortaya konulan, d\u0131\u015f kabu\u011fu k\u0131r\u0131lm\u0131\u015f, g\u00fcvenlik z\u0131rh\u0131 a\u015f\u0131lm\u0131\u015f, \u00fczerindeki ayr\u0131k otlar\u0131 temizlenmi\u015f bir Alevi tan\u0131mlamas\u0131 k\u0131sa s\u00fcrede b\u00fcy\u00fck kabul g\u00f6rd\u00fc, ilgi ve \u00f6vg\u00fc seli kar\u015f\u0131land\u0131. Alevilik bir insanl\u0131k miras\u0131d\u0131r. Kadim d\u00fcnyadan bug\u00fcne aktar\u0131lm\u0131\u015f de\u011ferli bir arma\u011fand\u0131r. Bu topraklar\u0131n en \u00f6nemli zenginli\u011fidir. Bu zenginli\u011fi ortadan kald\u0131rman\u0131n hunhar \u00e7abas\u0131 i\u00e7inde olmak, bir insanl\u0131k ay\u0131b\u0131d\u0131r. Alevilik bu yery\u00fcz\u00fcn\u00fcn, \u00fczerinde ya\u015fad\u0131\u011f\u0131m\u0131z bu gezegenin g\u00f6rd\u00fc\u011f\u00fc, b\u00fcy\u00fck ve muhte\u015fem bir r\u00fcyad\u0131r. Bu g\u00f6rkemli r\u00fcyan\u0131n devam\u0131 olmak, b\u00f6ylesi \u00f6nemli bir miras\u0131n par\u00e7as\u0131 veya kom\u015fusu olmak, bu topraklarda ya\u015fayanlar\u0131n b\u00fcy\u00fck talihidir. Aleviler Hakk\u2019tan gelen nida y\u0131 bug\u00fcne ula\u015ft\u0131rabilmek i\u00e7in \u0131st\u0131raplar\u0131na, kederlerine ve \u00e7aresizliklerine sadakat ile ba\u011fl\u0131 kald\u0131lar. Me\u015fakkatli bir yoldan y\u00fcr\u00fcyerek, ola\u011fan\u00fcst\u00fc b\u00fcy\u00fcl\u00fc bir d\u00fcnya kurdular. Bu d\u00fcnyan\u0131n i\u00e7inde olmaktan mutluyum ve kendimi \u00f6d\u00fcllendirilmi\u015f say\u0131yorum. Ger\u00e7ekler bizi bu demden, bu cemden, bu yoldan mahrum etmesin. \ufffcTan\u0131t\u0131m Metni<\/p>\n","protected":false},"excerpt":{"rendered":"<p>Alevili\u011fin \u0130slam co\u011frafyas\u0131 i\u00e7inde g\u00fcvenlik sorunu ya\u015fad\u0131\u011f\u0131 karanl\u0131k d\u00f6nemlerde, Alevi erk\u00e2n\u0131n\u0131 ve inanc\u0131n\u0131 sonraki ku\u015faklara aktarabilmek i\u00e7in zorunlu olarak b\u00fcr\u00fcnd\u00fc\u011f\u00fc zahiri kisveler , sonunda Alevili\u011fin tan\u0131m\u0131<span class=\"excerpt-hellip\"> [\u2026]<\/span><\/p>\n","protected":false},"featured_media":0,"template":"","meta":{"_monsterinsights_skip_tracking":false,"_monsterinsights_sitenote_active":false,"_monsterinsights_sitenote_note":"","_monsterinsights_sitenote_category":0},"product_brand":[],"product_cat":[13575,12718,12719],"product_tag":[],"class_list":{"0":"post-777045","1":"product","2":"type-product","3":"status-publish","5":"product_cat-alevilik-bektasilik","6":"product_cat-din","7":"product_cat-islam","8":"pa_tur-kitap","9":"pa_yayinevi-kalkedon-yayincilik","10":"pa_yazar-erdogan-cinar","12":"first","13":"instock","14":"sale","15":"shipping-taxable","16":"purchasable","17":"product-type-simple"},"_links":{"self":[{"href":"https:\/\/roveyayinevi.com.tr\/index.php\/wp-json\/wp\/v2\/product\/777045","targetHints":{"allow":["GET"]}}],"collection":[{"href":"https:\/\/roveyayinevi.com.tr\/index.php\/wp-json\/wp\/v2\/product"}],"about":[{"href":"https:\/\/roveyayinevi.com.tr\/index.php\/wp-json\/wp\/v2\/types\/product"}],"wp:attachment":[{"href":"https:\/\/roveyayinevi.com.tr\/index.php\/wp-json\/wp\/v2\/media?parent=777045"}],"wp:term":[{"taxonomy":"product_brand","embeddable":true,"href":"https:\/\/roveyayinevi.com.tr\/index.php\/wp-json\/wp\/v2\/product_brand?post=777045"},{"taxonomy":"product_cat","embeddable":true,"href":"https:\/\/roveyayinevi.com.tr\/index.php\/wp-json\/wp\/v2\/product_cat?post=777045"},{"taxonomy":"product_tag","embeddable":true,"href":"https:\/\/roveyayinevi.com.tr\/index.php\/wp-json\/wp\/v2\/product_tag?post=777045"}],"curies":[{"name":"wp","href":"https:\/\/api.w.org\/{rel}","templated":true}]}}