{"id":777042,"date":"2025-10-08T19:22:12","date_gmt":"2025-10-08T16:22:12","guid":{"rendered":"https:\/\/roveyayinevi.com.tr\/index.php\/urun\/balkanlardan-gelen-cocuk\/"},"modified":"2026-04-15T03:43:11","modified_gmt":"2026-04-15T00:43:11","slug":"balkanlardan-gelen-cocuk","status":"publish","type":"product","link":"https:\/\/roveyayinevi.com.tr\/index.php\/urun\/balkanlardan-gelen-cocuk\/","title":{"rendered":"Balkanlardan Gelen \u00c7ocuk"},"content":{"rendered":"<p>Yaln\u0131zca e\u015fyalar ta\u015f\u0131nmad\u0131 o g\u00f6\u00e7le. Sesler, kokular, al\u0131\u015fkanl\u0131klar da valizlere s\u0131zd\u0131. O \u00e7ocuklar, hi\u00e7birini unutmad\u0131. Bazen d\u00fcnya, bir \u00e7ocu\u011fun eline verilen gazoz \u015fi\u015fesi kadard\u0131 belki de. Yeni bir \u00fclke, yeni bir s\u0131ra, yeni bir soyad\u0131&#8230; Kimi g\u00f6\u00e7ten sonra susar, kimi ko\u015fmay\u0131 \u00f6\u011frenir. Tutunmak bazen sadece y\u00fcr\u00fcmekle de\u011fil, vazge\u00e7memekle olur.  Al\u0131\u015fmak zordu. Al\u0131\u015ft\u0131lar i\u015fte&#8230; Y\u0131llar ge\u00e7er, pencere yerinde durur. A\u011fa\u00e7lar b\u00fcy\u00fcr, yollar kapan\u0131r. O pencere h\u00e2l\u00e2 ayn\u0131 yere bakar. \u0130\u00e7eriye yine ayn\u0131 \u0131\u015f\u0131k d\u00fc\u015fer &#8211; belki biraz daha solgun, ama tan\u0131d\u0131k. &#8220;O ayakta kalmay\u0131 ba\u015farm\u0131\u015f ta\u015f evimizin \u00e7at\u0131s\u0131 \u00e7\u00f6km\u00fc\u015f. \u00dcst kat zemininde de yer yer \u00e7\u00f6kmeler olmu\u015f. D\u0131\u015f merdiven basamaklar\u0131 y\u0131llara meydan okumu\u015f, art\u0131k bir merdivenden ziyade ta\u015f y\u0131\u011f\u0131n\u0131na d\u00f6nm\u00fc\u015f. Otlar, yosunlar kaplam\u0131\u015f her yeri. Ben bir yolunu bulup, o merdivenden \u00e7\u0131karak \u00fcst kat zemininden bakt\u0131m bah\u00e7e taraf\u0131na, \u00f6zlemle doya doya&#8230;&#8221; O ta\u015f eve yaslan\u0131rs\u0131n ve tan\u0131r seni. Duvar\u0131na dokununca i\u00e7indeki \u00e7ocuk uyan\u0131r. Bazen d\u00f6nmek, zaman\u0131 durdurmak de\u011fil; bir an\u0131ya y\u0131llar \u00f6nceki gibi yakla\u015fmakt\u0131r. <\/p>\n","protected":false},"excerpt":{"rendered":"<p>Yaln\u0131zca e\u015fyalar ta\u015f\u0131nmad\u0131 o g\u00f6\u00e7le. Sesler, kokular, al\u0131\u015fkanl\u0131klar da valizlere s\u0131zd\u0131. O \u00e7ocuklar, hi\u00e7birini unutmad\u0131. Bazen d\u00fcnya, bir \u00e7ocu\u011fun eline verilen gazoz \u015fi\u015fesi kadard\u0131 belki de.<span class=\"excerpt-hellip\"> [\u2026]<\/span><\/p>\n","protected":false},"featured_media":0,"template":"","meta":{"_monsterinsights_skip_tracking":false,"_monsterinsights_sitenote_active":false,"_monsterinsights_sitenote_note":"","_monsterinsights_sitenote_category":0},"product_brand":[],"product_cat":[12291,12711],"product_tag":[],"class_list":{"0":"post-777042","1":"product","2":"type-product","3":"status-publish","5":"product_cat-edebiyat","6":"product_cat-roman-oyku","7":"pa_cilt-ciltsiz","8":"pa_tur-kitap","9":"pa_yayinevi-theseus-yayinevi","10":"pa_yazar-muhsin-guler","12":"first","13":"instock","14":"sale","15":"shipping-taxable","16":"purchasable","17":"product-type-simple"},"_links":{"self":[{"href":"https:\/\/roveyayinevi.com.tr\/index.php\/wp-json\/wp\/v2\/product\/777042","targetHints":{"allow":["GET"]}}],"collection":[{"href":"https:\/\/roveyayinevi.com.tr\/index.php\/wp-json\/wp\/v2\/product"}],"about":[{"href":"https:\/\/roveyayinevi.com.tr\/index.php\/wp-json\/wp\/v2\/types\/product"}],"wp:attachment":[{"href":"https:\/\/roveyayinevi.com.tr\/index.php\/wp-json\/wp\/v2\/media?parent=777042"}],"wp:term":[{"taxonomy":"product_brand","embeddable":true,"href":"https:\/\/roveyayinevi.com.tr\/index.php\/wp-json\/wp\/v2\/product_brand?post=777042"},{"taxonomy":"product_cat","embeddable":true,"href":"https:\/\/roveyayinevi.com.tr\/index.php\/wp-json\/wp\/v2\/product_cat?post=777042"},{"taxonomy":"product_tag","embeddable":true,"href":"https:\/\/roveyayinevi.com.tr\/index.php\/wp-json\/wp\/v2\/product_tag?post=777042"}],"curies":[{"name":"wp","href":"https:\/\/api.w.org\/{rel}","templated":true}]}}