{"id":777040,"date":"2025-10-08T19:22:09","date_gmt":"2025-10-08T16:22:09","guid":{"rendered":"https:\/\/roveyayinevi.com.tr\/index.php\/urun\/2063te-sekiz-ay\/"},"modified":"2026-04-15T03:43:11","modified_gmt":"2026-04-15T00:43:11","slug":"2063te-sekiz-ay","status":"publish","type":"product","link":"https:\/\/roveyayinevi.com.tr\/index.php\/urun\/2063te-sekiz-ay\/","title":{"rendered":"2063\u2019te Sekiz Ay"},"content":{"rendered":"<p>Takvimler 2063 y\u0131l\u0131n\u0131 g\u00f6steriyordu\u2026 \u0130nsanl\u0131k kaosun e\u015fi\u011finde, sava\u015flar\u0131n ve felaketlerin g\u00f6lgesindeydi. \u0130\u015fte bu d\u00f6nemde Alex, ya\u015fad\u0131klar\u0131n\u0131 s\u0131radan bir g\u00fcnl\u00fck gibi kaydetmeye ba\u015flad\u0131. Ama onun g\u00fcnl\u00fc\u011f\u00fc s\u0131radan bir y\u0131l\u0131n de\u011fil; k\u00fcresel bir D\u00fcnya Sava\u015f\u0131, Antarktika\u2019n\u0131n buzlar\u0131 aras\u0131nda verilen bir ya\u015fam m\u00fccadelesi ve Mars\u2019a yap\u0131lan yolculukta ke\u015ffedilen insanl\u0131\u011f\u0131n kaderini de\u011fi\u015ftirecek s\u0131rlar\u0131n hik\u00e2yesiydi.   Alex bu zorlu yolculukta asla yaln\u0131z de\u011fildi. En yak\u0131n dostu Tim, sadakatiyle ona g\u00fc\u00e7 verirken; Sofia, hem kalbinin sahibi hem de m\u00fccadele arkada\u015f\u0131 olacakt\u0131. \u00dc\u00e7\u00fc birlikte yaln\u0131zca hayatta kalmaya de\u011fil, ayn\u0131 zamanda ger\u00e7e\u011fi \u00f6\u011frenmeye, umut etmeye ve insanl\u0131\u011f\u0131n gelece\u011fini yeniden yazmaya \u00e7al\u0131\u015ft\u0131. Her ay, bamba\u015fka bir s\u0131nav, bamba\u015fka bir s\u0131r, bamba\u015fka bir m\u00fccadele demekti.   Okur olarak siz de bu g\u00fcnl\u00fc\u011f\u00fcn sayfalar\u0131nda, Alex\u2019in g\u00f6z\u00fcnden sava\u015flara, yolculuklara ve ke\u015fiflere tan\u0131k olacaks\u0131n\u0131z. G\u00f6z a\u00e7\u0131p kapay\u0131ncaya kadar bitecek bu ser\u00fcven, zihninizde ve kalbinizde uzun s\u00fcre ya\u015famaya devam edecek. \u00c7\u00fcnk\u00fc bu yaln\u0131zca bir hik\u00e2ye de\u011fil; cesaretin, dostlu\u011fun ve insanl\u0131\u011f\u0131n yeniden do\u011fu\u015funun \u00e7a\u011fr\u0131s\u0131d\u0131r.   Haz\u0131r olun. Bu yolculuk g\u00f6z a\u00e7\u0131p kapay\u0131ncaya kadar bitecek ama zihninizde sonsuza dek ya\u015fayacak!<\/p>\n","protected":false},"excerpt":{"rendered":"<p>Takvimler 2063 y\u0131l\u0131n\u0131 g\u00f6steriyordu\u2026 \u0130nsanl\u0131k kaosun e\u015fi\u011finde, sava\u015flar\u0131n ve felaketlerin g\u00f6lgesindeydi. \u0130\u015fte bu d\u00f6nemde Alex, ya\u015fad\u0131klar\u0131n\u0131 s\u0131radan bir g\u00fcnl\u00fck gibi kaydetmeye ba\u015flad\u0131. Ama onun g\u00fcnl\u00fc\u011f\u00fc s\u0131radan<span class=\"excerpt-hellip\"> [\u2026]<\/span><\/p>\n","protected":false},"featured_media":0,"template":"","meta":{"_monsterinsights_skip_tracking":false,"_monsterinsights_sitenote_active":false,"_monsterinsights_sitenote_note":"","_monsterinsights_sitenote_category":0},"product_brand":[],"product_cat":[141304],"product_tag":[],"class_list":{"0":"post-777040","1":"product","2":"type-product","3":"status-publish","5":"product_cat-yeni-cikanlar","6":"pa_cilt-ciltsiz","7":"pa_tur-kitap","8":"pa_yayinevi-theseus-yayinevi","9":"pa_yazar-agah-eren-koksen","11":"first","12":"instock","13":"sale","14":"shipping-taxable","15":"purchasable","16":"product-type-simple"},"_links":{"self":[{"href":"https:\/\/roveyayinevi.com.tr\/index.php\/wp-json\/wp\/v2\/product\/777040","targetHints":{"allow":["GET"]}}],"collection":[{"href":"https:\/\/roveyayinevi.com.tr\/index.php\/wp-json\/wp\/v2\/product"}],"about":[{"href":"https:\/\/roveyayinevi.com.tr\/index.php\/wp-json\/wp\/v2\/types\/product"}],"wp:attachment":[{"href":"https:\/\/roveyayinevi.com.tr\/index.php\/wp-json\/wp\/v2\/media?parent=777040"}],"wp:term":[{"taxonomy":"product_brand","embeddable":true,"href":"https:\/\/roveyayinevi.com.tr\/index.php\/wp-json\/wp\/v2\/product_brand?post=777040"},{"taxonomy":"product_cat","embeddable":true,"href":"https:\/\/roveyayinevi.com.tr\/index.php\/wp-json\/wp\/v2\/product_cat?post=777040"},{"taxonomy":"product_tag","embeddable":true,"href":"https:\/\/roveyayinevi.com.tr\/index.php\/wp-json\/wp\/v2\/product_tag?post=777040"}],"curies":[{"name":"wp","href":"https:\/\/api.w.org\/{rel}","templated":true}]}}