{"id":777037,"date":"2025-10-08T19:22:04","date_gmt":"2025-10-08T16:22:04","guid":{"rendered":"https:\/\/roveyayinevi.com.tr\/index.php\/urun\/duzah-2-sonsuz-aci-ciltli-yan-boyamali\/"},"modified":"2026-04-13T03:38:09","modified_gmt":"2026-04-13T00:38:09","slug":"duzah-2-sonsuz-aci-ciltli-yan-boyamali","status":"publish","type":"product","link":"https:\/\/roveyayinevi.com.tr\/index.php\/urun\/duzah-2-sonsuz-aci-ciltli-yan-boyamali\/","title":{"rendered":"Duzah 2: Sonsuz Ac\u0131 \u2013 Ciltli Yan Boyamal\u0131"},"content":{"rendered":"<p>OYUN, \u00c7OK UZUN YILLAR \u00d6NCE BA\u015eLAMI\u015e VE \u0130LK TA\u015e \u00c7OKTAN HAREKET ETT\u0130R\u0130LM\u0130\u015eT\u0130. D\u00f6rt b\u00fcy\u00fck ailenin \u00e7ocuklar\u0131, hayatta kalmak ve tahta ge\u00e7mek i\u00e7in m\u00fccadele ederken ailelerinin onlar\u0131n kaderini belirlemek i\u00e7in \u00e7ok daha sert ad\u0131mlar att\u0131klar\u0131n\u0131n belki de fark\u0131nda de\u011fillerdi. E\u011fer kazanmak istiyorlarsa g\u00f6zlerini a\u00e7\u0131k tutmak ve kurallar\u0131 yeniden yazmak zorundayd\u0131lar. Ama bunu yapmak g\u00f6r\u00fcnd\u00fc\u011f\u00fc kadar kolay de\u011fildi. Aslanlar\u0131n bir par\u00e7as\u0131 olarak bir arada b\u00fcy\u00fck bir g\u00fc\u00e7 g\u00f6sterisi sergilerlerken, asl\u0131nda her birinin bir di\u011ferini yoldan \u00e7\u0131karmak i\u00e7in plan\u0131 vard\u0131. Peki, kim kazanacakt\u0131? D\u00fc\u015fman\u0131yla ittifak kurabilir, dostunla kar\u015f\u0131 cephelerde sava\u015fabilir miydin? Ya a\u015fk? Bu sava\u015f\u0131n i\u00e7inde kalbine yer verebilir miydin? Uyar\u0131: Yeti\u015fkin okurlar i\u00e7indir.<\/p>\n","protected":false},"excerpt":{"rendered":"<p>OYUN, \u00c7OK UZUN YILLAR \u00d6NCE BA\u015eLAMI\u015e VE \u0130LK TA\u015e \u00c7OKTAN HAREKET ETT\u0130R\u0130LM\u0130\u015eT\u0130. D\u00f6rt b\u00fcy\u00fck ailenin \u00e7ocuklar\u0131, hayatta kalmak ve tahta ge\u00e7mek i\u00e7in m\u00fccadele ederken ailelerinin onlar\u0131n<span class=\"excerpt-hellip\"> [\u2026]<\/span><\/p>\n","protected":false},"featured_media":0,"template":"","meta":{"_monsterinsights_skip_tracking":false,"_monsterinsights_sitenote_active":false,"_monsterinsights_sitenote_note":"","_monsterinsights_sitenote_category":0},"product_brand":[],"product_cat":[12291,12711],"product_tag":[],"class_list":{"0":"post-777037","1":"product","2":"type-product","3":"status-publish","5":"product_cat-edebiyat","6":"product_cat-roman-oyku","7":"pa_cilt-ciltli","8":"pa_tur-kitap","9":"pa_yayinevi-ephesus-yayinlari","10":"pa_yazar-hazel-noya","12":"first","13":"instock","14":"sale","15":"shipping-taxable","16":"purchasable","17":"product-type-simple"},"_links":{"self":[{"href":"https:\/\/roveyayinevi.com.tr\/index.php\/wp-json\/wp\/v2\/product\/777037","targetHints":{"allow":["GET"]}}],"collection":[{"href":"https:\/\/roveyayinevi.com.tr\/index.php\/wp-json\/wp\/v2\/product"}],"about":[{"href":"https:\/\/roveyayinevi.com.tr\/index.php\/wp-json\/wp\/v2\/types\/product"}],"wp:attachment":[{"href":"https:\/\/roveyayinevi.com.tr\/index.php\/wp-json\/wp\/v2\/media?parent=777037"}],"wp:term":[{"taxonomy":"product_brand","embeddable":true,"href":"https:\/\/roveyayinevi.com.tr\/index.php\/wp-json\/wp\/v2\/product_brand?post=777037"},{"taxonomy":"product_cat","embeddable":true,"href":"https:\/\/roveyayinevi.com.tr\/index.php\/wp-json\/wp\/v2\/product_cat?post=777037"},{"taxonomy":"product_tag","embeddable":true,"href":"https:\/\/roveyayinevi.com.tr\/index.php\/wp-json\/wp\/v2\/product_tag?post=777037"}],"curies":[{"name":"wp","href":"https:\/\/api.w.org\/{rel}","templated":true}]}}