{"id":777034,"date":"2025-10-08T19:22:00","date_gmt":"2025-10-08T16:22:00","guid":{"rendered":"https:\/\/roveyayinevi.com.tr\/index.php\/urun\/duzah-2-sonsuz-aci-hediyeli-kutu\/"},"modified":"2026-04-13T03:38:09","modified_gmt":"2026-04-13T00:38:09","slug":"duzah-2-sonsuz-aci-hediyeli-kutu","status":"publish","type":"product","link":"https:\/\/roveyayinevi.com.tr\/index.php\/urun\/duzah-2-sonsuz-aci-hediyeli-kutu\/","title":{"rendered":"Duzah 2: Sonsuz Ac\u0131 \u2013 Hediyeli Kutu"},"content":{"rendered":"<p>\u0130\u00c7ER\u0130KDuzah 2: Sonsuz Ac\u0131 (Ciltli) Lak Detayl\u0131 Mat Selefon Kutu Kartpostal (2 Adet) Karakter Kart\u0131 Defter Poster Ayra\u00e7 Uyar\u0131: Yeti\u015fkin okurlar i\u00e7indir.<\/p>\n","protected":false},"excerpt":{"rendered":"<p>\u0130\u00c7ER\u0130KDuzah 2: Sonsuz Ac\u0131 (Ciltli) Lak Detayl\u0131 Mat Selefon Kutu Kartpostal (2 Adet) Karakter Kart\u0131 Defter Poster Ayra\u00e7 Uyar\u0131: Yeti\u015fkin okurlar i\u00e7indir.<\/p>\n","protected":false},"featured_media":0,"template":"","meta":{"_monsterinsights_skip_tracking":false,"_monsterinsights_sitenote_active":false,"_monsterinsights_sitenote_note":"","_monsterinsights_sitenote_category":0},"product_brand":[],"product_cat":[12291,12711],"product_tag":[],"class_list":{"0":"post-777034","1":"product","2":"type-product","3":"status-publish","5":"product_cat-edebiyat","6":"product_cat-roman-oyku","7":"pa_cilt-ciltli","8":"pa_tur-kitap","9":"pa_yayinevi-ephesus-yayinlari","10":"pa_yazar-hazel-noya","12":"first","13":"instock","14":"sale","15":"shipping-taxable","16":"purchasable","17":"product-type-simple"},"_links":{"self":[{"href":"https:\/\/roveyayinevi.com.tr\/index.php\/wp-json\/wp\/v2\/product\/777034","targetHints":{"allow":["GET"]}}],"collection":[{"href":"https:\/\/roveyayinevi.com.tr\/index.php\/wp-json\/wp\/v2\/product"}],"about":[{"href":"https:\/\/roveyayinevi.com.tr\/index.php\/wp-json\/wp\/v2\/types\/product"}],"wp:attachment":[{"href":"https:\/\/roveyayinevi.com.tr\/index.php\/wp-json\/wp\/v2\/media?parent=777034"}],"wp:term":[{"taxonomy":"product_brand","embeddable":true,"href":"https:\/\/roveyayinevi.com.tr\/index.php\/wp-json\/wp\/v2\/product_brand?post=777034"},{"taxonomy":"product_cat","embeddable":true,"href":"https:\/\/roveyayinevi.com.tr\/index.php\/wp-json\/wp\/v2\/product_cat?post=777034"},{"taxonomy":"product_tag","embeddable":true,"href":"https:\/\/roveyayinevi.com.tr\/index.php\/wp-json\/wp\/v2\/product_tag?post=777034"}],"curies":[{"name":"wp","href":"https:\/\/api.w.org\/{rel}","templated":true}]}}