{"id":777030,"date":"2025-10-08T19:21:53","date_gmt":"2025-10-08T16:21:53","guid":{"rendered":"https:\/\/roveyayinevi.com.tr\/index.php\/urun\/mustafa-kemal-pasanin-yol-hikayeleri\/"},"modified":"2026-04-15T03:43:09","modified_gmt":"2026-04-15T00:43:09","slug":"mustafa-kemal-pasanin-yol-hikayeleri","status":"publish","type":"product","link":"https:\/\/roveyayinevi.com.tr\/index.php\/urun\/mustafa-kemal-pasanin-yol-hikayeleri\/","title":{"rendered":"Mustafa Kemal Pa\u015fa&#8217;n\u0131n Yol Hikayeleri"},"content":{"rendered":"<p>Yolunda y\u00fcr\u00fcyen yolcu, Yaln\u0131z ufkunu de\u011fil, Ufkun \u00f6telerini de g\u00f6rebilmelidir.\u201d Mustafa Kemal Atat\u00fcrk <\/p>\n","protected":false},"excerpt":{"rendered":"<p>Yolunda y\u00fcr\u00fcyen yolcu, Yaln\u0131z ufkunu de\u011fil, Ufkun \u00f6telerini de g\u00f6rebilmelidir.\u201d Mustafa Kemal Atat\u00fcrk<\/p>\n","protected":false},"featured_media":0,"template":"","meta":{"_monsterinsights_skip_tracking":false,"_monsterinsights_sitenote_active":false,"_monsterinsights_sitenote_note":"","_monsterinsights_sitenote_category":0},"product_brand":[],"product_cat":[12370,12304],"product_tag":[],"class_list":{"0":"post-777030","1":"product","2":"type-product","3":"status-publish","5":"product_cat-arastirma-inceleme","6":"product_cat-tarih","7":"pa_cilt-ciltsiz","8":"pa_tur-kitap","9":"pa_yayinevi-soncag","10":"pa_yazar-fatih-turkoglu","12":"first","13":"instock","14":"sale","15":"shipping-taxable","16":"purchasable","17":"product-type-simple"},"_links":{"self":[{"href":"https:\/\/roveyayinevi.com.tr\/index.php\/wp-json\/wp\/v2\/product\/777030","targetHints":{"allow":["GET"]}}],"collection":[{"href":"https:\/\/roveyayinevi.com.tr\/index.php\/wp-json\/wp\/v2\/product"}],"about":[{"href":"https:\/\/roveyayinevi.com.tr\/index.php\/wp-json\/wp\/v2\/types\/product"}],"wp:attachment":[{"href":"https:\/\/roveyayinevi.com.tr\/index.php\/wp-json\/wp\/v2\/media?parent=777030"}],"wp:term":[{"taxonomy":"product_brand","embeddable":true,"href":"https:\/\/roveyayinevi.com.tr\/index.php\/wp-json\/wp\/v2\/product_brand?post=777030"},{"taxonomy":"product_cat","embeddable":true,"href":"https:\/\/roveyayinevi.com.tr\/index.php\/wp-json\/wp\/v2\/product_cat?post=777030"},{"taxonomy":"product_tag","embeddable":true,"href":"https:\/\/roveyayinevi.com.tr\/index.php\/wp-json\/wp\/v2\/product_tag?post=777030"}],"curies":[{"name":"wp","href":"https:\/\/api.w.org\/{rel}","templated":true}]}}