{"id":777027,"date":"2025-10-08T19:21:50","date_gmt":"2025-10-08T16:21:50","guid":{"rendered":"https:\/\/roveyayinevi.com.tr\/index.php\/urun\/bir-tahta-bavulla-yola-ciktihamit-kaplan\/"},"modified":"2026-04-15T03:43:09","modified_gmt":"2026-04-15T00:43:09","slug":"bir-tahta-bavulla-yola-ciktihamit-kaplan","status":"publish","type":"product","link":"https:\/\/roveyayinevi.com.tr\/index.php\/urun\/bir-tahta-bavulla-yola-ciktihamit-kaplan\/","title":{"rendered":"Bir Tahta Bavulla Yola \u00c7\u0131kt\u0131\u2026Hamit Kaplan"},"content":{"rendered":"<p>Hamit, g\u00fcre\u015fe deli gibi a\u015f\u0131kt\u0131 &#8230; Nas\u0131l da ilk g\u00fcn gibi, k\u0131vanarak anlat\u0131rd\u0131 g\u00fcre\u015fe ba\u015flay\u0131\u015f\u0131n\u0131: &#8220;Asl\u0131nda on alt\u0131 ya\u015f\u0131ndayken benim i\u015fim g\u00fcc\u00fcm \u00f6k\u00fczleri \u00f6n\u00fcme kat\u0131p tarla s\u00fcrmeye gitmekti. Sonra efendim, g\u00fcn\u00fcn birinde bizim k\u00f6y gillerin iyi g\u00fcre\u015f\u00e7ilerinden Haydar a\u011fabey \u00e7evirdi, yine tarlaya giderken. Tatl\u0131 diliyle kand\u0131r\u0131p ald\u0131 g\u00f6t\u00fcrd\u00fc beni g\u00fcre\u015flere. Arabay\u0131 saklay\u0131p \u00f6k\u00fczleri \u00e7ay\u0131ra sald\u0131m ;yolu yoktu &#8230; Emanet kispetle \u00e7\u0131kt\u0131m \u00e7ay\u0131ra. Beceremedi\u011fjmden, Haydar a\u011fabey ya\u011flam\u0131\u015ft\u0131 beni bir g\u00fczel . Ben mi iyiydim, yoksa kap\u0131\u015ft\u0131klar\u0131m m\u0131 k\u00f6t\u00fcyd\u00fc, neyse &#8230; Elensemi yiyen \u00e7\u00f6k\u00fcyordu secdeye var\u0131r gibi &#8230; O g\u00fcn be\u015f lira verdiler bana. Eve d\u00f6n\u00fc\u015fte, babamdan bir g\u00fczel dayak yedim . Ama g\u00fcre\u015fin tad\u0131, daya\u011f\u0131n ac\u0131s\u0131ndan daha bask\u0131nd\u0131 do\u011frusu. Sonra \u00e7o\u011fald\u0131 o be\u015f liralar . Annem g\u00fcre\u015fmemi o kadar istemezdi ama onu da ikna etmi\u015ftim. Ve derken day\u0131m Adil Candemir yo\u011furmaya ba\u015flad\u0131 beni &#8230; Sonras\u0131n\u0131 bilmeyen var m\u0131?&#8221;  1950&#8217;lerde d\u00fcnyan\u0131n en kuvvetli adam\u0131 sadece g\u00fcre\u015fleriyle de\u011fil, topra\u011fa d\u00fc\u015ft\u00fc\u011f\u00fc andan 41 ya\u015f\u0131nda ona geri d\u00f6nd\u00fc\u011f\u00fc ana kadar \u00fclke, aile ve zafer sevdas\u0131yla dolu dolu ya\u015fad\u0131. <\/p>\n","protected":false},"excerpt":{"rendered":"<p>Hamit, g\u00fcre\u015fe deli gibi a\u015f\u0131kt\u0131 &#8230; Nas\u0131l da ilk g\u00fcn gibi, k\u0131vanarak anlat\u0131rd\u0131 g\u00fcre\u015fe ba\u015flay\u0131\u015f\u0131n\u0131: &#8220;Asl\u0131nda on alt\u0131 ya\u015f\u0131ndayken benim i\u015fim g\u00fcc\u00fcm \u00f6k\u00fczleri \u00f6n\u00fcme kat\u0131p tarla<span class=\"excerpt-hellip\"> [\u2026]<\/span><\/p>\n","protected":false},"featured_media":0,"template":"","meta":{"_monsterinsights_skip_tracking":false,"_monsterinsights_sitenote_active":false,"_monsterinsights_sitenote_note":"","_monsterinsights_sitenote_category":0},"product_brand":[],"product_cat":[141304],"product_tag":[],"class_list":{"0":"post-777027","1":"product","2":"type-product","3":"status-publish","5":"product_cat-yeni-cikanlar","6":"pa_cilt-ciltsiz","7":"pa_tur-kitap","8":"pa_yayinevi-soncag","9":"pa_yazar-fatih-turkoglu","11":"first","12":"instock","13":"sale","14":"shipping-taxable","15":"purchasable","16":"product-type-simple"},"_links":{"self":[{"href":"https:\/\/roveyayinevi.com.tr\/index.php\/wp-json\/wp\/v2\/product\/777027","targetHints":{"allow":["GET"]}}],"collection":[{"href":"https:\/\/roveyayinevi.com.tr\/index.php\/wp-json\/wp\/v2\/product"}],"about":[{"href":"https:\/\/roveyayinevi.com.tr\/index.php\/wp-json\/wp\/v2\/types\/product"}],"wp:attachment":[{"href":"https:\/\/roveyayinevi.com.tr\/index.php\/wp-json\/wp\/v2\/media?parent=777027"}],"wp:term":[{"taxonomy":"product_brand","embeddable":true,"href":"https:\/\/roveyayinevi.com.tr\/index.php\/wp-json\/wp\/v2\/product_brand?post=777027"},{"taxonomy":"product_cat","embeddable":true,"href":"https:\/\/roveyayinevi.com.tr\/index.php\/wp-json\/wp\/v2\/product_cat?post=777027"},{"taxonomy":"product_tag","embeddable":true,"href":"https:\/\/roveyayinevi.com.tr\/index.php\/wp-json\/wp\/v2\/product_tag?post=777027"}],"curies":[{"name":"wp","href":"https:\/\/api.w.org\/{rel}","templated":true}]}}