{"id":777026,"date":"2025-10-08T19:21:47","date_gmt":"2025-10-08T16:21:47","guid":{"rendered":"https:\/\/roveyayinevi.com.tr\/index.php\/urun\/kutup-yildizi-6-son-liman-hediyeli-kutu-ciltli\/"},"modified":"2026-04-15T03:43:09","modified_gmt":"2026-04-15T00:43:09","slug":"kutup-yildizi-6-son-liman-hediyeli-kutu-ciltli","status":"publish","type":"product","link":"https:\/\/roveyayinevi.com.tr\/index.php\/urun\/kutup-yildizi-6-son-liman-hediyeli-kutu-ciltli\/","title":{"rendered":"Kutup Y\u0131ld\u0131z\u0131 6: Son Liman \u2013 Hediyeli Kutu (Ciltli)"},"content":{"rendered":"<p>\u0130\u00c7ER\u0130K: Kutup Y\u0131ld\u0131z\u0131 6: Son Liman (Ciltli) Lak Detayl\u0131 Mat Selefon Kutu \u00d6zel Tasar\u0131m Bardak Altl\u0131\u011f\u0131 \u00d6zel Kesim Ayra\u00e7 Poster (2 Adet) Kartpostal Defter<\/p>\n","protected":false},"excerpt":{"rendered":"<p>\u0130\u00c7ER\u0130K: Kutup Y\u0131ld\u0131z\u0131 6: Son Liman (Ciltli) Lak Detayl\u0131 Mat Selefon Kutu \u00d6zel Tasar\u0131m Bardak Altl\u0131\u011f\u0131 \u00d6zel Kesim Ayra\u00e7 Poster (2 Adet) Kartpostal Defter<\/p>\n","protected":false},"featured_media":0,"template":"","meta":{"_monsterinsights_skip_tracking":false,"_monsterinsights_sitenote_active":false,"_monsterinsights_sitenote_note":"","_monsterinsights_sitenote_category":0},"product_brand":[],"product_cat":[12291,12711],"product_tag":[],"class_list":{"0":"post-777026","1":"product","2":"type-product","3":"status-publish","5":"product_cat-edebiyat","6":"product_cat-roman-oyku","7":"pa_cilt-ciltli","8":"pa_tur-kitap","9":"pa_yayinevi-ephesus-yayinlari","10":"pa_yazar-mehtap-firat","12":"first","13":"instock","14":"sale","15":"shipping-taxable","16":"purchasable","17":"product-type-simple"},"_links":{"self":[{"href":"https:\/\/roveyayinevi.com.tr\/index.php\/wp-json\/wp\/v2\/product\/777026","targetHints":{"allow":["GET"]}}],"collection":[{"href":"https:\/\/roveyayinevi.com.tr\/index.php\/wp-json\/wp\/v2\/product"}],"about":[{"href":"https:\/\/roveyayinevi.com.tr\/index.php\/wp-json\/wp\/v2\/types\/product"}],"wp:attachment":[{"href":"https:\/\/roveyayinevi.com.tr\/index.php\/wp-json\/wp\/v2\/media?parent=777026"}],"wp:term":[{"taxonomy":"product_brand","embeddable":true,"href":"https:\/\/roveyayinevi.com.tr\/index.php\/wp-json\/wp\/v2\/product_brand?post=777026"},{"taxonomy":"product_cat","embeddable":true,"href":"https:\/\/roveyayinevi.com.tr\/index.php\/wp-json\/wp\/v2\/product_cat?post=777026"},{"taxonomy":"product_tag","embeddable":true,"href":"https:\/\/roveyayinevi.com.tr\/index.php\/wp-json\/wp\/v2\/product_tag?post=777026"}],"curies":[{"name":"wp","href":"https:\/\/api.w.org\/{rel}","templated":true}]}}