{"id":777023,"date":"2025-10-08T19:21:35","date_gmt":"2025-10-08T16:21:35","guid":{"rendered":"https:\/\/roveyayinevi.com.tr\/index.php\/urun\/bir-istihbaratcinin-yasami-golgede-gecen-bir-hayat\/"},"modified":"2026-04-15T03:43:07","modified_gmt":"2026-04-15T00:43:07","slug":"bir-istihbaratcinin-yasami-golgede-gecen-bir-hayat","status":"publish","type":"product","link":"https:\/\/roveyayinevi.com.tr\/index.php\/urun\/bir-istihbaratcinin-yasami-golgede-gecen-bir-hayat\/","title":{"rendered":"Bir \u0130stihbarat\u00e7\u0131n\u0131n Ya\u015fam\u0131  &#8211; G\u00f6lgede Ge\u00e7en Bir Hayat"},"content":{"rendered":"<p>ESK\u0130 MI5 TAK\u0130P OPERAT\u00d6R\u00dc TOM MARCUS\u2019UN \u00c7ARPICI ANI K\u0130TABI \u201cB\u0130R \u0130ST\u0130HBARAT\u00c7ININ YA\u015eAMI\u201d, M\u0130LL\u00ce G\u00dcVENL\u0130\u011e\u0130 TEHD\u0130T EDEN D\u00dc\u015eMANLARLA M\u00dcCADELEY\u0130 ANLATIRKEN S\u0130Z\u0130 ADRENAL\u0130N DOLU, DURMAK B\u0130LMEYEN B\u0130R YOLCULU\u011eA \u00c7IKARACAK. Bir kimlik, iki hayat. Bir istihbarat\u00e7\u0131 i\u00e7in g\u00f6r\u00fcnmez kalmak, bazen kendi varl\u0131\u011f\u0131n\u0131 da yitirmek demektir. \u0130ngiltere\u2019nin g\u00f6lge sava\u015flar\u0131n\u0131n merkezinde, MI5\u2019\u0131n tehlikeli istihbarat operasyonlar\u0131nda yer alm\u0131\u015f bir takip operat\u00f6r\u00fcn\u00fcn ger\u00e7ek hik\u00e2yesi bu.  Ter\u00f6r ve espiyonaj tehdidine kar\u015f\u0131 verilen bu sessiz sava\u015fta, hi\u00e7bir \u015fey yaln\u0131zca siyah veya beyaz de\u011fil. <\/p>\n","protected":false},"excerpt":{"rendered":"<p>ESK\u0130 MI5 TAK\u0130P OPERAT\u00d6R\u00dc TOM MARCUS\u2019UN \u00c7ARPICI ANI K\u0130TABI \u201cB\u0130R \u0130ST\u0130HBARAT\u00c7ININ YA\u015eAMI\u201d, M\u0130LL\u00ce G\u00dcVENL\u0130\u011e\u0130 TEHD\u0130T EDEN D\u00dc\u015eMANLARLA M\u00dcCADELEY\u0130 ANLATIRKEN S\u0130Z\u0130 ADRENAL\u0130N DOLU, DURMAK B\u0130LMEYEN B\u0130R YOLCULU\u011eA<span class=\"excerpt-hellip\"> [\u2026]<\/span><\/p>\n","protected":false},"featured_media":0,"template":"","meta":{"_monsterinsights_skip_tracking":false,"_monsterinsights_sitenote_active":false,"_monsterinsights_sitenote_note":"","_monsterinsights_sitenote_category":0},"product_brand":[],"product_cat":[13701,12291],"product_tag":[],"class_list":{"0":"post-777023","1":"product","2":"type-product","3":"status-publish","5":"product_cat-ani-mektup-gunluk","6":"product_cat-edebiyat","7":"pa_cilt-ciltsiz","8":"pa_tur-kitap","9":"pa_yayinevi-yeditepe-yayinevi","10":"pa_yazar-tom-marcus","12":"first","13":"instock","14":"sale","15":"shipping-taxable","16":"purchasable","17":"product-type-simple"},"_links":{"self":[{"href":"https:\/\/roveyayinevi.com.tr\/index.php\/wp-json\/wp\/v2\/product\/777023","targetHints":{"allow":["GET"]}}],"collection":[{"href":"https:\/\/roveyayinevi.com.tr\/index.php\/wp-json\/wp\/v2\/product"}],"about":[{"href":"https:\/\/roveyayinevi.com.tr\/index.php\/wp-json\/wp\/v2\/types\/product"}],"wp:attachment":[{"href":"https:\/\/roveyayinevi.com.tr\/index.php\/wp-json\/wp\/v2\/media?parent=777023"}],"wp:term":[{"taxonomy":"product_brand","embeddable":true,"href":"https:\/\/roveyayinevi.com.tr\/index.php\/wp-json\/wp\/v2\/product_brand?post=777023"},{"taxonomy":"product_cat","embeddable":true,"href":"https:\/\/roveyayinevi.com.tr\/index.php\/wp-json\/wp\/v2\/product_cat?post=777023"},{"taxonomy":"product_tag","embeddable":true,"href":"https:\/\/roveyayinevi.com.tr\/index.php\/wp-json\/wp\/v2\/product_tag?post=777023"}],"curies":[{"name":"wp","href":"https:\/\/api.w.org\/{rel}","templated":true}]}}