{"id":777018,"date":"2025-10-08T19:20:52","date_gmt":"2025-10-08T16:20:52","guid":{"rendered":"https:\/\/roveyayinevi.com.tr\/index.php\/urun\/biraz-toprak-biraz-suyuz-ezelden\/"},"modified":"2026-03-12T03:39:56","modified_gmt":"2026-03-12T00:39:56","slug":"biraz-toprak-biraz-suyuz-ezelden","status":"publish","type":"product","link":"https:\/\/roveyayinevi.com.tr\/index.php\/urun\/biraz-toprak-biraz-suyuz-ezelden\/","title":{"rendered":"Biraz Toprak Biraz Suyuz Ezelden"},"content":{"rendered":"<p>Kime g\u00fcld\u00fc\u011f\u00fcn\u00fc bilmiyorum sevginin ah\u0131 var Dert \u00e7ekmeyi zul\u00fcm sayan yetim hayalim var Yolda b\u0131rak\u0131ld\u0131m gelip ge\u00e7en g\u00fcl\u00fcp seni sorar Bo\u015f verdinse sil akl\u0131nda bizden kalan leke var   Bahar tutulmaz g\u00fcller yapraklar solup d\u00f6k\u00fcl\u00fcr A\u015fk \u015fehrimizden hat\u0131ralarla izlerimiz s\u00fcp\u00fcr\u00fcl\u00fcr Seni bizden ay\u0131ran gurur nerede b\u0131rak\u0131r bilinmez Bu bir demdi ge\u00e7ti gelme felek \u0131\u015f\u0131klar\u0131 s\u00f6nd\u00fcr\u00fcr   D\u00fcnya zalim bana kalmaz sana kal\u0131r m\u0131 bilmem Beni silmi\u015fsin al\u0131n yaz\u0131ndan bense seni silemem Meczup deyip gelip ge\u00e7me solmayan g\u00fcl var m\u0131? Gelmesen de bende b\u0131rakt\u0131\u011f\u0131n hat\u0131ralar\u0131 silemem <\/p>\n","protected":false},"excerpt":{"rendered":"<p>Kime g\u00fcld\u00fc\u011f\u00fcn\u00fc bilmiyorum sevginin ah\u0131 var Dert \u00e7ekmeyi zul\u00fcm sayan yetim hayalim var Yolda b\u0131rak\u0131ld\u0131m gelip ge\u00e7en g\u00fcl\u00fcp seni sorar Bo\u015f verdinse sil akl\u0131nda bizden kalan<span class=\"excerpt-hellip\"> [\u2026]<\/span><\/p>\n","protected":false},"featured_media":0,"template":"","meta":{"_monsterinsights_skip_tracking":false,"_monsterinsights_sitenote_active":false,"_monsterinsights_sitenote_note":"","_monsterinsights_sitenote_category":0},"product_brand":[],"product_cat":[12291,12509],"product_tag":[],"class_list":{"0":"post-777018","1":"product","2":"type-product","3":"status-publish","5":"product_cat-edebiyat","6":"product_cat-siir","7":"pa_cilt-ciltsiz","8":"pa_tur-kitap","9":"pa_yayinevi-kirmizi-cati-yayinlari","10":"pa_yazar-mahmut-karadag","12":"first","13":"instock","14":"sale","15":"shipping-taxable","16":"purchasable","17":"product-type-simple"},"_links":{"self":[{"href":"https:\/\/roveyayinevi.com.tr\/index.php\/wp-json\/wp\/v2\/product\/777018","targetHints":{"allow":["GET"]}}],"collection":[{"href":"https:\/\/roveyayinevi.com.tr\/index.php\/wp-json\/wp\/v2\/product"}],"about":[{"href":"https:\/\/roveyayinevi.com.tr\/index.php\/wp-json\/wp\/v2\/types\/product"}],"wp:attachment":[{"href":"https:\/\/roveyayinevi.com.tr\/index.php\/wp-json\/wp\/v2\/media?parent=777018"}],"wp:term":[{"taxonomy":"product_brand","embeddable":true,"href":"https:\/\/roveyayinevi.com.tr\/index.php\/wp-json\/wp\/v2\/product_brand?post=777018"},{"taxonomy":"product_cat","embeddable":true,"href":"https:\/\/roveyayinevi.com.tr\/index.php\/wp-json\/wp\/v2\/product_cat?post=777018"},{"taxonomy":"product_tag","embeddable":true,"href":"https:\/\/roveyayinevi.com.tr\/index.php\/wp-json\/wp\/v2\/product_tag?post=777018"}],"curies":[{"name":"wp","href":"https:\/\/api.w.org\/{rel}","templated":true}]}}