{"id":777017,"date":"2025-10-08T19:20:50","date_gmt":"2025-10-08T16:20:50","guid":{"rendered":"https:\/\/roveyayinevi.com.tr\/index.php\/urun\/kuran-mucizesi\/"},"modified":"2026-03-12T03:39:56","modified_gmt":"2026-03-12T00:39:56","slug":"kuran-mucizesi","status":"publish","type":"product","link":"https:\/\/roveyayinevi.com.tr\/index.php\/urun\/kuran-mucizesi\/","title":{"rendered":"Kur\u2019an Mucizesi"},"content":{"rendered":"<p>Kur\u2019an Kerim Mucizedir. O\u2019nun Mucize olu\u015fta 7 vecih, bu vecihlerden \u00e7\u0131kan 40 ayr\u0131 y\u00f6n bu 40 mucize y\u00f6n i\u00e7inde 200 k\u0131s\u0131m mucize vard\u0131r. Bu 200 \u00e7e\u015fit mucize a\u00e7\u0131ld\u0131\u011f\u0131nda ise, Kur\u2019an\u2019\u0131n i\u2019caz vecihleri sonsuza uzan\u0131r. Kur\u2019an\u2019\u0131n kendine has mucize uslubu, harika nazm\u0131, gaibden ge\u00e7mi\u015ften ve gelecekten haberler vermesi, fen ilimlerindeki geli\u015fmeler i\u015faret etmesi O\u2019nun mucize y\u00f6nleridir. Belagat\u0131, fesahat\u0131 musiki y\u00f6nden foneti\u011fi rakamlanm\u0131\u015f olu\u015fu, bir benzerinin getirilemeyi\u015fi, korunmu\u015flu\u011fu, h\u0131fzedili\u015fi, en \u00e7ok okunan kitap olu\u015fu. Okundu\u011funda huzur vermesi, ya\u015fand\u0131\u011f\u0131nda hayat\u0131 y\u00f6nlendirmesi, uyguland\u0131\u011f\u0131nda toplumsal asayi\u015fi temin edi\u015fi y\u00f6nlerinden de mucizedir. Kur\u2019an ilimleri aras\u0131ndaki \u2018tenas\u00fcp ilmi\u2019, Kur\u2019an\u2019daki sure, ayet ve kelimelerin dizili\u015flerindeki mana m\u00fcnasebetlerini inceliyor. Mana ili\u015fkileriyle birlikte laf\u0131z ili\u015fkisini, Muhte\u015fem \u00f6rg\u00fc ve dizili\u015fini, mana yan\u0131nda harf, hece, ayet, sure adetleriyle ve ay\u0131 de\u011ferleriyle ayn\u0131 noktaya vuran i\u015faretlerini g\u00f6r\u00fcyoruz. \u0130\u00e7inden bir harf kopar\u0131lsa t\u00fcm dizili\u015f bozuluyor. Bu nedenle Kur\u2019an korunmu\u015ftur. Dizili\u015f mucizesi Kur\u2019an\u2019\u0131n insan de\u011fil \u0130lahi oldu\u011funu ve korunmu\u015flu\u011funun ayr\u0131 bir delilidir. <\/p>\n","protected":false},"excerpt":{"rendered":"<p>Kur\u2019an Kerim Mucizedir. O\u2019nun Mucize olu\u015fta 7 vecih, bu vecihlerden \u00e7\u0131kan 40 ayr\u0131 y\u00f6n bu 40 mucize y\u00f6n i\u00e7inde 200 k\u0131s\u0131m mucize vard\u0131r. Bu 200 \u00e7e\u015fit<span class=\"excerpt-hellip\"> [\u2026]<\/span><\/p>\n","protected":false},"featured_media":0,"template":"","meta":{"_monsterinsights_skip_tracking":false,"_monsterinsights_sitenote_active":false,"_monsterinsights_sitenote_note":"","_monsterinsights_sitenote_category":0},"product_brand":[],"product_cat":[13036,12718,12719],"product_tag":[],"class_list":{"0":"post-777017","1":"product","2":"type-product","3":"status-publish","5":"product_cat-arastirma-inceleme-islam","6":"product_cat-din","7":"product_cat-islam","8":"pa_cilt-ciltsiz","9":"pa_tur-kitap","10":"pa_yayinevi-kirmizi-cati-yayinlari","11":"pa_yazar-ismail-muezinoglu","13":"first","14":"instock","15":"sale","16":"shipping-taxable","17":"purchasable","18":"product-type-simple"},"_links":{"self":[{"href":"https:\/\/roveyayinevi.com.tr\/index.php\/wp-json\/wp\/v2\/product\/777017","targetHints":{"allow":["GET"]}}],"collection":[{"href":"https:\/\/roveyayinevi.com.tr\/index.php\/wp-json\/wp\/v2\/product"}],"about":[{"href":"https:\/\/roveyayinevi.com.tr\/index.php\/wp-json\/wp\/v2\/types\/product"}],"wp:attachment":[{"href":"https:\/\/roveyayinevi.com.tr\/index.php\/wp-json\/wp\/v2\/media?parent=777017"}],"wp:term":[{"taxonomy":"product_brand","embeddable":true,"href":"https:\/\/roveyayinevi.com.tr\/index.php\/wp-json\/wp\/v2\/product_brand?post=777017"},{"taxonomy":"product_cat","embeddable":true,"href":"https:\/\/roveyayinevi.com.tr\/index.php\/wp-json\/wp\/v2\/product_cat?post=777017"},{"taxonomy":"product_tag","embeddable":true,"href":"https:\/\/roveyayinevi.com.tr\/index.php\/wp-json\/wp\/v2\/product_tag?post=777017"}],"curies":[{"name":"wp","href":"https:\/\/api.w.org\/{rel}","templated":true}]}}