{"id":777016,"date":"2025-10-08T19:20:48","date_gmt":"2025-10-08T16:20:48","guid":{"rendered":"https:\/\/roveyayinevi.com.tr\/index.php\/urun\/cinayetin-altindaki-sir\/"},"modified":"2026-03-12T03:39:56","modified_gmt":"2026-03-12T00:39:56","slug":"cinayetin-altindaki-sir","status":"publish","type":"product","link":"https:\/\/roveyayinevi.com.tr\/index.php\/urun\/cinayetin-altindaki-sir\/","title":{"rendered":"Cinayetin Alt\u0131ndaki S\u0131r"},"content":{"rendered":"<p>Her son, kalpte bir s\u0131z\u0131 b\u0131rak\u0131r. Ama o s\u0131z\u0131, yeni bir yolun i\u015faretidir. Kapanan her kap\u0131n\u0131n ard\u0131nda, g\u00f6r\u00fcnmeyen bir pencere a\u00e7\u0131l\u0131r. Bu kitap, ac\u0131lardan do\u011fan umutlar\u0131n, kaybolu\u015flardan y\u00fckselen yeniden do\u011fu\u015flar\u0131n hik\u00e2yesi. Belki de en g\u00fczel ba\u015flang\u0131\u00e7lar, en ac\u0131 sonlar\u0131n i\u00e7inden do\u011far&#8230; <\/p>\n","protected":false},"excerpt":{"rendered":"<p>Her son, kalpte bir s\u0131z\u0131 b\u0131rak\u0131r. Ama o s\u0131z\u0131, yeni bir yolun i\u015faretidir. Kapanan her kap\u0131n\u0131n ard\u0131nda, g\u00f6r\u00fcnmeyen bir pencere a\u00e7\u0131l\u0131r. Bu kitap, ac\u0131lardan do\u011fan umutlar\u0131n,<span class=\"excerpt-hellip\"> [\u2026]<\/span><\/p>\n","protected":false},"featured_media":0,"template":"","meta":{"_monsterinsights_skip_tracking":false,"_monsterinsights_sitenote_active":false,"_monsterinsights_sitenote_note":"","_monsterinsights_sitenote_category":0},"product_brand":[],"product_cat":[12291,14272],"product_tag":[],"class_list":{"0":"post-777016","1":"product","2":"type-product","3":"status-publish","5":"product_cat-edebiyat","6":"product_cat-tiyatro","7":"pa_cilt-ciltsiz","8":"pa_tur-kitap","9":"pa_yayinevi-kirmizi-cati-yayinlari","10":"pa_yazar-esmanur-aydin","12":"first","13":"instock","14":"sale","15":"shipping-taxable","16":"purchasable","17":"product-type-simple"},"_links":{"self":[{"href":"https:\/\/roveyayinevi.com.tr\/index.php\/wp-json\/wp\/v2\/product\/777016","targetHints":{"allow":["GET"]}}],"collection":[{"href":"https:\/\/roveyayinevi.com.tr\/index.php\/wp-json\/wp\/v2\/product"}],"about":[{"href":"https:\/\/roveyayinevi.com.tr\/index.php\/wp-json\/wp\/v2\/types\/product"}],"wp:attachment":[{"href":"https:\/\/roveyayinevi.com.tr\/index.php\/wp-json\/wp\/v2\/media?parent=777016"}],"wp:term":[{"taxonomy":"product_brand","embeddable":true,"href":"https:\/\/roveyayinevi.com.tr\/index.php\/wp-json\/wp\/v2\/product_brand?post=777016"},{"taxonomy":"product_cat","embeddable":true,"href":"https:\/\/roveyayinevi.com.tr\/index.php\/wp-json\/wp\/v2\/product_cat?post=777016"},{"taxonomy":"product_tag","embeddable":true,"href":"https:\/\/roveyayinevi.com.tr\/index.php\/wp-json\/wp\/v2\/product_tag?post=777016"}],"curies":[{"name":"wp","href":"https:\/\/api.w.org\/{rel}","templated":true}]}}