{"id":777015,"date":"2025-10-08T19:20:45","date_gmt":"2025-10-08T16:20:45","guid":{"rendered":"https:\/\/roveyayinevi.com.tr\/index.php\/urun\/mahallenin-bakkali\/"},"modified":"2026-03-12T03:39:56","modified_gmt":"2026-03-12T00:39:56","slug":"mahallenin-bakkali","status":"publish","type":"product","link":"https:\/\/roveyayinevi.com.tr\/index.php\/urun\/mahallenin-bakkali\/","title":{"rendered":"Mahallenin Bakkal\u0131"},"content":{"rendered":"<p>Gece yar\u0131s\u0131 bile, \u00e7at kap\u0131s\u0131 \u00e7al\u0131n\u0131r D\u00fckkan\u0131 a\u00e7t\u0131r\u0131l\u0131p, bir aspirin al\u0131n\u0131r Hastal\u0131kta hep o var,d\u00fc\u011f\u00fcnlerde hizmet\u00e7i Ad\u0131 bakkal olsa da, mahallesinde bek\u00e7i   Yol arayan yabanc\u0131, adresi ona sorar Evden ka\u00e7an afacan, en \u00e7ok bakkal\u0131 yorar Cebinde para olan, hemen markete ko\u015far Evde sorunu varsa, onu bakkalla ya\u015far   Mahallenin bakkal\u0131,herkesin dan\u0131\u015fman\u0131 Konu al\u0131\u015f veri\u015fse, sanki onun d\u00fc\u015fman\u0131 \u00d6d\u00fcn\u00e7 para gerekse, o bakkaldan al\u0131n\u0131r Vaktinde \u00f6denemez, bir de bor\u00e7lu kal\u0131n\u0131r <\/p>\n","protected":false},"excerpt":{"rendered":"<p>Gece yar\u0131s\u0131 bile, \u00e7at kap\u0131s\u0131 \u00e7al\u0131n\u0131r D\u00fckkan\u0131 a\u00e7t\u0131r\u0131l\u0131p, bir aspirin al\u0131n\u0131r Hastal\u0131kta hep o var,d\u00fc\u011f\u00fcnlerde hizmet\u00e7i Ad\u0131 bakkal olsa da, mahallesinde bek\u00e7i Yol arayan yabanc\u0131, adresi<span class=\"excerpt-hellip\"> [\u2026]<\/span><\/p>\n","protected":false},"featured_media":0,"template":"","meta":{"_monsterinsights_skip_tracking":false,"_monsterinsights_sitenote_active":false,"_monsterinsights_sitenote_note":"","_monsterinsights_sitenote_category":0},"product_brand":[],"product_cat":[12291,12509],"product_tag":[],"class_list":{"0":"post-777015","1":"product","2":"type-product","3":"status-publish","5":"product_cat-edebiyat","6":"product_cat-siir","7":"pa_cilt-ciltsiz","8":"pa_tur-kitap","9":"pa_yayinevi-kirmizi-cati-yayinlari","10":"pa_yazar-ali-algun","12":"first","13":"instock","14":"sale","15":"shipping-taxable","16":"purchasable","17":"product-type-simple"},"_links":{"self":[{"href":"https:\/\/roveyayinevi.com.tr\/index.php\/wp-json\/wp\/v2\/product\/777015","targetHints":{"allow":["GET"]}}],"collection":[{"href":"https:\/\/roveyayinevi.com.tr\/index.php\/wp-json\/wp\/v2\/product"}],"about":[{"href":"https:\/\/roveyayinevi.com.tr\/index.php\/wp-json\/wp\/v2\/types\/product"}],"wp:attachment":[{"href":"https:\/\/roveyayinevi.com.tr\/index.php\/wp-json\/wp\/v2\/media?parent=777015"}],"wp:term":[{"taxonomy":"product_brand","embeddable":true,"href":"https:\/\/roveyayinevi.com.tr\/index.php\/wp-json\/wp\/v2\/product_brand?post=777015"},{"taxonomy":"product_cat","embeddable":true,"href":"https:\/\/roveyayinevi.com.tr\/index.php\/wp-json\/wp\/v2\/product_cat?post=777015"},{"taxonomy":"product_tag","embeddable":true,"href":"https:\/\/roveyayinevi.com.tr\/index.php\/wp-json\/wp\/v2\/product_tag?post=777015"}],"curies":[{"name":"wp","href":"https:\/\/api.w.org\/{rel}","templated":true}]}}