{"id":777005,"date":"2025-10-08T19:20:26","date_gmt":"2025-10-08T16:20:26","guid":{"rendered":"https:\/\/roveyayinevi.com.tr\/index.php\/urun\/kral-cocuk\/"},"modified":"2026-04-15T03:43:05","modified_gmt":"2026-04-15T00:43:05","slug":"kral-cocuk","status":"publish","type":"product","link":"https:\/\/roveyayinevi.com.tr\/index.php\/urun\/kral-cocuk\/","title":{"rendered":"Kral \u00c7ocuk"},"content":{"rendered":"<p>Ger\u00e7ek bir kral olman\u0131n yolu, \u00f6nce \u00e7ocuk olabilmekten ge\u00e7er.  Alt\u0131nlarla dolu hazineler, en iyi \u00f6\u011fretmenler, en g\u00fc\u00e7l\u00fc muhaf\u0131zlar\u2026 Peki ya oyun arkada\u015flar\u0131? K\u00fc\u00e7\u00fck prens Alabar\u2019\u0131n d\u00fcnyas\u0131 d\u0131\u015far\u0131dan bak\u0131ld\u0131\u011f\u0131nda r\u00fcya gibi g\u00f6r\u00fcn\u00fcyor. Oysa o, yaln\u0131zl\u0131kla \u00e7evrili saray duvarlar\u0131n\u0131n i\u00e7inde sadece \u00e7ocuk olmak istiyor: ko\u015fmak, d\u00fc\u015fmek, oyun oynamak\u2026Bir g\u00fcn penceresine gelen bir a\u011fa\u00e7kakan, Alabar\u2019\u0131n hayat\u0131n\u0131 de\u011fi\u015ftirecek dostlu\u011fun kap\u0131s\u0131n\u0131 aralar. Ard\u0131ndan gelen mektuplar, saray s\u0131rlar\u0131 ve eski zamanlar\u0131n izleriyle \u00f6r\u00fclen bir yolculuk ba\u015flar.Y\u00fcz binlerce okurun severek okudu\u011fu Yaz\u0131y\u0131 Bulan \u00c7ocuk kitab\u0131n\u0131n yazar\u0131 Sinan Ya\u015far\u2019dan, bu kez krall\u0131klar, ge\u00e7mi\u015fin bilgeli\u011fi ve \u00e7ocuklu\u011fun \u00f6zlemleriyle dolu unutulmaz bir hik\u00e2ye: Kral \u00c7ocuk. <\/p>\n","protected":false},"excerpt":{"rendered":"<p>Ger\u00e7ek bir kral olman\u0131n yolu, \u00f6nce \u00e7ocuk olabilmekten ge\u00e7er. Alt\u0131nlarla dolu hazineler, en iyi \u00f6\u011fretmenler, en g\u00fc\u00e7l\u00fc muhaf\u0131zlar\u2026 Peki ya oyun arkada\u015flar\u0131? K\u00fc\u00e7\u00fck prens Alabar\u2019\u0131n d\u00fcnyas\u0131<span class=\"excerpt-hellip\"> [\u2026]<\/span><\/p>\n","protected":false},"featured_media":0,"template":"","meta":{"_monsterinsights_skip_tracking":false,"_monsterinsights_sitenote_active":false,"_monsterinsights_sitenote_note":"","_monsterinsights_sitenote_category":0},"product_brand":[],"product_cat":[12291,12711],"product_tag":[],"class_list":{"0":"post-777005","1":"product","2":"type-product","3":"status-publish","5":"product_cat-edebiyat","6":"product_cat-roman-oyku","7":"pa_cilt-ciltsiz","8":"pa_tur-kitap","9":"pa_yayinevi-fom-kitap","10":"pa_yazar-sinan-yasar","12":"first","13":"instock","14":"sale","15":"shipping-taxable","16":"purchasable","17":"product-type-simple"},"_links":{"self":[{"href":"https:\/\/roveyayinevi.com.tr\/index.php\/wp-json\/wp\/v2\/product\/777005","targetHints":{"allow":["GET"]}}],"collection":[{"href":"https:\/\/roveyayinevi.com.tr\/index.php\/wp-json\/wp\/v2\/product"}],"about":[{"href":"https:\/\/roveyayinevi.com.tr\/index.php\/wp-json\/wp\/v2\/types\/product"}],"wp:attachment":[{"href":"https:\/\/roveyayinevi.com.tr\/index.php\/wp-json\/wp\/v2\/media?parent=777005"}],"wp:term":[{"taxonomy":"product_brand","embeddable":true,"href":"https:\/\/roveyayinevi.com.tr\/index.php\/wp-json\/wp\/v2\/product_brand?post=777005"},{"taxonomy":"product_cat","embeddable":true,"href":"https:\/\/roveyayinevi.com.tr\/index.php\/wp-json\/wp\/v2\/product_cat?post=777005"},{"taxonomy":"product_tag","embeddable":true,"href":"https:\/\/roveyayinevi.com.tr\/index.php\/wp-json\/wp\/v2\/product_tag?post=777005"}],"curies":[{"name":"wp","href":"https:\/\/api.w.org\/{rel}","templated":true}]}}