{"id":777001,"date":"2025-10-08T19:20:11","date_gmt":"2025-10-08T16:20:11","guid":{"rendered":"https:\/\/roveyayinevi.com.tr\/index.php\/urun\/arhavili-1-medcezir-yan-boyamali-ciltli\/"},"modified":"2026-04-15T03:43:04","modified_gmt":"2026-04-15T00:43:04","slug":"arhavili-1-medcezir-yan-boyamali-ciltli","status":"publish","type":"product","link":"https:\/\/roveyayinevi.com.tr\/index.php\/urun\/arhavili-1-medcezir-yan-boyamali-ciltli\/","title":{"rendered":"Arhavili 1: Medcezir \u2013 Yan Boyamal\u0131 (Ciltli)"},"content":{"rendered":"<p>BEN A\u0130LEM\u0130 KARANLIKTAN KORUMAYA \u00c7ALI\u015eIYORDUM. O \u0130SE KARANLI\u011eIN TA KEND\u0130S\u0130YD\u0130. Ka\u00e7\u0131r\u0131l\u0131p tutsak edildi\u011fim gemiyi arkamda b\u0131rakt\u0131\u011f\u0131mda kavu\u015ftu\u011fum \u00f6zg\u00fcrl\u00fc\u011f\u00fcn eski hayat\u0131m\u0131 geri getirece\u011fine inan\u0131yordum. Fakat ailemi i\u00e7ine \u00e7eken batakl\u0131k y\u00fcz\u00fcnden kendimi gizemli bir komplonun i\u00e7inde bulmu\u015ftum. Ayd\u0131nl\u0131\u011fa ula\u015fabilmek i\u00e7in karanl\u0131\u011f\u0131n i\u00e7inden ge\u00e7mem gerekiyorsa plan\u0131m belliydi. Ailemi bu beladan kurtarabilecek tek ki\u015finin kar\u015f\u0131s\u0131na \u00e7\u0131kt\u0131\u011f\u0131mda t\u00fcm derdim tasam bitecekti. Ancak kurtar\u0131c\u0131m, g\u00fcce ve zafere h\u00fckmetmek isteyen bir mafya lideriydi. Tekinsizdi, kurals\u0131zd\u0131, al\u0131\u015f\u0131k olduklar\u0131m\u0131n tam tersiydi ve ka\u00e7t\u0131\u011f\u0131m her \u015feydi. Karadeniz\u2019in f\u0131rt\u0131nal\u0131 gecesinde, k\u0131l\u0131k de\u011fi\u015ftirerek Arhavi\u2019deki inine girdi\u011fim Tekin Bozboran, beni can\u0131 pahas\u0131na koruyaca\u011f\u0131na s\u00f6z vermi\u015fti. Oysa onunla yapt\u0131\u011f\u0131m anla\u015fma, beni T\u00fcrk mafya \u00f6rg\u00fct\u00fc K\u0131l\u0131\u00e7 Yedilisi ve uluslararas\u0131 su\u00e7 konseyi Leviathan\u2019\u0131n da hedefine yerle\u015ftirmi\u015fti. \u00dcstelik o andan sonra korunmas\u0131 gereken tek \u015fey hayat\u0131m de\u011fildi. Tekin\u2019in nefesimi kesen dokunu\u015flar\u0131yla sahiplenecek tavr\u0131na direnmek giderek zorla\u015f\u0131rken ate\u015fe y\u00fcr\u00fcyen kalbim de tehlikedeydi. \u201cSEN\u0130 YANIMDA TUTAB\u0130LMEK \u0130\u00c7\u0130N HERKESLE SAVA\u015eIRIM, M\u015eKER\u0130! SEN\u0130NLE B\u0130LE.\u201d Uyar\u0131: Yeti\u015fkin okurlar i\u00e7indir.<\/p>\n","protected":false},"excerpt":{"rendered":"<p>BEN A\u0130LEM\u0130 KARANLIKTAN KORUMAYA \u00c7ALI\u015eIYORDUM. O \u0130SE KARANLI\u011eIN TA KEND\u0130S\u0130YD\u0130. Ka\u00e7\u0131r\u0131l\u0131p tutsak edildi\u011fim gemiyi arkamda b\u0131rakt\u0131\u011f\u0131mda kavu\u015ftu\u011fum \u00f6zg\u00fcrl\u00fc\u011f\u00fcn eski hayat\u0131m\u0131 geri getirece\u011fine inan\u0131yordum. Fakat ailemi i\u00e7ine<span class=\"excerpt-hellip\"> [\u2026]<\/span><\/p>\n","protected":false},"featured_media":0,"template":"","meta":{"_monsterinsights_skip_tracking":false,"_monsterinsights_sitenote_active":false,"_monsterinsights_sitenote_note":"","_monsterinsights_sitenote_category":0},"product_brand":[],"product_cat":[141304],"product_tag":[],"class_list":{"0":"post-777001","1":"product","2":"type-product","3":"status-publish","5":"product_cat-yeni-cikanlar","6":"pa_cilt-ciltli","7":"pa_tur-kitap","8":"pa_yayinevi-ephesus-yayinlari","9":"pa_yazar-burcu-buyukyildiz","11":"first","12":"instock","13":"sale","14":"shipping-taxable","15":"purchasable","16":"product-type-simple"},"_links":{"self":[{"href":"https:\/\/roveyayinevi.com.tr\/index.php\/wp-json\/wp\/v2\/product\/777001","targetHints":{"allow":["GET"]}}],"collection":[{"href":"https:\/\/roveyayinevi.com.tr\/index.php\/wp-json\/wp\/v2\/product"}],"about":[{"href":"https:\/\/roveyayinevi.com.tr\/index.php\/wp-json\/wp\/v2\/types\/product"}],"wp:attachment":[{"href":"https:\/\/roveyayinevi.com.tr\/index.php\/wp-json\/wp\/v2\/media?parent=777001"}],"wp:term":[{"taxonomy":"product_brand","embeddable":true,"href":"https:\/\/roveyayinevi.com.tr\/index.php\/wp-json\/wp\/v2\/product_brand?post=777001"},{"taxonomy":"product_cat","embeddable":true,"href":"https:\/\/roveyayinevi.com.tr\/index.php\/wp-json\/wp\/v2\/product_cat?post=777001"},{"taxonomy":"product_tag","embeddable":true,"href":"https:\/\/roveyayinevi.com.tr\/index.php\/wp-json\/wp\/v2\/product_tag?post=777001"}],"curies":[{"name":"wp","href":"https:\/\/api.w.org\/{rel}","templated":true}]}}