{"id":777000,"date":"2025-10-08T19:20:10","date_gmt":"2025-10-08T16:20:10","guid":{"rendered":"https:\/\/roveyayinevi.com.tr\/index.php\/urun\/sefine-ii\/"},"modified":"2026-04-15T03:43:04","modified_gmt":"2026-04-15T00:43:04","slug":"sefine-ii","status":"publish","type":"product","link":"https:\/\/roveyayinevi.com.tr\/index.php\/urun\/sefine-ii\/","title":{"rendered":"Sefine II"},"content":{"rendered":"<p>1950 y\u0131l\u0131nda Tav\u015fanl\u0131&#8217;da do\u011fdu. \u0130lkokulu ayn\u0131 il\u00e7ede tamamlad\u0131. O d\u00f6nemlerde say\u0131s\u0131 az olan \u0130mam Hatip okullar\u0131ndan Bal\u0131kesir \u0130mam Hatip Okulu&#8217;nda e\u011fitime ba\u015flad\u0131 ve 1969 y\u0131l\u0131nda birincilikle mezun oldu. Ayn\u0131 y\u0131l ba\u015flad\u0131\u011f\u0131 \u0130stanbul Y\u00fcksek \u0130slam Enstit\u00fcs\u00fc&#8217;n\u00fc 1973 y\u0131l\u0131nda pekiyi derece ile tamamlad\u0131. 1974 y\u0131l\u0131nda Diyanet \u0130\u015fleri Ba\u015fkanl\u0131\u011f\u0131&#8217;nda Kur\u2019an Kursu \u00d6\u011freticili\u011fi ile g\u00f6reve ba\u015flad\u0131. Yedek subay olarak Isparta&#8217;da askerli\u011fini tamamlad\u0131. Diyanet \u0130\u015fleri Ba\u015fkanl\u0131\u011f\u0131&#8217;nda a\u00e7\u0131lan Frans\u0131zca kursunda \u201cKur\u2019an-\u0131 Kerim, Din Sosyolojisi ve Frans\u0131zca\u201d sertifikas\u0131 ald\u0131. S\u0131ras\u0131yla \u015feflik, saymanl\u0131k ve Almanya&#8217;da yurtd\u0131\u015f\u0131 g\u00f6revlerinde bulundu. Din g\u00f6revlisi, Kur\u2019an kursu \u00f6\u011freticisi, m\u00fcft\u00fcl\u00fck ve di\u011fer hay\u0131r derneklerinde g\u00f6rev yapt\u0131. Emekli. \u0130ki \u00e7ocuk babas\u0131d\u0131r. <\/p>\n","protected":false},"excerpt":{"rendered":"<p>1950 y\u0131l\u0131nda Tav\u015fanl\u0131&#8217;da do\u011fdu. \u0130lkokulu ayn\u0131 il\u00e7ede tamamlad\u0131. O d\u00f6nemlerde say\u0131s\u0131 az olan \u0130mam Hatip okullar\u0131ndan Bal\u0131kesir \u0130mam Hatip Okulu&#8217;nda e\u011fitime ba\u015flad\u0131 ve 1969 y\u0131l\u0131nda birincilikle<span class=\"excerpt-hellip\"> [\u2026]<\/span><\/p>\n","protected":false},"featured_media":0,"template":"","meta":{"_monsterinsights_skip_tracking":false,"_monsterinsights_sitenote_active":false,"_monsterinsights_sitenote_note":"","_monsterinsights_sitenote_category":0},"product_brand":[],"product_cat":[12718],"product_tag":[],"class_list":{"0":"post-777000","1":"product","2":"type-product","3":"status-publish","5":"product_cat-din","6":"pa_cilt-ciltsiz","7":"pa_tur-kitap","8":"pa_yayinevi-gulnar-yayinlari","9":"pa_yazar-ahmet-yasar-cakmak","11":"first","12":"instock","13":"sale","14":"shipping-taxable","15":"purchasable","16":"product-type-simple"},"_links":{"self":[{"href":"https:\/\/roveyayinevi.com.tr\/index.php\/wp-json\/wp\/v2\/product\/777000","targetHints":{"allow":["GET"]}}],"collection":[{"href":"https:\/\/roveyayinevi.com.tr\/index.php\/wp-json\/wp\/v2\/product"}],"about":[{"href":"https:\/\/roveyayinevi.com.tr\/index.php\/wp-json\/wp\/v2\/types\/product"}],"wp:attachment":[{"href":"https:\/\/roveyayinevi.com.tr\/index.php\/wp-json\/wp\/v2\/media?parent=777000"}],"wp:term":[{"taxonomy":"product_brand","embeddable":true,"href":"https:\/\/roveyayinevi.com.tr\/index.php\/wp-json\/wp\/v2\/product_brand?post=777000"},{"taxonomy":"product_cat","embeddable":true,"href":"https:\/\/roveyayinevi.com.tr\/index.php\/wp-json\/wp\/v2\/product_cat?post=777000"},{"taxonomy":"product_tag","embeddable":true,"href":"https:\/\/roveyayinevi.com.tr\/index.php\/wp-json\/wp\/v2\/product_tag?post=777000"}],"curies":[{"name":"wp","href":"https:\/\/api.w.org\/{rel}","templated":true}]}}