{"id":776997,"date":"2025-10-08T19:19:45","date_gmt":"2025-10-08T16:19:45","guid":{"rendered":"https:\/\/roveyayinevi.com.tr\/index.php\/urun\/vampir-tavsan\/"},"modified":"2026-04-15T03:43:01","modified_gmt":"2026-04-15T00:43:01","slug":"vampir-tavsan","status":"publish","type":"product","link":"https:\/\/roveyayinevi.com.tr\/index.php\/urun\/vampir-tavsan\/","title":{"rendered":"Vampir Tav\u015fan"},"content":{"rendered":"<p>AYNI EVDE FAZLA \u015e\u00dcPHEC\u0130 B\u0130R KED\u0130, FAZLA ZEK\u0130 B\u0130R K\u00d6PEK VE FAZLA VAMP\u0130R B\u0130R TAV\u015eAN.  K\u00f6pek Harold ve kedi Chester y\u0131llard\u0131r Monroe ailesiyle mutlu mesut ya\u015f\u0131yor. Bir ak\u015fam aileye s\u00fcrpriz bir tav\u015fan\u0131n kat\u0131lmas\u0131yla evdeki huzur bozuluyor, yani en az\u0131ndan Chester \u00f6yle d\u00fc\u015f\u00fcn\u00fcyor. Tuhaf davran\u0131\u015flar\u0131, t\u00fcm g\u00fcn uyuyup geceleri dikilmesi ve tabii uzun sivri di\u015fleri y\u00fcz\u00fcnden tav\u015fan\u0131n bir vampir oldu\u011funa karar veren Chester bunu aileye kan\u0131tlamak i\u00e7in her \u015feyi yapmaya haz\u0131r. Ama eski dostu Harold bile ona inanmazken ve kurdu\u011fu tuzaklar her seferinde ters teperken bu hi\u00e7 de kolay olmayacak. Peki Chester pes edecek mi? Buzdolab\u0131ndaki di\u015flenip suyu \u00e7ekilmi\u015f sebzelerin ba\u015fka bir a\u00e7\u0131klamas\u0131 olabilir mi? Deborah ve James Howe\u2019un, \u00e7ocuk edebiyat\u0131nda modern klasikler aras\u0131nda g\u00f6r\u00fclen, ya\u015f tan\u0131maks\u0131z\u0131n \u00e7ok sevilmi\u015f ve pek \u00e7ok \u00f6d\u00fcle lay\u0131k g\u00f6r\u00fclm\u00fc\u015f kitab\u0131n\u0131n bu grafik roman uyarlamas\u0131, okurlar\u0131 k\u00fc\u00e7\u00fck k\u00fc\u00e7\u00fck \u00fcrpertecek ve k\u0131k\u0131r k\u0131k\u0131r g\u00fcld\u00fcrecek. \u201cKenara kay, Drakula! Bu gizemli komedi \u00e7ok lezzetli.\u201d-The New York Times   \u201cVampir Tav\u015fan harikalar yarat\u0131yor!\u201d -Kaptan D\u00fc\u015f\u00fckdon serisinin yarat\u0131c\u0131s\u0131 Dav Pilkey <\/p>\n","protected":false},"excerpt":{"rendered":"<p>AYNI EVDE FAZLA \u015e\u00dcPHEC\u0130 B\u0130R KED\u0130, FAZLA ZEK\u0130 B\u0130R K\u00d6PEK VE FAZLA VAMP\u0130R B\u0130R TAV\u015eAN. K\u00f6pek Harold ve kedi Chester y\u0131llard\u0131r Monroe ailesiyle mutlu mesut ya\u015f\u0131yor.<span class=\"excerpt-hellip\"> [\u2026]<\/span><\/p>\n","protected":false},"featured_media":0,"template":"","meta":{"_monsterinsights_skip_tracking":false,"_monsterinsights_sitenote_active":false,"_monsterinsights_sitenote_note":"","_monsterinsights_sitenote_category":0},"product_brand":[],"product_cat":[12689,12274],"product_tag":[],"class_list":{"0":"post-776997","1":"product","2":"type-product","3":"status-publish","5":"product_cat-cizgi-roman-cocuk-ve-genclik-kitaplari","6":"product_cat-cocuk-ve-genclik-kitaplari","7":"pa_cilt-ciltsiz","8":"pa_tur-kitap","9":"pa_yayinevi-domingo-yayinevi","10":"pa_yazar-james-howe-andrew-donkin","12":"first","13":"instock","14":"sale","15":"shipping-taxable","16":"purchasable","17":"product-type-simple"},"_links":{"self":[{"href":"https:\/\/roveyayinevi.com.tr\/index.php\/wp-json\/wp\/v2\/product\/776997","targetHints":{"allow":["GET"]}}],"collection":[{"href":"https:\/\/roveyayinevi.com.tr\/index.php\/wp-json\/wp\/v2\/product"}],"about":[{"href":"https:\/\/roveyayinevi.com.tr\/index.php\/wp-json\/wp\/v2\/types\/product"}],"wp:attachment":[{"href":"https:\/\/roveyayinevi.com.tr\/index.php\/wp-json\/wp\/v2\/media?parent=776997"}],"wp:term":[{"taxonomy":"product_brand","embeddable":true,"href":"https:\/\/roveyayinevi.com.tr\/index.php\/wp-json\/wp\/v2\/product_brand?post=776997"},{"taxonomy":"product_cat","embeddable":true,"href":"https:\/\/roveyayinevi.com.tr\/index.php\/wp-json\/wp\/v2\/product_cat?post=776997"},{"taxonomy":"product_tag","embeddable":true,"href":"https:\/\/roveyayinevi.com.tr\/index.php\/wp-json\/wp\/v2\/product_tag?post=776997"}],"curies":[{"name":"wp","href":"https:\/\/api.w.org\/{rel}","templated":true}]}}