{"id":776994,"date":"2025-10-08T19:19:17","date_gmt":"2025-10-08T16:19:17","guid":{"rendered":"https:\/\/roveyayinevi.com.tr\/index.php\/urun\/sen-canavar-misin-acaba\/"},"modified":"2026-04-15T03:42:38","modified_gmt":"2026-04-15T00:42:38","slug":"sen-canavar-misin-acaba","status":"publish","type":"product","link":"https:\/\/roveyayinevi.com.tr\/index.php\/urun\/sen-canavar-misin-acaba\/","title":{"rendered":"Sen Canavar m\u0131s\u0131n Acaba?"},"content":{"rendered":"<p>D\u0130KKAT! Bu kitapta canavar var. \u00c7ok k\u0131zg\u0131n, fena h\u00e2lde korkun\u00e7 ve yedi bela bir canavar\u2026 Yani en az\u0131ndan o \u00f6yle s\u00f6yl\u00fcyor! Ve kendisi gibi canavar bir arkada\u015f ar\u0131yor. \u015eeyyy, sen\u2026 evet evet sen, bu sat\u0131rlar\u0131 okuyan arkada\u015f\u2026 SEN canavar m\u0131s\u0131n acaba?   \u00d6d\u00fcll\u00fc yazar \u00e7izer Guilherme Karsten\u2019in on iki dile \u00e7evrilen, 2024 BookTrust Storytime \u00d6d\u00fcl\u00fc sahibi eseri SEN CANAVAR MISIN ACABA? \u00e7ocuklar\u0131 \u201ccanavarl\u0131k yeteneklerini\u201d konu\u015fturmaya davet ederken k\u0131k\u0131r k\u0131k\u0131r g\u00fcld\u00fcren m\u00fcthi\u015f e\u011flenceli bir interaktif kitap. <\/p>\n","protected":false},"excerpt":{"rendered":"<p>D\u0130KKAT! Bu kitapta canavar var. \u00c7ok k\u0131zg\u0131n, fena h\u00e2lde korkun\u00e7 ve yedi bela bir canavar\u2026 Yani en az\u0131ndan o \u00f6yle s\u00f6yl\u00fcyor! Ve kendisi gibi canavar bir<span class=\"excerpt-hellip\"> [\u2026]<\/span><\/p>\n","protected":false},"featured_media":0,"template":"","meta":{"_monsterinsights_skip_tracking":false,"_monsterinsights_sitenote_active":false,"_monsterinsights_sitenote_note":"","_monsterinsights_sitenote_category":0},"product_brand":[],"product_cat":[12274,12518],"product_tag":[],"class_list":{"0":"post-776994","1":"product","2":"type-product","3":"status-publish","5":"product_cat-cocuk-ve-genclik-kitaplari","6":"product_cat-okul-oncesi-kitaplar","7":"pa_cilt-ciltsiz","8":"pa_tur-kitap","9":"pa_yayinevi-domingo-yayinevi","10":"pa_yazar-guilherme-karsten","12":"first","13":"instock","14":"sale","15":"shipping-taxable","16":"purchasable","17":"product-type-simple"},"_links":{"self":[{"href":"https:\/\/roveyayinevi.com.tr\/index.php\/wp-json\/wp\/v2\/product\/776994","targetHints":{"allow":["GET"]}}],"collection":[{"href":"https:\/\/roveyayinevi.com.tr\/index.php\/wp-json\/wp\/v2\/product"}],"about":[{"href":"https:\/\/roveyayinevi.com.tr\/index.php\/wp-json\/wp\/v2\/types\/product"}],"wp:attachment":[{"href":"https:\/\/roveyayinevi.com.tr\/index.php\/wp-json\/wp\/v2\/media?parent=776994"}],"wp:term":[{"taxonomy":"product_brand","embeddable":true,"href":"https:\/\/roveyayinevi.com.tr\/index.php\/wp-json\/wp\/v2\/product_brand?post=776994"},{"taxonomy":"product_cat","embeddable":true,"href":"https:\/\/roveyayinevi.com.tr\/index.php\/wp-json\/wp\/v2\/product_cat?post=776994"},{"taxonomy":"product_tag","embeddable":true,"href":"https:\/\/roveyayinevi.com.tr\/index.php\/wp-json\/wp\/v2\/product_tag?post=776994"}],"curies":[{"name":"wp","href":"https:\/\/api.w.org\/{rel}","templated":true}]}}