{"id":776976,"date":"2025-10-08T15:51:56","date_gmt":"2025-10-08T12:51:56","guid":{"rendered":"https:\/\/roveyayinevi.com.tr\/index.php\/urun\/karsilastirmali-egitim-sistemleri\/"},"modified":"2026-04-16T02:57:34","modified_gmt":"2026-04-15T23:57:34","slug":"karsilastirmali-egitim-sistemleri","status":"publish","type":"product","link":"https:\/\/roveyayinevi.com.tr\/index.php\/urun\/karsilastirmali-egitim-sistemleri\/","title":{"rendered":"Kar\u015f\u0131la\u015ft\u0131rmal\u0131 E\u011fitim Sistemleri"},"content":{"rendered":"<p>\u0130nceleme kapsam\u0131na al\u0131nan \u00fclkelerin e\u011fitim sistemleri a\u00e7\u0131s\u0131ndan \u00f6nemli reform ve geli\u015fmeler ya\u015fad\u0131klar\u0131 ve di\u011fer d\u00fcnya \u00fclkelerini de bu geli\u015fim ve de\u011fi\u015fimlerle etkiledikleri d\u00fc\u015f\u00fcn\u00fclmektedir. Se\u00e7ilen \u00fclkelerin e\u011fitim sistemleri incelenirken; e\u011fitim sistemlerinin yap\u0131s\u0131, i\u015fleyi\u015fi, \u00f6\u011fretim kademeleri, \u00f6\u011fretmen yeti\u015ftirme, okul y\u00f6neticisi ve denetmen yeti\u015ftirme yap\u0131lar\u0131 incelenmi\u015ftir.   Ayr\u0131ca Covid-19 s\u00fcrecinin ba\u015flamas\u0131yla birlikte e\u011fitim sistemlerindeki de\u011fi\u015fimler, yenilikler incelenerek \u00fclkelerin e\u011fitim sistemleri T\u00fcrk e\u011fitim sistemiyle ve Kuzey K\u0131br\u0131s T\u00fcrk Cumhuriyeti e\u011fitim sistemi ile kar\u015f\u0131la\u015ft\u0131r\u0131lm\u0131\u015ft\u0131r.   Bu kar\u015f\u0131la\u015ft\u0131rmalara ek olarak \u00f6zel kar\u015f\u0131la\u015ft\u0131rma \u00e7al\u0131\u015fmalar\u0131na da yer verilmi\u015ftir.<\/p>\n","protected":false},"excerpt":{"rendered":"<p>\u0130nceleme kapsam\u0131na al\u0131nan \u00fclkelerin e\u011fitim sistemleri a\u00e7\u0131s\u0131ndan \u00f6nemli reform ve geli\u015fmeler ya\u015fad\u0131klar\u0131 ve di\u011fer d\u00fcnya \u00fclkelerini de bu geli\u015fim ve de\u011fi\u015fimlerle etkiledikleri d\u00fc\u015f\u00fcn\u00fclmektedir. Se\u00e7ilen \u00fclkelerin e\u011fitim<span class=\"excerpt-hellip\"> [\u2026]<\/span><\/p>\n","protected":false},"featured_media":0,"template":"","meta":{"_monsterinsights_skip_tracking":false,"_monsterinsights_sitenote_active":false,"_monsterinsights_sitenote_note":"","_monsterinsights_sitenote_category":0},"product_brand":[],"product_cat":[12573,12566],"product_tag":[],"class_list":{"0":"post-776976","1":"product","2":"type-product","3":"status-publish","5":"product_cat-akademik-kitaplar","6":"product_cat-egitim","7":"pa_cilt-ciltsiz","8":"pa_tur-kitap","9":"pa_yayinevi-egiten-kitap","10":"pa_yazar-osman-vaiz","12":"first","13":"instock","14":"sale","15":"shipping-taxable","16":"purchasable","17":"product-type-simple"},"_links":{"self":[{"href":"https:\/\/roveyayinevi.com.tr\/index.php\/wp-json\/wp\/v2\/product\/776976","targetHints":{"allow":["GET"]}}],"collection":[{"href":"https:\/\/roveyayinevi.com.tr\/index.php\/wp-json\/wp\/v2\/product"}],"about":[{"href":"https:\/\/roveyayinevi.com.tr\/index.php\/wp-json\/wp\/v2\/types\/product"}],"wp:attachment":[{"href":"https:\/\/roveyayinevi.com.tr\/index.php\/wp-json\/wp\/v2\/media?parent=776976"}],"wp:term":[{"taxonomy":"product_brand","embeddable":true,"href":"https:\/\/roveyayinevi.com.tr\/index.php\/wp-json\/wp\/v2\/product_brand?post=776976"},{"taxonomy":"product_cat","embeddable":true,"href":"https:\/\/roveyayinevi.com.tr\/index.php\/wp-json\/wp\/v2\/product_cat?post=776976"},{"taxonomy":"product_tag","embeddable":true,"href":"https:\/\/roveyayinevi.com.tr\/index.php\/wp-json\/wp\/v2\/product_tag?post=776976"}],"curies":[{"name":"wp","href":"https:\/\/api.w.org\/{rel}","templated":true}]}}