{"id":776975,"date":"2025-10-08T14:52:56","date_gmt":"2025-10-08T11:52:56","guid":{"rendered":"https:\/\/roveyayinevi.com.tr\/index.php\/urun\/60-numarali-kurt\/"},"modified":"2026-04-16T02:45:37","modified_gmt":"2026-04-15T23:45:37","slug":"60-numarali-kurt","status":"publish","type":"product","link":"https:\/\/roveyayinevi.com.tr\/index.php\/urun\/60-numarali-kurt\/","title":{"rendered":"60 Numaral\u0131 Kurt"},"content":{"rendered":"<p>Ortaokula ba\u015flayan Zek hayat\u0131nda ilk defa kabu\u011fundan \u00e7\u0131kar ve arkada\u015f edinmenin tad\u0131na var\u0131r. Ama annesinin dinmek bilmeyen kayg\u0131lar\u0131 k\u0131sa zamanda t\u00fcm hayat\u0131n\u0131 alt\u00fcst edecektir. \u00dcstelik \u015fehrin kurucusu oldu\u011fu rivayet edilen efsanevi kurt Beyazkuyruk r\u00fcyalar\u0131nda belirip durmaktad\u0131r.   60 Numaral\u0131 Kurt, d\u00fc\u015fler ve ay \u0131\u015f\u0131\u011f\u0131 ile dolu sihirli bir de\u011fi\u015fim hik\u00e2yesi. <\/p>\n","protected":false},"excerpt":{"rendered":"<p>Ortaokula ba\u015flayan Zek hayat\u0131nda ilk defa kabu\u011fundan \u00e7\u0131kar ve arkada\u015f edinmenin tad\u0131na var\u0131r. Ama annesinin dinmek bilmeyen kayg\u0131lar\u0131 k\u0131sa zamanda t\u00fcm hayat\u0131n\u0131 alt\u00fcst edecektir. \u00dcstelik \u015fehrin<span class=\"excerpt-hellip\"> [\u2026]<\/span><\/p>\n","protected":false},"featured_media":0,"template":"","meta":{"_monsterinsights_skip_tracking":false,"_monsterinsights_sitenote_active":false,"_monsterinsights_sitenote_note":"","_monsterinsights_sitenote_category":0},"product_brand":[],"product_cat":[12275,12274],"product_tag":[],"class_list":{"0":"post-776975","1":"product","2":"type-product","3":"status-publish","5":"product_cat-6-12-yas-kitaplari","6":"product_cat-cocuk-ve-genclik-kitaplari","7":"pa_cilt-ciltsiz","8":"pa_tur-kitap","9":"pa_yayinevi-dogan-cocuk","10":"pa_yazar-sila-baki-alkan","12":"first","13":"instock","14":"sale","15":"shipping-taxable","16":"purchasable","17":"product-type-simple"},"_links":{"self":[{"href":"https:\/\/roveyayinevi.com.tr\/index.php\/wp-json\/wp\/v2\/product\/776975","targetHints":{"allow":["GET"]}}],"collection":[{"href":"https:\/\/roveyayinevi.com.tr\/index.php\/wp-json\/wp\/v2\/product"}],"about":[{"href":"https:\/\/roveyayinevi.com.tr\/index.php\/wp-json\/wp\/v2\/types\/product"}],"wp:attachment":[{"href":"https:\/\/roveyayinevi.com.tr\/index.php\/wp-json\/wp\/v2\/media?parent=776975"}],"wp:term":[{"taxonomy":"product_brand","embeddable":true,"href":"https:\/\/roveyayinevi.com.tr\/index.php\/wp-json\/wp\/v2\/product_brand?post=776975"},{"taxonomy":"product_cat","embeddable":true,"href":"https:\/\/roveyayinevi.com.tr\/index.php\/wp-json\/wp\/v2\/product_cat?post=776975"},{"taxonomy":"product_tag","embeddable":true,"href":"https:\/\/roveyayinevi.com.tr\/index.php\/wp-json\/wp\/v2\/product_tag?post=776975"}],"curies":[{"name":"wp","href":"https:\/\/api.w.org\/{rel}","templated":true}]}}