{"id":776974,"date":"2025-10-08T14:35:15","date_gmt":"2025-10-08T11:35:15","guid":{"rendered":"https:\/\/roveyayinevi.com.tr\/index.php\/urun\/kucuk-bay-ve-bayanlar-meraklilar-kulubu-merak-ediyor\/"},"modified":"2026-04-16T02:41:37","modified_gmt":"2026-04-15T23:41:37","slug":"kucuk-bay-ve-bayanlar-meraklilar-kulubu-merak-ediyor","status":"publish","type":"product","link":"https:\/\/roveyayinevi.com.tr\/index.php\/urun\/kucuk-bay-ve-bayanlar-meraklilar-kulubu-merak-ediyor\/","title":{"rendered":"K\u00fc\u00e7\u00fck Bay Ve Bayanlar &#8211; Merakl\u0131lar Kul\u00fcb\u00fc Merak Ediyor"},"content":{"rendered":"<p>K\u00fc\u00e7\u00fck Bay ve Bayanlar Merakl\u0131lar Kul\u00fcb\u00fc, \u00e7ocuklar\u0131 hayata merakl\u0131 g\u00f6zlerle bakmaya \u00e7a\u011f\u0131r\u0131yor. K\u00fc\u00e7\u00fck Bay ve Bayanlar\u0131n renkli d\u00fcnyas\u0131nda ge\u00e7en bilgi ve ne\u015fe dolu maceralar t\u00fcrl\u00fc konuda \u00e7ocuklar\u0131n merak\u0131n\u0131 giderecek, onlar\u0131 \u00e7ok e\u011flendirecek! <\/p>\n","protected":false},"excerpt":{"rendered":"<p>K\u00fc\u00e7\u00fck Bay ve Bayanlar Merakl\u0131lar Kul\u00fcb\u00fc, \u00e7ocuklar\u0131 hayata merakl\u0131 g\u00f6zlerle bakmaya \u00e7a\u011f\u0131r\u0131yor. K\u00fc\u00e7\u00fck Bay ve Bayanlar\u0131n renkli d\u00fcnyas\u0131nda ge\u00e7en bilgi ve ne\u015fe dolu maceralar t\u00fcrl\u00fc konuda<span class=\"excerpt-hellip\"> [\u2026]<\/span><\/p>\n","protected":false},"featured_media":0,"template":"","meta":{"_monsterinsights_skip_tracking":false,"_monsterinsights_sitenote_active":false,"_monsterinsights_sitenote_note":"","_monsterinsights_sitenote_category":0},"product_brand":[],"product_cat":[12913,12274],"product_tag":[],"class_list":{"0":"post-776974","1":"product","2":"type-product","3":"status-publish","5":"product_cat-3-6-yas-kitaplari","6":"product_cat-cocuk-ve-genclik-kitaplari","7":"pa_cilt-ciltsiz","8":"pa_tur-kitap","9":"pa_yayinevi-dogan-egmont-yayincilik","10":"pa_yazar-dogan-egmont-kolektif","12":"first","13":"instock","14":"sale","15":"shipping-taxable","16":"purchasable","17":"product-type-simple"},"_links":{"self":[{"href":"https:\/\/roveyayinevi.com.tr\/index.php\/wp-json\/wp\/v2\/product\/776974","targetHints":{"allow":["GET"]}}],"collection":[{"href":"https:\/\/roveyayinevi.com.tr\/index.php\/wp-json\/wp\/v2\/product"}],"about":[{"href":"https:\/\/roveyayinevi.com.tr\/index.php\/wp-json\/wp\/v2\/types\/product"}],"wp:attachment":[{"href":"https:\/\/roveyayinevi.com.tr\/index.php\/wp-json\/wp\/v2\/media?parent=776974"}],"wp:term":[{"taxonomy":"product_brand","embeddable":true,"href":"https:\/\/roveyayinevi.com.tr\/index.php\/wp-json\/wp\/v2\/product_brand?post=776974"},{"taxonomy":"product_cat","embeddable":true,"href":"https:\/\/roveyayinevi.com.tr\/index.php\/wp-json\/wp\/v2\/product_cat?post=776974"},{"taxonomy":"product_tag","embeddable":true,"href":"https:\/\/roveyayinevi.com.tr\/index.php\/wp-json\/wp\/v2\/product_tag?post=776974"}],"curies":[{"name":"wp","href":"https:\/\/api.w.org\/{rel}","templated":true}]}}