{"id":776970,"date":"2025-10-08T12:51:10","date_gmt":"2025-10-08T09:51:10","guid":{"rendered":"https:\/\/roveyayinevi.com.tr\/index.php\/urun\/dirilis-10\/"},"modified":"2026-04-16T02:26:47","modified_gmt":"2026-04-15T23:26:47","slug":"dirilis-10","status":"publish","type":"product","link":"https:\/\/roveyayinevi.com.tr\/index.php\/urun\/dirilis-10\/","title":{"rendered":"Dirili\u015f"},"content":{"rendered":"<p>\u201cTanr\u0131 \u00e2lemindeki ger\u00e7e\u011fi aray\u0131n; geri kalan her \u015fey verilecektir size. Fakat biz, geri kalan \u015feyleri ar\u0131yor ve bulam\u0131yoruz.\u201d \u0130nsan bir gen\u00e7lik heyecan\u0131n\u0131n masum bir k\u0131z\u0131n hayat\u0131na mal olaca\u011f\u0131n\u0131 bilebilir mi? Hz. \u0130sa\u2019n\u0131n nurlar i\u00e7inde dirili\u015fine rastlayan pazar arifesinde Prens Nehludov\u2019un ba\u015ftan \u00e7\u0131kard\u0131\u011f\u0131 \u00e7ocuk ya\u015ftaki hizmet\u00e7i Katyu\u015fa, y\u0131llar sonra prensin kar\u015f\u0131s\u0131na bir cinayet zanl\u0131s\u0131 olarak \u00e7\u0131kar. Sonunu d\u00fc\u015f\u00fcnmeden ya\u015fad\u0131\u011f\u0131 bir gecelik ili\u015fki, ard\u0131na bakmadan b\u0131rak\u0131p gitti\u011fi gen\u00e7 k\u0131z\u0131n ya\u015fam\u0131n\u0131n mahvolmas\u0131na yol a\u00e7m\u0131\u015ft\u0131r. Gen\u00e7 asilzade ya\u015fam\u0131, \u00fclkesinin ger\u00e7eklerini, herkese e\u015fit da\u011f\u0131t\u0131lmayan adaleti sorgular. Vicdan azab\u0131 onu, sonu gelmez bir hukuk m\u00fccadelesinin i\u00e7ine iter. Manen \u00f6lm\u00fc\u015f ama bu m\u00fccadeleyle yeniden do\u011fmu\u015ftur sanki&#8230; <\/p>\n","protected":false},"excerpt":{"rendered":"<p>\u201cTanr\u0131 \u00e2lemindeki ger\u00e7e\u011fi aray\u0131n; geri kalan her \u015fey verilecektir size. Fakat biz, geri kalan \u015feyleri ar\u0131yor ve bulam\u0131yoruz.\u201d \u0130nsan bir gen\u00e7lik heyecan\u0131n\u0131n masum bir k\u0131z\u0131n hayat\u0131na<span class=\"excerpt-hellip\"> [\u2026]<\/span><\/p>\n","protected":false},"featured_media":0,"template":"","meta":{"_monsterinsights_skip_tracking":false,"_monsterinsights_sitenote_active":false,"_monsterinsights_sitenote_note":"","_monsterinsights_sitenote_category":0},"product_brand":[],"product_cat":[12291,13872],"product_tag":[],"class_list":{"0":"post-776970","1":"product","2":"type-product","3":"status-publish","5":"product_cat-edebiyat","6":"product_cat-klasikler","7":"pa_cilt-ciltsiz","8":"pa_tur-kitap","9":"pa_yayinevi-can-yayinlari","10":"pa_yazar-lev-nikolayevic-tolstoy","12":"first","13":"instock","14":"sale","15":"shipping-taxable","16":"purchasable","17":"product-type-simple"},"_links":{"self":[{"href":"https:\/\/roveyayinevi.com.tr\/index.php\/wp-json\/wp\/v2\/product\/776970","targetHints":{"allow":["GET"]}}],"collection":[{"href":"https:\/\/roveyayinevi.com.tr\/index.php\/wp-json\/wp\/v2\/product"}],"about":[{"href":"https:\/\/roveyayinevi.com.tr\/index.php\/wp-json\/wp\/v2\/types\/product"}],"wp:attachment":[{"href":"https:\/\/roveyayinevi.com.tr\/index.php\/wp-json\/wp\/v2\/media?parent=776970"}],"wp:term":[{"taxonomy":"product_brand","embeddable":true,"href":"https:\/\/roveyayinevi.com.tr\/index.php\/wp-json\/wp\/v2\/product_brand?post=776970"},{"taxonomy":"product_cat","embeddable":true,"href":"https:\/\/roveyayinevi.com.tr\/index.php\/wp-json\/wp\/v2\/product_cat?post=776970"},{"taxonomy":"product_tag","embeddable":true,"href":"https:\/\/roveyayinevi.com.tr\/index.php\/wp-json\/wp\/v2\/product_tag?post=776970"}],"curies":[{"name":"wp","href":"https:\/\/api.w.org\/{rel}","templated":true}]}}