{"id":776968,"date":"2025-10-08T12:16:46","date_gmt":"2025-10-08T09:16:46","guid":{"rendered":"https:\/\/roveyayinevi.com.tr\/index.php\/urun\/doktor-glas-2\/"},"modified":"2026-04-11T13:41:47","modified_gmt":"2026-04-11T10:41:47","slug":"doktor-glas-2","status":"publish","type":"product","link":"https:\/\/roveyayinevi.com.tr\/index.php\/urun\/doktor-glas-2\/","title":{"rendered":"Doktor Glas"},"content":{"rendered":"<p>\u201cBir \u0130skandinav Ba\u015fyap\u0131t\u0131.\u201d   \u2014Time \u201cS\u00fcr\u00fckleyici bir kitap\u2026 Evlili\u011fi bir kenara atm\u0131\u015f ve a\u015fk\u0131 \u0131skalayan bir adam\u0131n \u00fcmitsizli\u011finin ve ya\u015fad\u0131\u011f\u0131 d\u00f6nemin g\u00fc\u00e7l\u00fc ve yal\u0131n bir anlat\u0131m\u0131\u2026 Doktor Glas hayallerini ger\u00e7e\u011fe d\u00f6n\u00fc\u015ft\u00fcr\u00fcyor ve bu kitap belki Freud\u2019un \u201cR\u00fcyalar\u0131n Yorumu\u201d kitab\u0131n\u0131 and\u0131ran ilk roman.   \u2014The Times Literary Supplement \u201cOla\u011fan\u00fcst\u00fc\u2026  Nadir kalitede bir kitap\u2026 Ger\u00e7ek bir beceri eseri\u201d    \u2014Glasgow Herald \u201cBir ba\u015fyap\u0131t\u0131n milyarlarca kelimeye ihtiya\u00e7 duymayaca\u011f\u0131n\u0131 hepimize keskin bir dille hat\u0131rlat\u0131yor.\u201d       \u2014Sunday Telegraph \u201cMuhte\u015fem bir sadelik ve derinlik\u2026  Yaln\u0131zl\u0131k ve Romantizmin birlikteli\u011finin hik\u00e2yesi.\u201d             \u2014The Guardian \u201cBir ba\u015fyap\u0131t olarak kolayca tan\u0131nabilecek bir kitap.\u201d                             \u2014The Observer <\/p>\n","protected":false},"excerpt":{"rendered":"<p>\u201cBir \u0130skandinav Ba\u015fyap\u0131t\u0131.\u201d \u2014Time \u201cS\u00fcr\u00fckleyici bir kitap\u2026 Evlili\u011fi bir kenara atm\u0131\u015f ve a\u015fk\u0131 \u0131skalayan bir adam\u0131n \u00fcmitsizli\u011finin ve ya\u015fad\u0131\u011f\u0131 d\u00f6nemin g\u00fc\u00e7l\u00fc ve yal\u0131n bir anlat\u0131m\u0131\u2026 Doktor<span class=\"excerpt-hellip\"> [\u2026]<\/span><\/p>\n","protected":false},"featured_media":0,"template":"","meta":{"_monsterinsights_skip_tracking":false,"_monsterinsights_sitenote_active":false,"_monsterinsights_sitenote_note":"","_monsterinsights_sitenote_category":0},"product_brand":[],"product_cat":[12291,12711],"product_tag":[],"class_list":{"0":"post-776968","1":"product","2":"type-product","3":"status-publish","5":"product_cat-edebiyat","6":"product_cat-roman-oyku","7":"pa_cilt-ciltsiz","8":"pa_tur-kitap","9":"pa_yayinevi-kuzey-isigi-yayinlari","10":"pa_yazar-hjalmar-soderberg","12":"first","13":"instock","14":"sale","15":"shipping-taxable","16":"purchasable","17":"product-type-simple"},"_links":{"self":[{"href":"https:\/\/roveyayinevi.com.tr\/index.php\/wp-json\/wp\/v2\/product\/776968","targetHints":{"allow":["GET"]}}],"collection":[{"href":"https:\/\/roveyayinevi.com.tr\/index.php\/wp-json\/wp\/v2\/product"}],"about":[{"href":"https:\/\/roveyayinevi.com.tr\/index.php\/wp-json\/wp\/v2\/types\/product"}],"wp:attachment":[{"href":"https:\/\/roveyayinevi.com.tr\/index.php\/wp-json\/wp\/v2\/media?parent=776968"}],"wp:term":[{"taxonomy":"product_brand","embeddable":true,"href":"https:\/\/roveyayinevi.com.tr\/index.php\/wp-json\/wp\/v2\/product_brand?post=776968"},{"taxonomy":"product_cat","embeddable":true,"href":"https:\/\/roveyayinevi.com.tr\/index.php\/wp-json\/wp\/v2\/product_cat?post=776968"},{"taxonomy":"product_tag","embeddable":true,"href":"https:\/\/roveyayinevi.com.tr\/index.php\/wp-json\/wp\/v2\/product_tag?post=776968"}],"curies":[{"name":"wp","href":"https:\/\/api.w.org\/{rel}","templated":true}]}}