{"id":776967,"date":"2025-10-08T12:13:19","date_gmt":"2025-10-08T09:13:19","guid":{"rendered":"https:\/\/roveyayinevi.com.tr\/index.php\/urun\/bizimle-kal-ogretmenim-siniftan-yukselen-sesler-3\/"},"modified":"2026-04-16T02:21:46","modified_gmt":"2026-04-15T23:21:46","slug":"bizimle-kal-ogretmenim-siniftan-yukselen-sesler-3","status":"publish","type":"product","link":"https:\/\/roveyayinevi.com.tr\/index.php\/urun\/bizimle-kal-ogretmenim-siniftan-yukselen-sesler-3\/","title":{"rendered":"Bizimle Kal \u00d6\u011fretmenim &#8211; S\u0131n\u0131ftan Y\u00fckselen Sesler 3"},"content":{"rendered":"<p>Snow Hill Okulunda macera devam ediyor. Yazar\u0131n ilk kitab\u0131 \u201cS\u0131n\u0131ftan Y\u00fckselen Sesler\u201c sayesinde tan\u0131d\u0131\u011f\u0131m\u0131z yedi arkada\u015f art\u0131k yedinci s\u0131n\u0131fa ba\u015fl\u0131yor. Ortaokulun ayr\u0131l\u0131klar ve zorluklar getirece\u011fi asl\u0131nda her birinin ayr\u0131 s\u0131n\u0131flara d\u00fc\u015fmesinden belliydi. B\u00fcy\u00fck (!) anla\u015fmazl\u0131klar nedeniyle kopma noktas\u0131na gelen dostuklar\u0131, \u00e7ok sevdikleri \u00f6\u011fretmenlerinin yard\u0131m\u0131yla peki\u015fip daha da g\u00fc\u00e7lenecekti. Bu arada ekip, as\u0131l yard\u0131ma ihtiya\u00e7 duya- n\u0131n \u00f6\u011fretmenleri oldu\u011funu tam zaman\u0131nda g\u00f6recekti. Yedinci s\u0131n\u0131fta da dertler bitmiyor! Alexia\u2019n\u0131n burnunda- ki sivilce, Peter\u2019\u0131n bir t\u00fcrl\u00fc \u00e7\u0131kmayan sakallar\u0131, Jessi- ca\u2019n\u0131n babas\u0131yla kar\u015f\u0131la\u015fmas\u0131&#8230; Ya\u015fad\u0131klar\u0131m\u0131z kar\u015f\u0131s\u0131nda bazen \u00e7aresiz kald\u0131\u011f\u0131m\u0131z\u0131 d\u00fc\u015f\u00fcn\u00fcp \u00fcz\u00fclebiliriz, bazen de durduk yere kendimize gereksiz dertler ediniriz. Rob Buyea roman\u0131nda b\u00fct\u00fcn bu zorluklar\u0131 nas\u0131l a\u015faca\u011f\u0131- m\u0131z\u0131 bizlere tekrar hat\u0131rlat\u0131yor; yard\u0131mla\u015fma, dostluk ve tabii ki sevgiyle&#8230; <\/p>\n","protected":false},"excerpt":{"rendered":"<p>Snow Hill Okulunda macera devam ediyor. Yazar\u0131n ilk kitab\u0131 \u201cS\u0131n\u0131ftan Y\u00fckselen Sesler\u201c sayesinde tan\u0131d\u0131\u011f\u0131m\u0131z yedi arkada\u015f art\u0131k yedinci s\u0131n\u0131fa ba\u015fl\u0131yor. Ortaokulun ayr\u0131l\u0131klar ve zorluklar getirece\u011fi asl\u0131nda<span class=\"excerpt-hellip\"> [\u2026]<\/span><\/p>\n","protected":false},"featured_media":0,"template":"","meta":{"_monsterinsights_skip_tracking":false,"_monsterinsights_sitenote_active":false,"_monsterinsights_sitenote_note":"","_monsterinsights_sitenote_category":0},"product_brand":[],"product_cat":[12291,15117],"product_tag":[],"class_list":{"0":"post-776967","1":"product","2":"type-product","3":"status-publish","5":"product_cat-edebiyat","6":"product_cat-genclik-edebiyati","7":"pa_cilt-ciltsiz","8":"pa_tur-kitap","9":"pa_yayinevi-altin-kitaplar","10":"pa_yazar-rob-buyea","12":"first","13":"instock","14":"sale","15":"shipping-taxable","16":"purchasable","17":"product-type-simple"},"_links":{"self":[{"href":"https:\/\/roveyayinevi.com.tr\/index.php\/wp-json\/wp\/v2\/product\/776967","targetHints":{"allow":["GET"]}}],"collection":[{"href":"https:\/\/roveyayinevi.com.tr\/index.php\/wp-json\/wp\/v2\/product"}],"about":[{"href":"https:\/\/roveyayinevi.com.tr\/index.php\/wp-json\/wp\/v2\/types\/product"}],"wp:attachment":[{"href":"https:\/\/roveyayinevi.com.tr\/index.php\/wp-json\/wp\/v2\/media?parent=776967"}],"wp:term":[{"taxonomy":"product_brand","embeddable":true,"href":"https:\/\/roveyayinevi.com.tr\/index.php\/wp-json\/wp\/v2\/product_brand?post=776967"},{"taxonomy":"product_cat","embeddable":true,"href":"https:\/\/roveyayinevi.com.tr\/index.php\/wp-json\/wp\/v2\/product_cat?post=776967"},{"taxonomy":"product_tag","embeddable":true,"href":"https:\/\/roveyayinevi.com.tr\/index.php\/wp-json\/wp\/v2\/product_tag?post=776967"}],"curies":[{"name":"wp","href":"https:\/\/api.w.org\/{rel}","templated":true}]}}