{"id":776965,"date":"2025-10-08T11:44:49","date_gmt":"2025-10-08T08:44:49","guid":{"rendered":"https:\/\/roveyayinevi.com.tr\/index.php\/urun\/genel-biyoloji-2\/"},"modified":"2025-10-08T11:44:49","modified_gmt":"2025-10-08T08:44:49","slug":"genel-biyoloji-2","status":"publish","type":"product","link":"https:\/\/roveyayinevi.com.tr\/index.php\/urun\/genel-biyoloji-2\/","title":{"rendered":"Genel Biyoloji"},"content":{"rendered":"<p>Bu ders kitab\u0131 en yeni ve en kapsaml\u0131 kaynaklar kullan\u0131larak haz\u0131rlanm\u0131\u015ft\u0131r. Genel Biyoloji dersinin bir d\u00f6nemde verildi\u011fi de\u011fi\u015fik fak\u00fclte ve b\u00f6l\u00fcmlerin ihtiya\u00e7lar\u0131 g\u00f6z \u00f6n\u00fcne al\u0131narak bilgiler fazla ayr\u0131nt\u0131ya girmeden \u00f6zl\u00fc bir \u015fekilde sunulmu\u015ftur. Bilgilerin anla\u015f\u0131labilir olmas\u0131 i\u00e7in \u00e7ok say\u0131da \u015fekil ve tablo ile desteklenmi\u015ftir. <\/p>\n","protected":false},"excerpt":{"rendered":"<p>Bu ders kitab\u0131 en yeni ve en kapsaml\u0131 kaynaklar kullan\u0131larak haz\u0131rlanm\u0131\u015ft\u0131r. Genel Biyoloji dersinin bir d\u00f6nemde verildi\u011fi de\u011fi\u015fik fak\u00fclte ve b\u00f6l\u00fcmlerin ihtiya\u00e7lar\u0131 g\u00f6z \u00f6n\u00fcne al\u0131narak bilgiler<span class=\"excerpt-hellip\"> [\u2026]<\/span><\/p>\n","protected":false},"featured_media":0,"template":"","meta":{"_monsterinsights_skip_tracking":false,"_monsterinsights_sitenote_active":false,"_monsterinsights_sitenote_note":"","_monsterinsights_sitenote_category":0},"product_brand":[],"product_cat":[12573,12566],"product_tag":[],"class_list":{"0":"post-776965","1":"product","2":"type-product","3":"status-publish","5":"product_cat-akademik-kitaplar","6":"product_cat-egitim","7":"pa_cilt-ciltsiz","8":"pa_tur-kitap","9":"pa_yayinevi-nobel-akademik-yayincilik","10":"pa_yazar-komisyon","12":"first","13":"instock","14":"sale","15":"shipping-taxable","16":"purchasable","17":"product-type-simple"},"_links":{"self":[{"href":"https:\/\/roveyayinevi.com.tr\/index.php\/wp-json\/wp\/v2\/product\/776965","targetHints":{"allow":["GET"]}}],"collection":[{"href":"https:\/\/roveyayinevi.com.tr\/index.php\/wp-json\/wp\/v2\/product"}],"about":[{"href":"https:\/\/roveyayinevi.com.tr\/index.php\/wp-json\/wp\/v2\/types\/product"}],"wp:attachment":[{"href":"https:\/\/roveyayinevi.com.tr\/index.php\/wp-json\/wp\/v2\/media?parent=776965"}],"wp:term":[{"taxonomy":"product_brand","embeddable":true,"href":"https:\/\/roveyayinevi.com.tr\/index.php\/wp-json\/wp\/v2\/product_brand?post=776965"},{"taxonomy":"product_cat","embeddable":true,"href":"https:\/\/roveyayinevi.com.tr\/index.php\/wp-json\/wp\/v2\/product_cat?post=776965"},{"taxonomy":"product_tag","embeddable":true,"href":"https:\/\/roveyayinevi.com.tr\/index.php\/wp-json\/wp\/v2\/product_tag?post=776965"}],"curies":[{"name":"wp","href":"https:\/\/api.w.org\/{rel}","templated":true}]}}