{"id":776961,"date":"2025-10-08T10:42:02","date_gmt":"2025-10-08T07:42:02","guid":{"rendered":"https:\/\/roveyayinevi.com.tr\/index.php\/urun\/modern-toplumsal-tahayyuller\/"},"modified":"2026-02-03T02:14:38","modified_gmt":"2026-02-02T23:14:38","slug":"modern-toplumsal-tahayyuller","status":"publish","type":"product","link":"https:\/\/roveyayinevi.com.tr\/index.php\/urun\/modern-toplumsal-tahayyuller\/","title":{"rendered":"Modern Toplumsal Tahayy\u00fcller"},"content":{"rendered":"<p>Charles Taylor, modernli\u011fin bug\u00fcn art\u0131k &#8220;do\u011fal&#8221; g\u00f6r\u00fclecek \u00f6l\u00e7\u00fcde hayatlar\u0131m\u0131za sirayet etmi\u015f ve\u00e7helerinin alt\u0131n\u0131 kaz\u0131yan, bunu yaparken modern bireyi ku\u015fatan d\u00fcnyay\u0131 anlamland\u0131rma tarzlar\u0131n\u0131 ve bu tarzlar\u0131n tarihini a\u00e7\u0131\u011fa \u00e7\u0131karan kitaplar\u0131yla tan\u0131nm\u0131\u015ft\u0131r. Burada, felsefedeki klasik idealizm-materyalizm tart\u0131\u015fmalar\u0131n\u0131n \u00f6tesine ge\u00e7meye \u00e7al\u0131\u015farak \u00f6nemli bir kavram geli\u015ftiriyor: her insan toplulu\u011funun toplumsal hayat\u0131 kolektif olarak in\u015fa ederken ba\u015fvurdu\u011fu ve bu &#8220;in\u015fa&#8221; \u00e7abalar\u0131na y\u00f6n ve anlam veren &#8220;toplumsal tahayy\u00fcller&#8221; kavram\u0131. \u0130\u015fte bu kitab\u0131nda Bat\u0131 moderli\u011finin tarihini, toplumsal tahayy\u00fcl\u00fcndeki de\u011fi\u015fimler \u00fczerinden anlatmaya \u00e7al\u0131\u015f\u0131yor. Taylor, bir\u00e7ok farkl\u0131 modernlik deneyimi bulundu\u011fu kabul\u00fcnden hareket ederek bu deneyimin Bat\u0131\u2019yla \u00f6zde\u015fle\u015ftirilmesine ciddi bir ele\u015ftiri y\u00f6neltiyor. E\u015fit kat\u0131l\u0131mc\u0131lar\u0131n kar\u015f\u0131l\u0131kl\u0131 menfaatlerine dayal\u0131 bir ahlak d\u00fczeni fikriyle hayat bulmu\u015f Bat\u0131l\u0131 toplumsal tahayy\u00fclde \u00fc\u00e7 k\u00fclt\u00fcrel bi\u00e7im bulundu\u011funu s\u00f6yl\u00fcyor: ekonomi, kamusal alan ve halk\u0131n kendi kendini y\u00f6netmesi. Bu \u00fc\u00e7 k\u00fclt\u00fcrel bi\u00e7imin zihinlerde ve pratikte birbiriyle ba\u011flant\u0131l\u0131 olarak nas\u0131l geli\u015fti\u011fini anlat\u0131yor, Bat\u0131\u2019da olsun d\u00fcnyan\u0131n ba\u015fka b\u00f6lgelerinde olsun, modernli\u011fin ve onun can al\u0131c\u0131 bir bile\u015feni olarak sek\u00fclarizmin \u00e7e\u015fitli ve\u00e7helerini anlamaya ve hesapla\u015fmaya odaklan\u0131yor. &#8220;Modernlik&#8221; tart\u0131\u015fmas\u0131n\u0131n miyad\u0131n\u0131 doldurmu\u015f bir &#8220;moda&#8221; olmad\u0131\u011f\u0131n\u0131, konu\u015fulmas\u0131, anla\u015f\u0131lmas\u0131 ve derinle\u015ftirilmesi gereken \u00e7ok \u015fey bulundu\u011funu g\u00f6steriyor Charles Taylor: Bug\u00fcn T\u00fcrkiye\u2019de, bu tart\u0131\u015fman\u0131n i\u015faret etti\u011fi problemlerin tam g\u00f6be\u011finde duruyoruz. \ufffcTan\u0131t\u0131m Metni<\/p>\n","protected":false},"excerpt":{"rendered":"<p>Charles Taylor, modernli\u011fin bug\u00fcn art\u0131k &#8220;do\u011fal&#8221; g\u00f6r\u00fclecek \u00f6l\u00e7\u00fcde hayatlar\u0131m\u0131za sirayet etmi\u015f ve\u00e7helerinin alt\u0131n\u0131 kaz\u0131yan, bunu yaparken modern bireyi ku\u015fatan d\u00fcnyay\u0131 anlamland\u0131rma tarzlar\u0131n\u0131 ve bu tarzlar\u0131n tarihini<span class=\"excerpt-hellip\"> [\u2026]<\/span><\/p>\n","protected":false},"featured_media":0,"template":"","meta":{"_monsterinsights_skip_tracking":false,"_monsterinsights_sitenote_active":false,"_monsterinsights_sitenote_note":"","_monsterinsights_sitenote_category":0},"product_brand":[],"product_cat":[12835,12324],"product_tag":[],"class_list":{"0":"post-776961","1":"product","2":"type-product","3":"status-publish","5":"product_cat-genel-sosyoloji","6":"product_cat-sosyoloji","7":"pa_cilt-ciltsiz","8":"pa_tur-kitap","9":"pa_yayinevi-metis-yayinlari","10":"pa_yazar-charles-taylor","12":"first","13":"instock","14":"sale","15":"shipping-taxable","16":"purchasable","17":"product-type-simple"},"_links":{"self":[{"href":"https:\/\/roveyayinevi.com.tr\/index.php\/wp-json\/wp\/v2\/product\/776961","targetHints":{"allow":["GET"]}}],"collection":[{"href":"https:\/\/roveyayinevi.com.tr\/index.php\/wp-json\/wp\/v2\/product"}],"about":[{"href":"https:\/\/roveyayinevi.com.tr\/index.php\/wp-json\/wp\/v2\/types\/product"}],"wp:attachment":[{"href":"https:\/\/roveyayinevi.com.tr\/index.php\/wp-json\/wp\/v2\/media?parent=776961"}],"wp:term":[{"taxonomy":"product_brand","embeddable":true,"href":"https:\/\/roveyayinevi.com.tr\/index.php\/wp-json\/wp\/v2\/product_brand?post=776961"},{"taxonomy":"product_cat","embeddable":true,"href":"https:\/\/roveyayinevi.com.tr\/index.php\/wp-json\/wp\/v2\/product_cat?post=776961"},{"taxonomy":"product_tag","embeddable":true,"href":"https:\/\/roveyayinevi.com.tr\/index.php\/wp-json\/wp\/v2\/product_tag?post=776961"}],"curies":[{"name":"wp","href":"https:\/\/api.w.org\/{rel}","templated":true}]}}